{"id":128,"date":"2022-06-10T09:26:11","date_gmt":"2022-06-10T07:26:11","guid":{"rendered":"https:\/\/yonifeel.com\/?page_id=128"},"modified":"2023-09-06T16:26:40","modified_gmt":"2023-09-06T14:26:40","slug":"legal-disclaimer","status":"publish","type":"page","link":"https:\/\/yonifeel.com\/fr\/mentions-legales\/","title":{"rendered":"Mentions l\u00e9gales"},"content":{"rendered":"<p>Les produits \u00e0 base de plantes vendus sur ce site ne sont pas des m\u00e9dicaments et ne sont pas destin\u00e9s \u00e0 traiter, gu\u00e9rir ou pr\u00e9venir une maladie ou un \u00e9tat. Les informations fournies sur ce site sont donn\u00e9es \u00e0 titre indicatif et ne constituent pas un avis m\u00e9dical.<\/p>\n\n\n\n<p>Les effets des produits \u00e0 base de plantes vendus sur ce site n'ont pas \u00e9t\u00e9 scientifiquement prouv\u00e9s. Avant de prendre un produit \u00e0 base de plantes, il est important de consulter un professionnel de la sant\u00e9.<\/p>\n\n\n\n<ul class=\"wp-block-list\">\n<li>Risques potentiels : les produits \u00e0 base de plantes peuvent pr\u00e9senter des risques potentiels, notamment des interactions avec d'autres m\u00e9dicaments ou des allergies. Il est important de consulter un professionnel de la sant\u00e9 avant de prendre un produit \u00e0 base de plantes.<\/li>\n\n\n\n<li>Pr\u00e9cautions : Les femmes enceintes ou allaitantes, les enfants et les personnes ayant des probl\u00e8mes de sant\u00e9 sous-jacents doivent consulter un professionnel de la sant\u00e9 avant de prendre un produit \u00e0 base de plantes.<\/li>\n\n\n\n<li>Limitation de responsabilit\u00e9 : Yonifeel d\u00e9cline toute responsabilit\u00e9 pour tout dommage ou blessure r\u00e9sultant de l'utilisation de ses produits.<\/li>\n<\/ul>\n\n\n\n<h2 class=\"wp-block-heading\" id=\"h-legal-information\">INFORMATIONS LEGALES<\/h2>\n\n\n\n<h3 class=\"wp-block-heading\" id=\"h-1-presentation-of-the-site\">1. Pr\u00e9sentation du site.<\/h3>\n\n\n\n<p>En vertu de l'article 6 de la loi n\u00b0 2004-575 du 21 juin 2004 pour la confiance dans l'\u00e9conomie num\u00e9rique, il est pr\u00e9cis\u00e9 aux utilisateurs du site https:\/\/yonifeel.com l'identit\u00e9 des diff\u00e9rents intervenants dans le cadre de sa mise en \u0153uvre et de son suivi :<\/p>\n\n\n\n<p><strong>Propri\u00e9taire<\/strong>\u00a0LLAO LLAO LTD - C18153791 - Tamarina 25, 90922 Tamarin - Mauritius<br><strong>Cr\u00e9ateur<\/strong>\u00a0: Bertrand Vercamer<br><strong>Responsable de la publication<\/strong>\u00a0: Bertrand Vercamer &#8211; contact@yonifeel.com<br>La publication officielle est une personne physique ou morale.<br><strong>Webmaster<\/strong>\u00a0: Bertrand Vercamer &#8211; +33 (0) 9 77 19 52 20<br><strong>H\u00e9bergeur<\/strong>\u00a0: Siteground &#8211; SiteGround Hosting EOOD 6 Olimpiyska Str. 1166, Sofia<br>Credits:<br>Ces mentions l\u00e9gales sont bas\u00e9es en partie sur celles propos\u00e9es par Subdelirium.com : https:\/\/www.subdelirium.com\/generateur-de-mentions-legales\/.<\/p>\n\n\n\n<h3 class=\"wp-block-heading\" id=\"h-2-terms-of-use-and-the-services-offered\">2. Conditions d'utilisation et services offerts.<\/h3>\n\n\n\n<p>L'utilisation du site https:\/\/yonifeel.com implique l'acceptation pleine et enti\u00e8re des conditions g\u00e9n\u00e9rales d'utilisation ci-apr\u00e8s d\u00e9crites. Ces conditions d'utilisation sont susceptibles d'\u00eatre modifi\u00e9es \u00e0 tout moment, les utilisateurs du site\u00a0<a href=\"https:\/\/yonifeel.com\/fr\/\"><\/a>https:\/\/yonifeel.com est invit\u00e9 \u00e0 les consulter r\u00e9guli\u00e8rement.<\/p>\n\n\n\n<p>Ce site est normalement accessible aux utilisateurs \u00e0 tout moment. Une interruption pour raison de maintenance technique peut \u00eatre toutefois d\u00e9cid\u00e9e par LLAO LLAO LTD, qui s'efforcera alors de communiquer pr\u00e9alablement aux utilisateurs les dates et heures de l'intervention.<\/p>\n\n\n\n<p>Le site\u00a0<a href=\"https:\/\/speedbox.fr\/en\/\"><\/a>https:\/\/yonifeel.com\u00a0is updated regularly by Bertrand Vercamer. Likewise, the legal notices can be modified at any time: they are nevertheless binding on the user who is invited to refer to them as often as possible in order to become acquainted with them.<\/p>\n\n\n\n<h3 class=\"wp-block-heading\" id=\"h-3-description-of-services-provided\">3. Description of services provided.<\/h3>\n\n\n\n<p>Le site https:\/\/yonifeel.com a pour objet de fournir une information concernant l'ensemble des activit\u00e9s de la soci\u00e9t\u00e9.<\/p>\n\n\n\n<p>LLAO LTD s'efforce de fournir sur le site https:\/\/yonifeel.com des informations aussi pr\u00e9cises que possible. Toutefois, elle ne pourra \u00eatre tenue responsable des omissions, des inexactitudes et des carences dans la mise \u00e0 jour, qu'elles soient de son fait ou du fait des tiers partenaires qui lui fournissent ces informations.<\/p>\n\n\n\n<p>Tous les informations indiqu\u00e9es sur le site https:\/\/yonifeel.com sont donn\u00e9es \u00e0 titre indicatif, et sont susceptibles d'\u00e9voluer. Par ailleurs, les renseignements figurant sur le site https:\/\/yonifeel.com ne sont pas exhaustifs. Ils sont donn\u00e9s sous r\u00e9serve de modifications intervenues depuis leur mise en ligne.<\/p>\n\n\n\n<h3 class=\"wp-block-heading\" id=\"h-4-contractual-limitations-on-the-technical-data\">4. Limitations contractuelles des donn\u00e9es techniques.<\/h3>\n\n\n\n<p>Le site utilise la technologie JavaScript.<\/p>\n\n\n\n<p>Le site ne pourra \u00eatre tenu responsable des dommages li\u00e9s \u00e0 l'utilisation du site. De plus, l'utilisateur du site s'engage \u00e0 acc\u00e9der au site en utilisant un mat\u00e9riel r\u00e9cent, ne contenant pas de virus et avec un navigateur r\u00e9cent et \u00e0 jour.<\/p>\n\n\n\n<h3 class=\"wp-block-heading\" id=\"h-5-intellectual-property-and-counterfeiting\">5. Propri\u00e9t\u00e9 intellectuelle et contrefa\u00e7on.<\/h3>\n\n\n\n<p>LLAO LLAO LTD est propri\u00e9taire des droits de propri\u00e9t\u00e9 intellectuelle ou d\u00e9tient les droits d'usage sur tous les \u00e9l\u00e9ments accessibles sur le site, notamment les textes, images, graphismes, logo, ic\u00f4nes, sons, logiciels.<\/p>\n\n\n\n<p>Toute reproduction, repr\u00e9sentation, modification, publication, adaptation de tout ou partie des \u00e9l\u00e9ments du site, quel que soit le moyen ou le proc\u00e9d\u00e9 utilis\u00e9, est interdite, sauf autorisation \u00e9crite pr\u00e9alable de : LLAO LLAO LTD.<\/p>\n\n\n\n<p>Toute utilisation non autoris\u00e9e du site ou de l'un de ses \u00e9l\u00e9ments sera consid\u00e9r\u00e9e comme constitutive d'une contrefa\u00e7on et poursuivie conform\u00e9ment aux articles L.335-2 et suivants du Code de la propri\u00e9t\u00e9 intellectuelle.<\/p>\n\n\n\n<h3 class=\"wp-block-heading\" id=\"h-6-limitations-of-liability\">6. Limites de responsabilit\u00e9.<\/h3>\n\n\n\n<p>LLAO LLAO LTD ne pourra \u00eatre tenue responsable des dommages directs et indirects caus\u00e9s au mat\u00e9riel de l'utilisateur, lors de l'acc\u00e8s au site. https:\/\/yonifeel.com, et r\u00e9sultant soit de l'utilisation d'un mat\u00e9riel ne r\u00e9pondant pas aux sp\u00e9cifications indiqu\u00e9es au point 4, soit de l'apparition d'un bug ou d'une incompatibilit\u00e9.<\/p>\n\n\n\n<p>LLAO LLAO LTD ne peut \u00e9galement \u00eatre tenue pour responsable des dommages indirects (tels que par exemple une perte de march\u00e9 ou une perte de chance) r\u00e9sultant de l'utilisation du site.\u00a0<a href=\"https:\/\/speedbox.fr\/en\/\"><\/a>https:\/\/yonifeel.com.<\/p>\n\n\n\n<p>Des espaces interactifs (possibilit\u00e9 de poser des questions dans l'espace contact) sont \u00e0 la disposition des utilisateurs. LLAO LLAO LTD se r\u00e9serve le droit de supprimer, sans mise en demeure pr\u00e9alable, tout contenu d\u00e9pos\u00e9 dans cet espace qui contreviendrait \u00e0 la l\u00e9gislation applicable en France, en particulier aux dispositions relatives \u00e0 la protection des donn\u00e9es. Le cas \u00e9ch\u00e9ant, LLAO LLAO LTD se r\u00e9serve \u00e9galement la possibilit\u00e9 de mettre en cause la responsabilit\u00e9 civile et\/ou p\u00e9nale de l'utilisateur, notamment en cas de message \u00e0 caract\u00e8re raciste, injurieux, diffamant, ou pornographique, quel que soit le support utilis\u00e9. (texte, photographie...).<\/p>\n\n\n\n<h3 class=\"wp-block-heading\" id=\"h-7-management-of-personal-data\">7. Gestion des donn\u00e9es \u00e0 caract\u00e8re personnel.<\/h3>\n\n\n\n<p>En France, les donn\u00e9es personnelles sont prot\u00e9g\u00e9es par la loi 78-87 du 6 janvier 1978, la loi 2004-801 du 6 ao\u00fbt 2004, l'article L. 226-13 du code p\u00e9nal et la directive europ\u00e9enne du 24 octobre 1995.<\/p>\n\n\n\n<p>A l'occasion de l'utilisation du site https:\/\/yonifeel.com, peuvent \u00eatres recueillies : l'URL des liens par l'interm\u00e9diaire desquels l'utilisateur a acc\u00e9d\u00e9 au site https:\/\/yonifeel.com, le fournisseur d'acc\u00e8s de l'utilisateur, l'adresse de protocole Internet (IP) de l'utilisateur.<\/p>\n\n\n\n<p>En tout \u00e9tat de cause LLAO LLAO LTD ne collecte des informations personnelles relatives \u00e0 l'utilisateur que pour le besoin de certains services propos\u00e9s par le site.\u00a0<a href=\"https:\/\/speedbox.fr\/en\/\"><\/a>https:\/\/yonifeel.com. L'utilisateur fournit ces informations en toute connaissance de cause, notamment lorsqu'il proc\u00e8de par lui-m\u00eame \u00e0 leur saisie. Il est alors pr\u00e9cis\u00e9 \u00e0 l'utilisateur du site https:\/\/yonifeel.com l'obligation ou non de fournir ces informations.<\/p>\n\n\n\n<p>Conform\u00e9ment aux articles 38 et suivants de la loi 78 17 du 6 janvier 1978 relative \u00e0 l'informatique, aux fichiers et aux libert\u00e9s, tout utilisateur dispose d'un droit d'acc\u00e8s, de rectification et d'opposition aux donn\u00e9es personnelles le concernant, en effectuant sa demande \u00e9crite et sign\u00e9e, accompagn\u00e9e d'une copie du titre d'identit\u00e9 avec signature du titulaire de la pi\u00e8ce, en pr\u00e9cisant l'adresse \u00e0 laquelle la r\u00e9ponse doit \u00eatre envoy\u00e9e.<\/p>\n\n\n\n<p>Aucune information personnelle de l'utilisateur du site https:\/\/yonifeel.com n'est publi\u00e9e \u00e0 l'insu de l'utilisateur, \u00e9chang\u00e9e, transf\u00e9r\u00e9e, c\u00e9d\u00e9e ou vendue sur un support quelconque \u00e0 des tiers. Seule l'hypoth\u00e8se du rachat de LLAO LLAO LTD et de ses droits permettrait la transmission des dites informations \u00e0 l'\u00e9ventuel acqu\u00e9reur qui serait \u00e0 son tour tenu de la m\u00eame obligation de conservation et de modification des donn\u00e9es vis \u00e0 vis de l'utilisateur du site https:\/\/yonifeel.com.<\/p>\n\n\n\n<p>Les bases de donn\u00e9es sont prot\u00e9g\u00e9es par les dispositions de la loi du 1er juillet 1998 transposant la directive 96\/9 du 11 mars 1996 concernant la protection juridique des bases de donn\u00e9es.<\/p>\n\n\n\n<h3 class=\"wp-block-heading\" id=\"h-8-hypertext-links-and-cookies\">8. Liens hypertextes et cookies.<\/h3>\n\n\n\n<p>Le site https:\/\/yonifeel.com contient un certain nombre de liens hypertextes vers d'autres sites, mis en place avec l'autorisation de LLAO LLAO LTD. Cependant, LLAO LLAO LTD n'a pas la possibilit\u00e9 de v\u00e9rifier le contenu des sites ainsi visit\u00e9s, et n'assumera en cons\u00e9quence aucune responsabilit\u00e9 de ce fait.<\/p>\n\n\n\n<p>La navigation sur le site https:\/\/yonifeel.com est susceptible de provoquer l'installation de cookie(s) sur l'ordinateur de l'utilisateur. Un cookie est un fichier de petite taille, qui ne permet pas d'identifier l'utilisateur, mais qui enregistre des informations relatives \u00e0 la navigation d'un ordinateur sur un site. Les donn\u00e9es ainsi obtenues visent \u00e0 faciliter la navigation ult\u00e9rieure sur le site et permettent \u00e9galement diverses mesures de fr\u00e9quentation.<\/p>\n\n\n\n<p>Le refus d'installation d'un cookie peut entra\u00eener l'impossibilit\u00e9 d'acc\u00e9der \u00e0 certains services. Toutefois, l'utilisateur peut configurer son ordinateur de la mani\u00e8re suivante pour refuser l'installation des cookies :<\/p>\n\n\n\n<p>Dans Internet Explorer : onglet (pictogramme en haut \u00e0 droite) \/ Options Internet. Cliquez sur Confidentialit\u00e9 et s\u00e9lectionnez Bloquer tous les cookies. Appuyez sur Ok.<\/p>\n\n\n\n<p>Dans Firefox : en haut de la fen\u00eatre du navigateur, cliquez sur le bouton Firefox, puis allez dans l'onglet Options. Cliquez sur l'onglet Confidentialit\u00e9. Configurez les r\u00e8gles de conservation sur : utiliser des param\u00e8tres personnalis\u00e9s pour l'historique. Enfin, d\u00e9cochez la case pour d\u00e9sactiver les cookies.<\/p>\n\n\n\n<p>Dans Safari : Cliquez en haut \u00e0 droite du navigateur sur le pictogramme du menu (symbolis\u00e9 par un rouage). S\u00e9lectionnez Param\u00e8tres. Cliquez sur Afficher les param\u00e8tres avanc\u00e9s. Dans la section \"Confidentialit\u00e9\", cliquez sur Param\u00e8tres de contenu. Dans la section \"Cookies\", vous pouvez bloquer les cookies.<\/p>\n\n\n\n<p>Sous Chrome : Cliquez en haut \u00e0 droite du navigateur sur le pictogramme du menu (symbolis\u00e9 par trois lignes horizontales). S\u00e9lectionnez Param\u00e8tres. Cliquez sur Afficher les param\u00e8tres avanc\u00e9s. Dans la section \"Confidentialit\u00e9\", cliquez sur Pr\u00e9f\u00e9rences. Dans l'onglet \"Confidentialit\u00e9\", vous pouvez bloquer les cookies.<\/p>\n\n\n\n<h3 class=\"wp-block-heading\" id=\"h-9-governing-law-and-jurisdiction\">9. Droit applicable et juridiction.<\/h3>\n\n\n\n<p>Tout litige en relation avec l'utilisation du site https:\/\/yonifeel.com est soumis au droit fran\u00e7ais. Il est fait attribution exclusive de juridiction aux tribunaux comp\u00e9tents de Paris.<\/p>\n\n\n\n<h3 class=\"wp-block-heading\" id=\"h-10-the-main-laws-concerned\">10. Les principales lois concern\u00e9es.<\/h3>\n\n\n\n<p>Loi 78-17 du 6 janvier 1978, notamment modifi\u00e9e par la loi 2004-801 du 6 ao\u00fbt 2004 relative \u00e0 l'informatique, aux fichiers et aux libert\u00e9s.<\/p>\n\n\n\n<p>Loi 2004-575 du 21 juin 2004 pour la confiance dans l'\u00e9conomie num\u00e9rique.<\/p>\n\n\n\n<h3 class=\"wp-block-heading\" id=\"h-11-lexicon\">11. Lexique.<\/h3>\n\n\n\n<p>Utilisateur : connexion \u00e0 Internet, utilisation du site susmentionn\u00e9.<\/p>\n\n\n\n<p>Informations personnelles : \" les informations qui permettent, sous quelque forme que ce soit, directement ou non, l'identification des personnes physiques auxquelles elles s'appliquent \" (article 4 de la loi 78-17 du 6 janvier 1978).<\/p>","protected":false},"excerpt":{"rendered":"<p>The herbal products sold on this website are not medicines and are not intended to treat, cure or prevent any disease or condition. The information provided on this website is for information purposes only and does not constitute medical advice. The effects of the herbal products sold on this website have not been scientifically proven. [&hellip;]<\/p>\n","protected":false},"author":1,"featured_media":0,"parent":0,"menu_order":0,"comment_status":"closed","ping_status":"closed","template":"","meta":{"_acf_changed":false,"footnotes":""},"class_list":["post-128","page","type-page","status-publish","hentry"],"acf":[],"yoast_head":"<!-- This site is optimized with the Yoast SEO Premium plugin v18.3 (Yoast SEO v27.2) - https:\/\/yoast.com\/product\/yoast-seo-premium-wordpress\/ -->\n<title>Legal disclaimer - Yonifeel<\/title>\n<meta name=\"robots\" content=\"noindex, nofollow\" \/>\n<meta property=\"og:locale\" content=\"fr_FR\" \/>\n<meta property=\"og:type\" content=\"article\" \/>\n<meta property=\"og:title\" content=\"Legal disclaimer\" \/>\n<meta property=\"og:description\" content=\"The herbal products sold on this website are not medicines and are not intended to treat, cure or prevent any disease or condition. The information provided on this website is for information purposes only and does not constitute medical advice. The effects of the herbal products sold on this website have not been scientifically proven. [&hellip;]\" \/>\n<meta property=\"og:url\" content=\"https:\/\/yonifeel.com\/fr\/mentions-legales\/\" \/>\n<meta property=\"og:site_name\" content=\"Yonifeel\" \/>\n<meta property=\"article:modified_time\" content=\"2023-09-06T14:26:40+00:00\" \/>\n<meta name=\"twitter:card\" content=\"summary_large_image\" \/>\n<meta name=\"twitter:label1\" content=\"Dur\u00e9e de lecture estim\u00e9e\" \/>\n\t<meta name=\"twitter:data1\" content=\"7 minutes\" \/>\n<script type=\"application\/ld+json\" class=\"yoast-schema-graph\">{\"@context\":\"https:\/\/schema.org\",\"@graph\":[{\"@type\":\"WebPage\",\"@id\":\"https:\/\/yonifeel.com\/legal-disclaimer\/\",\"url\":\"https:\/\/yonifeel.com\/legal-disclaimer\/\",\"name\":\"Legal disclaimer - Yonifeel\",\"isPartOf\":{\"@id\":\"https:\/\/yonifeel.com\/#website\"},\"datePublished\":\"2022-06-10T07:26:11+00:00\",\"dateModified\":\"2023-09-06T14:26:40+00:00\",\"breadcrumb\":{\"@id\":\"https:\/\/yonifeel.com\/legal-disclaimer\/#breadcrumb\"},\"inLanguage\":\"fr-FR\",\"potentialAction\":[{\"@type\":\"ReadAction\",\"target\":[\"https:\/\/yonifeel.com\/legal-disclaimer\/\"]}]},{\"@type\":\"BreadcrumbList\",\"@id\":\"https:\/\/yonifeel.com\/legal-disclaimer\/#breadcrumb\",\"itemListElement\":[{\"@type\":\"ListItem\",\"position\":1,\"name\":\"Accueil\",\"item\":\"https:\/\/yonifeel.com\/\"},{\"@type\":\"ListItem\",\"position\":2,\"name\":\"Legal disclaimer\"}]},{\"@type\":\"WebSite\",\"@id\":\"https:\/\/yonifeel.com\/#website\",\"url\":\"https:\/\/yonifeel.com\/\",\"name\":\"Yonifeel\",\"description\":\"Feel the wellness\",\"publisher\":{\"@id\":\"https:\/\/yonifeel.com\/#organization\"},\"potentialAction\":[{\"@type\":\"SearchAction\",\"target\":{\"@type\":\"EntryPoint\",\"urlTemplate\":\"https:\/\/yonifeel.com\/?s={search_term_string}\"},\"query-input\":{\"@type\":\"PropertyValueSpecification\",\"valueRequired\":true,\"valueName\":\"search_term_string\"}}],\"inLanguage\":\"fr-FR\"},{\"@type\":\"Organization\",\"@id\":\"https:\/\/yonifeel.com\/#organization\",\"name\":\"Yonifeel\",\"url\":\"https:\/\/yonifeel.com\/\",\"logo\":{\"@type\":\"ImageObject\",\"inLanguage\":\"fr-FR\",\"@id\":\"https:\/\/yonifeel.com\/#\/schema\/logo\/image\/\",\"url\":\"https:\/\/yonifeel.com\/wp-content\/uploads\/2022\/05\/yonifeel-logo.png\",\"contentUrl\":\"https:\/\/yonifeel.com\/wp-content\/uploads\/2022\/05\/yonifeel-logo.png\",\"width\":2293,\"height\":1668,\"caption\":\"Yonifeel\"},\"image\":{\"@id\":\"https:\/\/yonifeel.com\/#\/schema\/logo\/image\/\"}}]}<\/script>\n<!-- \/ Yoast SEO Premium plugin. -->","yoast_head_json":{"title":"Legal disclaimer - Yonifeel","robots":{"index":"noindex","follow":"nofollow"},"og_locale":"fr_FR","og_type":"article","og_title":"Legal disclaimer","og_description":"The herbal products sold on this website are not medicines and are not intended to treat, cure or prevent any disease or condition. The information provided on this website is for information purposes only and does not constitute medical advice. The effects of the herbal products sold on this website have not been scientifically proven. [&hellip;]","og_url":"https:\/\/yonifeel.com\/fr\/mentions-legales\/","og_site_name":"Yonifeel","article_modified_time":"2023-09-06T14:26:40+00:00","twitter_card":"summary_large_image","twitter_misc":{"Dur\u00e9e de lecture estim\u00e9e":"7 minutes"},"schema":{"@context":"https:\/\/schema.org","@graph":[{"@type":"WebPage","@id":"https:\/\/yonifeel.com\/legal-disclaimer\/","url":"https:\/\/yonifeel.com\/legal-disclaimer\/","name":"Legal disclaimer - Yonifeel","isPartOf":{"@id":"https:\/\/yonifeel.com\/#website"},"datePublished":"2022-06-10T07:26:11+00:00","dateModified":"2023-09-06T14:26:40+00:00","breadcrumb":{"@id":"https:\/\/yonifeel.com\/legal-disclaimer\/#breadcrumb"},"inLanguage":"fr-FR","potentialAction":[{"@type":"ReadAction","target":["https:\/\/yonifeel.com\/legal-disclaimer\/"]}]},{"@type":"BreadcrumbList","@id":"https:\/\/yonifeel.com\/legal-disclaimer\/#breadcrumb","itemListElement":[{"@type":"ListItem","position":1,"name":"Accueil","item":"https:\/\/yonifeel.com\/"},{"@type":"ListItem","position":2,"name":"Legal disclaimer"}]},{"@type":"WebSite","@id":"https:\/\/yonifeel.com\/#website","url":"https:\/\/yonifeel.com\/","name":"Yonifeel","description":"Feel the wellness","publisher":{"@id":"https:\/\/yonifeel.com\/#organization"},"potentialAction":[{"@type":"SearchAction","target":{"@type":"EntryPoint","urlTemplate":"https:\/\/yonifeel.com\/?s={search_term_string}"},"query-input":{"@type":"PropertyValueSpecification","valueRequired":true,"valueName":"search_term_string"}}],"inLanguage":"fr-FR"},{"@type":"Organization","@id":"https:\/\/yonifeel.com\/#organization","name":"Yonifeel","url":"https:\/\/yonifeel.com\/","logo":{"@type":"ImageObject","inLanguage":"fr-FR","@id":"https:\/\/yonifeel.com\/#\/schema\/logo\/image\/","url":"https:\/\/yonifeel.com\/wp-content\/uploads\/2022\/05\/yonifeel-logo.png","contentUrl":"https:\/\/yonifeel.com\/wp-content\/uploads\/2022\/05\/yonifeel-logo.png","width":2293,"height":1668,"caption":"Yonifeel"},"image":{"@id":"https:\/\/yonifeel.com\/#\/schema\/logo\/image\/"}}]}},"_links":{"self":[{"href":"https:\/\/yonifeel.com\/fr\/wp-json\/wp\/v2\/pages\/128","targetHints":{"allow":["GET"]}}],"collection":[{"href":"https:\/\/yonifeel.com\/fr\/wp-json\/wp\/v2\/pages"}],"about":[{"href":"https:\/\/yonifeel.com\/fr\/wp-json\/wp\/v2\/types\/page"}],"author":[{"embeddable":true,"href":"https:\/\/yonifeel.com\/fr\/wp-json\/wp\/v2\/users\/1"}],"replies":[{"embeddable":true,"href":"https:\/\/yonifeel.com\/fr\/wp-json\/wp\/v2\/comments?post=128"}],"version-history":[{"count":5,"href":"https:\/\/yonifeel.com\/fr\/wp-json\/wp\/v2\/pages\/128\/revisions"}],"predecessor-version":[{"id":2709,"href":"https:\/\/yonifeel.com\/fr\/wp-json\/wp\/v2\/pages\/128\/revisions\/2709"}],"wp:attachment":[{"href":"https:\/\/yonifeel.com\/fr\/wp-json\/wp\/v2\/media?parent=128"}],"curies":[{"name":"wp","href":"https:\/\/api.w.org\/{rel}","templated":true}]}}