{"id":1344,"date":"2022-06-29T09:12:46","date_gmt":"2022-06-29T07:12:46","guid":{"rendered":"https:\/\/yonifeel.com\/?post_type=product&#038;p=1344"},"modified":"2024-09-19T12:41:35","modified_gmt":"2024-09-19T10:41:35","slug":"yoni-steam-ebook","status":"publish","type":"product","link":"https:\/\/yonifeel.com\/fr\/produit\/ebook-sauna-vaginal\/","title":{"rendered":"Ebook sauna vaginal"},"content":{"rendered":"<div>Dans cet ebook, vous d\u00e9couvrirez tout ce qu'il est important de savoir pour commencer la pratique du sauna vaginal. Vous apprendrez l'origine de cette pratique, les contre-indications et surtout, de nombreuses recettes \"routines\" pour vous aider \u00e0 soigner vos maux f\u00e9minins.<\/div>\n<div>Entre autres, vous pourrez conna\u00eetre les routines pour calmer vos r\u00e8gles douloureuses, soulager vos douleurs dues \u00e0 l'endom\u00e9triose, booster votre fertilit\u00e9, calmer les effets de la m\u00e9nopause, r\u00e9duire les infections urinaires...<\/div>\n<div>Cet ebook est indispensable aux d\u00e9butantes en mati\u00e8re de yoni steam.<\/div>\n<div>\n<p><iframe title=\"D\u00e9couvrez l&#039;ebook pour d\u00e9buter la pratique du sauna vaginal.\" width=\"800\" height=\"450\" src=\"https:\/\/www.youtube.com\/embed\/AHLz62W6uyM?feature=oembed&#038;enablejsapi=1&#038;origin=https:\/\/yonifeel.com\" frameborder=\"0\" allow=\"accelerometer; autoplay; clipboard-write; encrypted-media; gyroscope; picture-in-picture; web-share\" allowfullscreen><\/iframe><\/p>\n<\/div>","protected":false},"excerpt":{"rendered":"<ul>\n<li>Pratiquez le sauna vaginal en toute s\u00e9curit\u00e9<\/li>\n<li>Retrouvez nos nombreuses routines pour sauna vaginal<\/li>\n<li>Toutes vos questions trouverons une r\u00e9ponse<\/li>\n<li>Des aides pour s'adapter au mieux \u00e0 vos besoins<\/li>\n<\/ul>","protected":false},"featured_media":1594,"template":"","meta":{"_acf_changed":false},"product_brand":[],"product_cat":[24],"product_tag":[],"class_list":{"0":"post-1344","1":"product","2":"type-product","3":"status-publish","4":"has-post-thumbnail","6":"product_cat-yoni-herbs","7":"product_shipping_class-ebook","9":"first","10":"instock","11":"sale","12":"downloadable","13":"purchasable","14":"product-type-simple"},"bundled_by":[],"bundle_stock_status":"instock","bundle_stock_quantity":null,"bundle_virtual":false,"bundle_layout":"","bundle_add_to_cart_form_location":"","bundle_editable_in_cart":false,"bundle_sold_individually_context":"","bundle_item_grouping":"","bundle_min_size":"","bundle_max_size":"","bundled_items":[],"bundle_sell_ids":[],"acf":[],"yoast_head":"<!-- This site is optimized with the Yoast SEO Premium plugin v18.3 (Yoast SEO v27.2) - https:\/\/yoast.com\/product\/yoast-seo-premium-wordpress\/ -->\n<title>Yoni steam ebook - Yonifeel<\/title>\n<meta name=\"description\" content=\"Looking to learn all about yoni steaming? This ebook guide is your go-to for everything you need to know about the practice. Get started today!\" \/>\n<meta name=\"robots\" content=\"index, follow, max-snippet:-1, max-image-preview:large, max-video-preview:-1\" \/>\n<link rel=\"canonical\" href=\"https:\/\/yonifeel.com\/fr\/produit\/ebook-sauna-vaginal\/\" \/>\n<meta property=\"og:locale\" content=\"fr_FR\" \/>\n<meta property=\"og:type\" content=\"article\" \/>\n<meta property=\"og:title\" content=\"Yoni steam ebook\" \/>\n<meta property=\"og:description\" content=\"Looking to learn all about yoni steaming? This ebook guide is your go-to for everything you need to know about the practice. Get started today!\" \/>\n<meta property=\"og:url\" content=\"https:\/\/yonifeel.com\/fr\/produit\/ebook-sauna-vaginal\/\" \/>\n<meta property=\"og:site_name\" content=\"Yonifeel\" \/>\n<meta property=\"article:modified_time\" content=\"2024-09-19T10:41:35+00:00\" \/>\n<meta property=\"og:image\" content=\"https:\/\/yonifeel.com\/wp-content\/uploads\/2022\/06\/ebook-cover-fr.jpg\" \/>\n\t<meta property=\"og:image:width\" content=\"2250\" \/>\n\t<meta property=\"og:image:height\" content=\"1500\" \/>\n\t<meta property=\"og:image:type\" content=\"image\/jpeg\" \/>\n<meta name=\"twitter:card\" content=\"summary_large_image\" \/>\n<meta name=\"twitter:label1\" content=\"Prix\" \/>\n\t<meta name=\"twitter:data1\" content=\"&#036;19\" \/>\n\t<meta name=\"twitter:label2\" content=\"Availability\" \/>\n\t<meta name=\"twitter:data2\" content=\"In stock\" \/>\n<script type=\"application\/ld+json\" class=\"yoast-schema-graph\">{\"@context\":\"https:\/\/schema.org\",\"@graph\":[{\"@type\":\"WebPage\",\"@id\":\"https:\/\/yonifeel.com\/product\/yoni-steam-ebook\/\",\"url\":\"https:\/\/yonifeel.com\/product\/yoni-steam-ebook\/\",\"name\":\"Yoni steam ebook - Yonifeel\",\"isPartOf\":{\"@id\":\"https:\/\/yonifeel.com\/#website\"},\"primaryImageOfPage\":{\"@id\":\"https:\/\/yonifeel.com\/product\/yoni-steam-ebook\/#primaryimage\"},\"image\":{\"@id\":\"https:\/\/yonifeel.com\/product\/yoni-steam-ebook\/#primaryimage\"},\"thumbnailUrl\":\"https:\/\/yonifeel.com\/wp-content\/uploads\/2022\/06\/ebook-cover-fr.jpg\",\"datePublished\":\"2022-06-29T07:12:46+00:00\",\"dateModified\":\"2024-09-19T10:41:35+00:00\",\"description\":\"Looking to learn all about yoni steaming? This ebook guide is your go-to for everything you need to know about the practice. Get started today!\",\"breadcrumb\":{\"@id\":\"https:\/\/yonifeel.com\/product\/yoni-steam-ebook\/#breadcrumb\"},\"inLanguage\":\"fr-FR\",\"potentialAction\":[{\"@type\":\"ReadAction\",\"target\":[\"https:\/\/yonifeel.com\/product\/yoni-steam-ebook\/\"]}]},{\"@type\":\"ImageObject\",\"inLanguage\":\"fr-FR\",\"@id\":\"https:\/\/yonifeel.com\/product\/yoni-steam-ebook\/#primaryimage\",\"url\":\"https:\/\/yonifeel.com\/wp-content\/uploads\/2022\/06\/ebook-cover-fr.jpg\",\"contentUrl\":\"https:\/\/yonifeel.com\/wp-content\/uploads\/2022\/06\/ebook-cover-fr.jpg\",\"width\":2250,\"height\":1500},{\"@type\":\"BreadcrumbList\",\"@id\":\"https:\/\/yonifeel.com\/product\/yoni-steam-ebook\/#breadcrumb\",\"itemListElement\":[{\"@type\":\"ListItem\",\"position\":1,\"name\":\"Accueil\",\"item\":\"https:\/\/yonifeel.com\/\"},{\"@type\":\"ListItem\",\"position\":2,\"name\":\"Shop\",\"item\":\"https:\/\/yonifeel.com\/shop\/\"},{\"@type\":\"ListItem\",\"position\":3,\"name\":\"Yoni steam ebook\"}]},{\"@type\":\"WebSite\",\"@id\":\"https:\/\/yonifeel.com\/#website\",\"url\":\"https:\/\/yonifeel.com\/\",\"name\":\"Yonifeel\",\"description\":\"Feel the wellness\",\"publisher\":{\"@id\":\"https:\/\/yonifeel.com\/#organization\"},\"potentialAction\":[{\"@type\":\"SearchAction\",\"target\":{\"@type\":\"EntryPoint\",\"urlTemplate\":\"https:\/\/yonifeel.com\/?s={search_term_string}\"},\"query-input\":{\"@type\":\"PropertyValueSpecification\",\"valueRequired\":true,\"valueName\":\"search_term_string\"}}],\"inLanguage\":\"fr-FR\"},{\"@type\":\"Organization\",\"@id\":\"https:\/\/yonifeel.com\/#organization\",\"name\":\"Yonifeel\",\"url\":\"https:\/\/yonifeel.com\/\",\"logo\":{\"@type\":\"ImageObject\",\"inLanguage\":\"fr-FR\",\"@id\":\"https:\/\/yonifeel.com\/#\/schema\/logo\/image\/\",\"url\":\"https:\/\/yonifeel.com\/wp-content\/uploads\/2022\/05\/yonifeel-logo.png\",\"contentUrl\":\"https:\/\/yonifeel.com\/wp-content\/uploads\/2022\/05\/yonifeel-logo.png\",\"width\":2293,\"height\":1668,\"caption\":\"Yonifeel\"},\"image\":{\"@id\":\"https:\/\/yonifeel.com\/#\/schema\/logo\/image\/\"}}]}<\/script>\n<meta property=\"product:price:amount\" content=\"19\" \/>\n<meta property=\"product:price:currency\" content=\"USD\" \/>\n<meta property=\"og:availability\" content=\"instock\" \/>\n<meta property=\"product:availability\" content=\"instock\" \/>\n<meta property=\"product:retailer_item_id\" content=\"ebook-SV-fr\" \/>\n<meta property=\"product:condition\" content=\"new\" \/>\n<!-- \/ Yoast SEO Premium plugin. -->","yoast_head_json":{"title":"Ebook sauna vaginal - Yonifeel","description":"Vous voulez tout savoir sur le sauna vaginal ? Cet ebook est votre guide pour tout savoir sur cette pratique. Commencez d\u00e8s aujourd'hui !","robots":{"index":"index","follow":"follow","max-snippet":"max-snippet:-1","max-image-preview":"max-image-preview:large","max-video-preview":"max-video-preview:-1"},"canonical":"https:\/\/yonifeel.com\/fr\/produit\/ebook-sauna-vaginal\/","og_locale":"fr_FR","og_type":"article","og_title":"Yoni steam ebook","og_description":"Looking to learn all about yoni steaming? This ebook guide is your go-to for everything you need to know about the practice. Get started today!","og_url":"https:\/\/yonifeel.com\/fr\/produit\/ebook-sauna-vaginal\/","og_site_name":"Yonifeel","article_modified_time":"2024-09-19T10:41:35+00:00","og_image":[{"width":2250,"height":1500,"url":"https:\/\/yonifeel.com\/wp-content\/uploads\/2022\/06\/ebook-cover-fr.jpg","type":"image\/jpeg"}],"twitter_card":"summary_large_image","twitter_misc":{"Prix":"&#36;19","Availability":"In stock"},"schema":{"@context":"https:\/\/schema.org","@graph":[{"@type":"WebPage","@id":"https:\/\/yonifeel.com\/product\/yoni-steam-ebook\/","url":"https:\/\/yonifeel.com\/product\/yoni-steam-ebook\/","name":"Ebook sauna vaginal - Yonifeel","isPartOf":{"@id":"https:\/\/yonifeel.com\/#website"},"primaryImageOfPage":{"@id":"https:\/\/yonifeel.com\/product\/yoni-steam-ebook\/#primaryimage"},"image":{"@id":"https:\/\/yonifeel.com\/product\/yoni-steam-ebook\/#primaryimage"},"thumbnailUrl":"https:\/\/yonifeel.com\/wp-content\/uploads\/2022\/06\/ebook-cover-fr.jpg","datePublished":"2022-06-29T07:12:46+00:00","dateModified":"2024-09-19T10:41:35+00:00","description":"Vous voulez tout savoir sur le sauna vaginal ? Cet ebook est votre guide pour tout savoir sur cette pratique. Commencez d\u00e8s aujourd'hui !","breadcrumb":{"@id":"https:\/\/yonifeel.com\/product\/yoni-steam-ebook\/#breadcrumb"},"inLanguage":"fr-FR","potentialAction":[{"@type":"ReadAction","target":["https:\/\/yonifeel.com\/product\/yoni-steam-ebook\/"]}]},{"@type":"ImageObject","inLanguage":"fr-FR","@id":"https:\/\/yonifeel.com\/product\/yoni-steam-ebook\/#primaryimage","url":"https:\/\/yonifeel.com\/wp-content\/uploads\/2022\/06\/ebook-cover-fr.jpg","contentUrl":"https:\/\/yonifeel.com\/wp-content\/uploads\/2022\/06\/ebook-cover-fr.jpg","width":2250,"height":1500},{"@type":"BreadcrumbList","@id":"https:\/\/yonifeel.com\/product\/yoni-steam-ebook\/#breadcrumb","itemListElement":[{"@type":"ListItem","position":1,"name":"Accueil","item":"https:\/\/yonifeel.com\/"},{"@type":"ListItem","position":2,"name":"Shop","item":"https:\/\/yonifeel.com\/shop\/"},{"@type":"ListItem","position":3,"name":"Yoni steam ebook"}]},{"@type":"WebSite","@id":"https:\/\/yonifeel.com\/#website","url":"https:\/\/yonifeel.com\/","name":"Yonifeel","description":"Feel the wellness","publisher":{"@id":"https:\/\/yonifeel.com\/#organization"},"potentialAction":[{"@type":"SearchAction","target":{"@type":"EntryPoint","urlTemplate":"https:\/\/yonifeel.com\/?s={search_term_string}"},"query-input":{"@type":"PropertyValueSpecification","valueRequired":true,"valueName":"search_term_string"}}],"inLanguage":"fr-FR"},{"@type":"Organization","@id":"https:\/\/yonifeel.com\/#organization","name":"Yonifeel","url":"https:\/\/yonifeel.com\/","logo":{"@type":"ImageObject","inLanguage":"fr-FR","@id":"https:\/\/yonifeel.com\/#\/schema\/logo\/image\/","url":"https:\/\/yonifeel.com\/wp-content\/uploads\/2022\/05\/yonifeel-logo.png","contentUrl":"https:\/\/yonifeel.com\/wp-content\/uploads\/2022\/05\/yonifeel-logo.png","width":2293,"height":1668,"caption":"Yonifeel"},"image":{"@id":"https:\/\/yonifeel.com\/#\/schema\/logo\/image\/"}}]},"product_price_amount":"19","product_price_currency":"USD","og_availability":"instock","product_availability":"instock","product_retailer_item_id":"ebook-SV-fr","product_condition":"new"},"_links":{"self":[{"href":"https:\/\/yonifeel.com\/fr\/wp-json\/wp\/v2\/product\/1344","targetHints":{"allow":["GET"]}}],"collection":[{"href":"https:\/\/yonifeel.com\/fr\/wp-json\/wp\/v2\/product"}],"about":[{"href":"https:\/\/yonifeel.com\/fr\/wp-json\/wp\/v2\/types\/product"}],"version-history":[{"count":7,"href":"https:\/\/yonifeel.com\/fr\/wp-json\/wp\/v2\/product\/1344\/revisions"}],"predecessor-version":[{"id":2202,"href":"https:\/\/yonifeel.com\/fr\/wp-json\/wp\/v2\/product\/1344\/revisions\/2202"}],"wp:featuredmedia":[{"embeddable":true,"href":"https:\/\/yonifeel.com\/fr\/wp-json\/wp\/v2\/media\/1594"}],"wp:attachment":[{"href":"https:\/\/yonifeel.com\/fr\/wp-json\/wp\/v2\/media?parent=1344"}],"wp:term":[{"taxonomy":"product_brand","embeddable":true,"href":"https:\/\/yonifeel.com\/fr\/wp-json\/wp\/v2\/product_brand?post=1344"},{"taxonomy":"product_cat","embeddable":true,"href":"https:\/\/yonifeel.com\/fr\/wp-json\/wp\/v2\/product_cat?post=1344"},{"taxonomy":"product_tag","embeddable":true,"href":"https:\/\/yonifeel.com\/fr\/wp-json\/wp\/v2\/product_tag?post=1344"}],"curies":[{"name":"wp","href":"https:\/\/api.w.org\/{rel}","templated":true}]}}