{"id":1846,"date":"2022-11-16T06:01:54","date_gmt":"2022-11-16T05:01:54","guid":{"rendered":"https:\/\/yonifeel.com\/?post_type=product&#038;p=1846"},"modified":"2024-12-09T10:15:52","modified_gmt":"2024-12-09T09:15:52","slug":"amethyst-yoni-egg","status":"publish","type":"product","link":"https:\/\/yonifeel.com\/fr\/produit\/oeuf-de-yoni-amethyste\/","title":{"rendered":"Oeuf de yoni Am\u00e9thyste"},"content":{"rendered":"<p>C'est la pierre de l'esprit. Elle permet de calmer notre esprit.<\/p>\n<p>L'am\u00e9thyste stimule les r\u00eaves, l'intuition et permet d'\u00e9couter les messages transmis par notre subconscient. Elle stimule la concentration, le calme mental, et favorise la clart\u00e9 et la s\u00e9r\u00e9nit\u00e9. Elle facilite le bon jugement (au-del\u00e0 de l'ego) et la libre pens\u00e9e, et aide \u00e0 transmuter les \u00e9nergies et \u00e0 accepter la r\u00e9alit\u00e9.<\/p>\n<ul>\n<li>Nos pierres proviennent d'Inde (Certificat d'authenticit\u00e9 des pierres)<\/li>\n<li>Pierre non trait\u00e9e<\/li>\n<li>Livraison internationale depuis la France<\/li>\n<li>Cordon naturel<\/li>\n<li>Produit approuv\u00e9 par nos testeuses<\/li>\n<\/ul>\n<h3>Quels sont les avantages de l'am\u00e9thyste ?<\/h3>\n<p>L'am\u00e9thyste est une pierre semi-pr\u00e9cieuse qui est souvent utilis\u00e9e en lithoth\u00e9rapie pour ses propri\u00e9t\u00e9s calmantes et \u00e9quilibrantes. Elle est consid\u00e9r\u00e9e comme une pierre de spiritualit\u00e9 et de m\u00e9ditation et est souvent utilis\u00e9e pour am\u00e9liorer la sagesse, la clart\u00e9 mentale, la m\u00e9moire et la concentration. Elle peut \u00e9galement aider \u00e0 calmer les pens\u00e9es et les \u00e9motions, \u00e0 soulager l'anxi\u00e9t\u00e9 et le stress et \u00e0 favoriser un sommeil r\u00e9parateur. Elle renforce les syst\u00e8mes immunitaire et respiratoire. Enfin, elle est consid\u00e9r\u00e9e comme une pierre de protection contre les \u00e9nergies n\u00e9gatives et est utilis\u00e9e pour chasser les mauvais sorts et les mauvaises \u00e9nergies.<\/p>\n<h3>Quelles sont les vertus de la pierre am\u00e9thyste ?<\/h3>\n<p>Il existe de nombreuses utilisations de la pierre d'am\u00e9thyste en lithoth\u00e9rapie, en voici quelques exemples :<\/p>\n<ul>\n<li>Portez une pierre d'am\u00e9thyste sur vous ou placez-la dans votre environnement de travail pour am\u00e9liorer la sagesse, la clart\u00e9 mentale, la m\u00e9moire et la concentration.<\/li>\n<li>Utilisez-la comme pierre de m\u00e9ditation pour aider \u00e0 calmer les pens\u00e9es et les \u00e9motions et renforcer la spiritualit\u00e9.<\/li>\n<li>Placez une pierre d'am\u00e9thyste sur la zone douloureuse pour soulager la douleur physique.<\/li>\n<li>Portez une pierre d'am\u00e9thyste sur vous ou placez-la pr\u00e8s de votre lit pour am\u00e9liorer la qualit\u00e9 du sommeil.<\/li>\n<li>Utilisez-le pour renforcer les syst\u00e8mes immunitaire et respiratoire.<br \/>\nPlacez une pierre d'am\u00e9thyste dans la pi\u00e8ce o\u00f9 vous passez beaucoup de temps pour cr\u00e9er une atmosph\u00e8re paisible et apaisante.<\/li>\n<li>Utilisez-la comme une pierre de protection contre les \u00e9nergies n\u00e9gatives, pour \u00e9loigner les mauvais sorts et les mauvaises \u00e9nergies.<\/li>\n<li>Utilisez-le en th\u00e9rapie pour aider \u00e0 soulager l'anxi\u00e9t\u00e9 et le stress.<\/li>\n<\/ul>\n<p>Ces bienfaits ne sont pas scientifiquement prouv\u00e9s et sont bas\u00e9s sur des croyances et des pratiques spirituelles et \u00e9nerg\u00e9tiques.<\/p>\n<h3>Comment l'\u0153uf de yoni en am\u00e9thyste rose am\u00e9liore-t-il la vie sexuelle d'une femme ?<\/h3>\n<p>L'\u0153uf de yoni en am\u00e9thyste est utilis\u00e9 pour renforcer les muscles du plancher pelvien, accro\u00eetre la sensibilit\u00e9 et stimuler l'\u00e9nergie sexuelle et l'intensit\u00e9 des orgasmes. Il contribue \u00e9galement \u00e0 am\u00e9liorer la libido, la confiance en soi et le bien-\u00eatre \u00e9motionnel.<\/p>\n<h3>Pourquoi choisir un \u0153uf de yoni en quartz am\u00e9thyste perc\u00e9 ?<\/h3>\n<p>Les \u0153ufs de yoni \u00e0 l'\u0153il en am\u00e9thyste offrent une facilit\u00e9 d'utilisation, une hygi\u00e8ne et une commodit\u00e9, ainsi qu'une stimulation accrue des muscles du plancher pelvien, et peuvent \u00eatre utilis\u00e9s avec des exercices qui utilisent le cordon attach\u00e9 pour une efficacit\u00e9 accrue.<\/p>","protected":false},"excerpt":{"rendered":"<p>Avantages : C'est la pierre de l'esprit. Elle permet de calmer notre esprit.<\/p>\n<ul>\n<li>1 \u0153uf de yoni am\u00e9thyste (perc\u00e9)<\/li>\n<li>Une pochette de rangement<\/li>\n<li>Le cordon<\/li>\n<li>Un d\u00e9pliant explicatif pour d\u00e9marrer la pratique<\/li>\n<\/ul>","protected":false},"featured_media":1908,"template":"","meta":{"_acf_changed":false},"product_brand":[],"product_cat":[40],"product_tag":[],"class_list":{"0":"post-1846","1":"product","2":"type-product","3":"status-publish","4":"has-post-thumbnail","6":"product_cat-yoni-eggs","8":"first","9":"instock","10":"sale","11":"taxable","12":"shipping-taxable","13":"purchasable","14":"product-type-variable"},"bundled_by":[],"bundle_stock_status":"instock","bundle_stock_quantity":null,"bundle_virtual":false,"bundle_layout":"","bundle_add_to_cart_form_location":"","bundle_editable_in_cart":false,"bundle_sold_individually_context":"","bundle_item_grouping":"","bundle_min_size":"","bundle_max_size":"","bundled_items":[],"bundle_sell_ids":[],"acf":[],"yoast_head":"<!-- This site is optimized with the Yoast SEO Premium plugin v18.3 (Yoast SEO v27.2) - https:\/\/yoast.com\/product\/yoast-seo-premium-wordpress\/ -->\n<title>Amethyst yoni egg - Certified stone - Yonifeel<\/title>\n<meta name=\"description\" content=\"Looking to get in touch with your inner spiritual energy? Amethyst Yoni Egg is the stone of the spirit. It allows to calm our mind. Shop now!\" \/>\n<meta name=\"robots\" content=\"index, follow, max-snippet:-1, max-image-preview:large, max-video-preview:-1\" \/>\n<link rel=\"canonical\" href=\"https:\/\/yonifeel.com\/fr\/produit\/oeuf-de-yoni-amethyste\/\" \/>\n<meta property=\"og:locale\" content=\"fr_FR\" \/>\n<meta property=\"og:type\" content=\"article\" \/>\n<meta property=\"og:title\" content=\"Amethyst yoni egg\" \/>\n<meta property=\"og:description\" content=\"Looking to get in touch with your inner spiritual energy? Amethyst Yoni Egg is the stone of the spirit. It allows to calm our mind. Shop now!\" \/>\n<meta property=\"og:url\" content=\"https:\/\/yonifeel.com\/fr\/produit\/oeuf-de-yoni-amethyste\/\" \/>\n<meta property=\"og:site_name\" content=\"Yonifeel\" \/>\n<meta property=\"article:modified_time\" content=\"2024-12-09T09:15:52+00:00\" \/>\n<meta property=\"og:image\" content=\"https:\/\/yonifeel.com\/wp-content\/uploads\/2022\/11\/amethyste-1-scaled.jpg\" \/>\n\t<meta property=\"og:image:width\" content=\"2560\" \/>\n\t<meta property=\"og:image:height\" content=\"2560\" \/>\n\t<meta property=\"og:image:type\" content=\"image\/jpeg\" \/>\n<meta name=\"twitter:card\" content=\"summary_large_image\" \/>\n<meta name=\"twitter:label1\" content=\"Availability\" \/>\n\t<meta name=\"twitter:data1\" content=\"In stock\" \/>\n<script type=\"application\/ld+json\" class=\"yoast-schema-graph\">{\"@context\":\"https:\/\/schema.org\",\"@graph\":[{\"@type\":\"WebPage\",\"@id\":\"https:\/\/yonifeel.com\/product\/amethyst-yoni-egg\/\",\"url\":\"https:\/\/yonifeel.com\/product\/amethyst-yoni-egg\/\",\"name\":\"Amethyst yoni egg - Certified stone - Yonifeel\",\"isPartOf\":{\"@id\":\"https:\/\/yonifeel.com\/#website\"},\"primaryImageOfPage\":{\"@id\":\"https:\/\/yonifeel.com\/product\/amethyst-yoni-egg\/#primaryimage\"},\"image\":{\"@id\":\"https:\/\/yonifeel.com\/product\/amethyst-yoni-egg\/#primaryimage\"},\"thumbnailUrl\":\"https:\/\/yonifeel.com\/wp-content\/uploads\/2022\/11\/amethyste-1-scaled.jpg\",\"datePublished\":\"2022-11-16T05:01:54+00:00\",\"dateModified\":\"2024-12-09T09:15:52+00:00\",\"description\":\"Looking to get in touch with your inner spiritual energy? Amethyst Yoni Egg is the stone of the spirit. It allows to calm our mind. Shop now!\",\"breadcrumb\":{\"@id\":\"https:\/\/yonifeel.com\/product\/amethyst-yoni-egg\/#breadcrumb\"},\"inLanguage\":\"fr-FR\",\"potentialAction\":[{\"@type\":\"ReadAction\",\"target\":[\"https:\/\/yonifeel.com\/product\/amethyst-yoni-egg\/\"]}]},{\"@type\":\"ImageObject\",\"inLanguage\":\"fr-FR\",\"@id\":\"https:\/\/yonifeel.com\/product\/amethyst-yoni-egg\/#primaryimage\",\"url\":\"https:\/\/yonifeel.com\/wp-content\/uploads\/2022\/11\/amethyste-1-scaled.jpg\",\"contentUrl\":\"https:\/\/yonifeel.com\/wp-content\/uploads\/2022\/11\/amethyste-1-scaled.jpg\",\"width\":2560,\"height\":2560,\"caption\":\"Amethyst yoni egg\"},{\"@type\":\"BreadcrumbList\",\"@id\":\"https:\/\/yonifeel.com\/product\/amethyst-yoni-egg\/#breadcrumb\",\"itemListElement\":[{\"@type\":\"ListItem\",\"position\":1,\"name\":\"Accueil\",\"item\":\"https:\/\/yonifeel.com\/\"},{\"@type\":\"ListItem\",\"position\":2,\"name\":\"Shop\",\"item\":\"https:\/\/yonifeel.com\/shop\/\"},{\"@type\":\"ListItem\",\"position\":3,\"name\":\"Amethyst yoni egg\"}]},{\"@type\":\"WebSite\",\"@id\":\"https:\/\/yonifeel.com\/#website\",\"url\":\"https:\/\/yonifeel.com\/\",\"name\":\"Yonifeel\",\"description\":\"Feel the wellness\",\"publisher\":{\"@id\":\"https:\/\/yonifeel.com\/#organization\"},\"potentialAction\":[{\"@type\":\"SearchAction\",\"target\":{\"@type\":\"EntryPoint\",\"urlTemplate\":\"https:\/\/yonifeel.com\/?s={search_term_string}\"},\"query-input\":{\"@type\":\"PropertyValueSpecification\",\"valueRequired\":true,\"valueName\":\"search_term_string\"}}],\"inLanguage\":\"fr-FR\"},{\"@type\":\"Organization\",\"@id\":\"https:\/\/yonifeel.com\/#organization\",\"name\":\"Yonifeel\",\"url\":\"https:\/\/yonifeel.com\/\",\"logo\":{\"@type\":\"ImageObject\",\"inLanguage\":\"fr-FR\",\"@id\":\"https:\/\/yonifeel.com\/#\/schema\/logo\/image\/\",\"url\":\"https:\/\/yonifeel.com\/wp-content\/uploads\/2022\/05\/yonifeel-logo.png\",\"contentUrl\":\"https:\/\/yonifeel.com\/wp-content\/uploads\/2022\/05\/yonifeel-logo.png\",\"width\":2293,\"height\":1668,\"caption\":\"Yonifeel\"},\"image\":{\"@id\":\"https:\/\/yonifeel.com\/#\/schema\/logo\/image\/\"}}]}<\/script>\n<meta property=\"og:availability\" content=\"instock\" \/>\n<meta property=\"product:availability\" content=\"instock\" \/>\n<meta property=\"product:condition\" content=\"new\" \/>\n<!-- \/ Yoast SEO Premium plugin. -->","yoast_head_json":{"title":"Oeuf de yoni am\u00e9thyste - Pierre certifi\u00e9e - Yonifeel","description":"Vous cherchez \u00e0 entrer en contact avec votre \u00e9nergie spirituelle int\u00e9rieure ? L'\u0153uf de yoni en am\u00e9thyste est la pierre de l'esprit. Elle permet de calmer notre esprit. Achetez maintenant !","robots":{"index":"index","follow":"follow","max-snippet":"max-snippet:-1","max-image-preview":"max-image-preview:large","max-video-preview":"max-video-preview:-1"},"canonical":"https:\/\/yonifeel.com\/fr\/produit\/oeuf-de-yoni-amethyste\/","og_locale":"fr_FR","og_type":"article","og_title":"Amethyst yoni egg","og_description":"Looking to get in touch with your inner spiritual energy? Amethyst Yoni Egg is the stone of the spirit. It allows to calm our mind. Shop now!","og_url":"https:\/\/yonifeel.com\/fr\/produit\/oeuf-de-yoni-amethyste\/","og_site_name":"Yonifeel","article_modified_time":"2024-12-09T09:15:52+00:00","og_image":[{"width":2560,"height":2560,"url":"https:\/\/yonifeel.com\/wp-content\/uploads\/2022\/11\/amethyste-1-scaled.jpg","type":"image\/jpeg"}],"twitter_card":"summary_large_image","twitter_misc":{"Availability":"In stock"},"schema":{"@context":"https:\/\/schema.org","@graph":[{"@type":"WebPage","@id":"https:\/\/yonifeel.com\/product\/amethyst-yoni-egg\/","url":"https:\/\/yonifeel.com\/product\/amethyst-yoni-egg\/","name":"Oeuf de yoni am\u00e9thyste - Pierre certifi\u00e9e - Yonifeel","isPartOf":{"@id":"https:\/\/yonifeel.com\/#website"},"primaryImageOfPage":{"@id":"https:\/\/yonifeel.com\/product\/amethyst-yoni-egg\/#primaryimage"},"image":{"@id":"https:\/\/yonifeel.com\/product\/amethyst-yoni-egg\/#primaryimage"},"thumbnailUrl":"https:\/\/yonifeel.com\/wp-content\/uploads\/2022\/11\/amethyste-1-scaled.jpg","datePublished":"2022-11-16T05:01:54+00:00","dateModified":"2024-12-09T09:15:52+00:00","description":"Vous cherchez \u00e0 entrer en contact avec votre \u00e9nergie spirituelle int\u00e9rieure ? L'\u0153uf de yoni en am\u00e9thyste est la pierre de l'esprit. Elle permet de calmer notre esprit. Achetez maintenant !","breadcrumb":{"@id":"https:\/\/yonifeel.com\/product\/amethyst-yoni-egg\/#breadcrumb"},"inLanguage":"fr-FR","potentialAction":[{"@type":"ReadAction","target":["https:\/\/yonifeel.com\/product\/amethyst-yoni-egg\/"]}]},{"@type":"ImageObject","inLanguage":"fr-FR","@id":"https:\/\/yonifeel.com\/product\/amethyst-yoni-egg\/#primaryimage","url":"https:\/\/yonifeel.com\/wp-content\/uploads\/2022\/11\/amethyste-1-scaled.jpg","contentUrl":"https:\/\/yonifeel.com\/wp-content\/uploads\/2022\/11\/amethyste-1-scaled.jpg","width":2560,"height":2560,"caption":"Amethyst yoni egg"},{"@type":"BreadcrumbList","@id":"https:\/\/yonifeel.com\/product\/amethyst-yoni-egg\/#breadcrumb","itemListElement":[{"@type":"ListItem","position":1,"name":"Accueil","item":"https:\/\/yonifeel.com\/"},{"@type":"ListItem","position":2,"name":"Shop","item":"https:\/\/yonifeel.com\/shop\/"},{"@type":"ListItem","position":3,"name":"Amethyst yoni egg"}]},{"@type":"WebSite","@id":"https:\/\/yonifeel.com\/#website","url":"https:\/\/yonifeel.com\/","name":"Yonifeel","description":"Feel the wellness","publisher":{"@id":"https:\/\/yonifeel.com\/#organization"},"potentialAction":[{"@type":"SearchAction","target":{"@type":"EntryPoint","urlTemplate":"https:\/\/yonifeel.com\/?s={search_term_string}"},"query-input":{"@type":"PropertyValueSpecification","valueRequired":true,"valueName":"search_term_string"}}],"inLanguage":"fr-FR"},{"@type":"Organization","@id":"https:\/\/yonifeel.com\/#organization","name":"Yonifeel","url":"https:\/\/yonifeel.com\/","logo":{"@type":"ImageObject","inLanguage":"fr-FR","@id":"https:\/\/yonifeel.com\/#\/schema\/logo\/image\/","url":"https:\/\/yonifeel.com\/wp-content\/uploads\/2022\/05\/yonifeel-logo.png","contentUrl":"https:\/\/yonifeel.com\/wp-content\/uploads\/2022\/05\/yonifeel-logo.png","width":2293,"height":1668,"caption":"Yonifeel"},"image":{"@id":"https:\/\/yonifeel.com\/#\/schema\/logo\/image\/"}}]},"og_availability":"instock","product_availability":"instock","product_condition":"new"},"_links":{"self":[{"href":"https:\/\/yonifeel.com\/fr\/wp-json\/wp\/v2\/product\/1846","targetHints":{"allow":["GET"]}}],"collection":[{"href":"https:\/\/yonifeel.com\/fr\/wp-json\/wp\/v2\/product"}],"about":[{"href":"https:\/\/yonifeel.com\/fr\/wp-json\/wp\/v2\/types\/product"}],"version-history":[{"count":6,"href":"https:\/\/yonifeel.com\/fr\/wp-json\/wp\/v2\/product\/1846\/revisions"}],"predecessor-version":[{"id":2787,"href":"https:\/\/yonifeel.com\/fr\/wp-json\/wp\/v2\/product\/1846\/revisions\/2787"}],"wp:featuredmedia":[{"embeddable":true,"href":"https:\/\/yonifeel.com\/fr\/wp-json\/wp\/v2\/media\/1908"}],"wp:attachment":[{"href":"https:\/\/yonifeel.com\/fr\/wp-json\/wp\/v2\/media?parent=1846"}],"wp:term":[{"taxonomy":"product_brand","embeddable":true,"href":"https:\/\/yonifeel.com\/fr\/wp-json\/wp\/v2\/product_brand?post=1846"},{"taxonomy":"product_cat","embeddable":true,"href":"https:\/\/yonifeel.com\/fr\/wp-json\/wp\/v2\/product_cat?post=1846"},{"taxonomy":"product_tag","embeddable":true,"href":"https:\/\/yonifeel.com\/fr\/wp-json\/wp\/v2\/product_tag?post=1846"}],"curies":[{"name":"wp","href":"https:\/\/api.w.org\/{rel}","templated":true}]}}