{"id":1850,"date":"2022-11-16T06:01:58","date_gmt":"2022-11-16T05:01:58","guid":{"rendered":"https:\/\/yonifeel.com\/?post_type=product&#038;p=1850"},"modified":"2024-12-09T10:16:20","modified_gmt":"2024-12-09T09:16:20","slug":"aventurine-yoni-egg","status":"publish","type":"product","link":"https:\/\/yonifeel.com\/fr\/produit\/oeuf-de-yoni-aventurine\/","title":{"rendered":"Oeuf de yoni Aventurine"},"content":{"rendered":"<p>It promotes good choices, choices made in positive thoughts and not in fear. It brings peace of mind and closure to complex situations. It will allow you to refocus on yourself in a calm environment while remaining open to the outside world.<\/p>\n<p>It is the stone of independence. It favours regeneration.<\/p>\n<ul>\n<li>Our stones come from India (Certificate of authenticity of the stones)<\/li>\n<li>Untreated stone<\/li>\n<li>Worldwide shipping from France<\/li>\n<li>Natural cord<\/li>\n<li>Product approved by our testers<\/li>\n<\/ul>\n<h3>What are the uses of aventurine stone?<\/h3>\n<p>There are many uses of the aventurine stone in lithotherapy, here are some examples:<\/p>\n<ul>\n<li>Carry an aventurine stone with you or place it in your work environment to attract abundance and good luck.<\/li>\n<li>Use it as a meditation stone to help calm thoughts and emotions and build confidence.<\/li>\n<li>Place an aventurine stone on the painful area to relieve physical pain.<\/li>\n<li>Carry an aventurine stone with you or place it by your bed to help improve sleep quality.<\/li>\n<li>Use it to strengthen the immune and respiratory systems.<\/li>\n<li>Place an aventurine stone in the room where you spend a lot of time to create a peaceful and soothing atmosphere.<\/li>\n<\/ul>\n<h3>What are the virtues of aventurine in lithotherapy?<\/h3>\n<p>In lithotherapy, aventurine is considered a soothing and regenerative stone that can help to :<\/p>\n<ul>\n<li>Calm thoughts and emotions<\/li>\n<li>Promote mental clarity and concentration<\/li>\n<li>Strengthen self-confidence and self-esteem<\/li>\n<li>Attract money and abundance<\/li>\n<li>Relieve physical pain<\/li>\n<li>Strengthen the immune and respiratory systems<\/li>\n<li>Create a peaceful and soothing atmosphere in a room<\/li>\n<li>Promote good blood circulation<\/li>\n<li>Promote good sleep<\/li>\n<li>Helping recovery after illness or surgery<\/li>\n<\/ul>\n<p>These benefits are not scientifically proven and are based on spiritual and energetic beliefs and practices.<\/p>\n<h3>How does the aventurine yoni egg improve a woman&#8217;s sex life?<\/h3>\n<div class=\"w-full border-b border-black\/10 dark:border-gray-900\/50 text-gray-800 dark:text-gray-100 group bg-gray-50 dark:bg-[#444654]\">\n<div class=\"text-base gap-4 md:gap-6 m-auto md:max-w-2xl lg:max-w-2xl xl:max-w-3xl p-4 md:py-6 flex lg:px-0\">\n<div class=\"relative flex w-[calc(100%-50px)] md:flex-col lg:w-[calc(100%-115px)]\">\n<div class=\"flex flex-grow flex-col gap-3\">\n<div class=\"min-h-[20px] flex flex-col items-start gap-4 whitespace-pre-wrap\">\n<div class=\"markdown prose w-full break-words dark:prose-invert dark\">\n<p>The Aventurine yoni egg is used to strengthen the pelvic floor, increase sensation, and enhance sexual energy and orgasm intensity. It can also boost libido, self-confidence, and emotional fulfillment.<\/p>\n<\/div>\n<\/div>\n<\/div>\n<\/div>\n<\/div>\n<\/div>\n<h3>Why choose a pierced aventurine yoni egg?<\/h3>\n<p>Aventurine yoni eggs with a piercing are more user-friendly, clean, and comfortable to use, and can enhance stimulation of the pelvic floor muscles. Additionally, exercises utilizing the cord can increase the effectiveness of the workout.<\/p>\n<div style=\"width: 800px;\" class=\"wp-video\"><video class=\"wp-video-shortcode\" id=\"video-1850-1\" width=\"800\" height=\"450\" preload=\"metadata\" controls=\"controls\"><source type=\"video\/mp4\" src=\"https:\/\/yonifeel.com\/wp-content\/uploads\/2022\/11\/amethyst-yoni-egg.mp4?_=1\" \/><a href=\"https:\/\/yonifeel.com\/wp-content\/uploads\/2022\/11\/amethyst-yoni-egg.mp4\">https:\/\/yonifeel.com\/wp-content\/uploads\/2022\/11\/amethyst-yoni-egg.mp4<\/a><\/video><\/div>\n","protected":false},"excerpt":{"rendered":"<p>Avantages : c'est la pierre de l'ind\u00e9pendance. Elle favorise la r\u00e9g\u00e9n\u00e9ration.<\/p>\n<ul>\n<li>1 \u0153uf de yoni en aventurine (perc\u00e9)<\/li>\n<li>Une pochette de rangement<\/li>\n<li>Le cordon<\/li>\n<li>Un d\u00e9pliant explicatif pour d\u00e9marrer la pratique<\/li>\n<\/ul>","protected":false},"featured_media":1912,"template":"","meta":{"_acf_changed":false},"product_brand":[],"product_cat":[40],"product_tag":[],"class_list":{"0":"post-1850","1":"product","2":"type-product","3":"status-publish","4":"has-post-thumbnail","6":"product_cat-yoni-eggs","8":"first","9":"instock","10":"sale","11":"taxable","12":"shipping-taxable","13":"purchasable","14":"product-type-variable"},"bundled_by":[],"bundle_stock_status":"instock","bundle_stock_quantity":null,"bundle_virtual":false,"bundle_layout":"","bundle_add_to_cart_form_location":"","bundle_editable_in_cart":false,"bundle_sold_individually_context":"","bundle_item_grouping":"","bundle_min_size":"","bundle_max_size":"","bundled_items":[],"bundle_sell_ids":[],"acf":[],"yoast_head":"<!-- This site is optimized with the Yoast SEO Premium plugin v18.3 (Yoast SEO v27.2) - https:\/\/yoast.com\/product\/yoast-seo-premium-wordpress\/ -->\n<title>Aventurine yoni egg - Certified stone - Yonifeel<\/title>\n<meta name=\"description\" content=\"Bring balance and harmony to your body with an Aventurine Yoni Egg! This stone brings peace of mind. Shop it now, various sizes available.\" \/>\n<meta name=\"robots\" content=\"index, follow, max-snippet:-1, max-image-preview:large, max-video-preview:-1\" \/>\n<link rel=\"canonical\" href=\"https:\/\/yonifeel.com\/fr\/produit\/oeuf-de-yoni-aventurine\/\" \/>\n<meta property=\"og:locale\" content=\"fr_FR\" \/>\n<meta property=\"og:type\" content=\"article\" \/>\n<meta property=\"og:title\" content=\"Aventurine yoni egg\" \/>\n<meta property=\"og:description\" content=\"Bring balance and harmony to your body with an Aventurine Yoni Egg! This stone brings peace of mind. Shop it now, various sizes available.\" \/>\n<meta property=\"og:url\" content=\"https:\/\/yonifeel.com\/fr\/produit\/oeuf-de-yoni-aventurine\/\" \/>\n<meta property=\"og:site_name\" content=\"Yonifeel\" \/>\n<meta property=\"article:modified_time\" content=\"2024-12-09T09:16:20+00:00\" \/>\n<meta property=\"og:image\" content=\"https:\/\/yonifeel.com\/wp-content\/uploads\/2022\/11\/aventurine-1-scaled.jpg\" \/>\n\t<meta property=\"og:image:width\" content=\"2560\" \/>\n\t<meta property=\"og:image:height\" content=\"2560\" \/>\n\t<meta property=\"og:image:type\" content=\"image\/jpeg\" \/>\n<meta name=\"twitter:card\" content=\"summary_large_image\" \/>\n<meta name=\"twitter:label1\" content=\"Availability\" \/>\n\t<meta name=\"twitter:data1\" content=\"In stock\" \/>\n<script type=\"application\/ld+json\" class=\"yoast-schema-graph\">{\"@context\":\"https:\/\/schema.org\",\"@graph\":[{\"@type\":\"WebPage\",\"@id\":\"https:\/\/yonifeel.com\/product\/aventurine-yoni-egg\/\",\"url\":\"https:\/\/yonifeel.com\/product\/aventurine-yoni-egg\/\",\"name\":\"Aventurine yoni egg - Certified stone - Yonifeel\",\"isPartOf\":{\"@id\":\"https:\/\/yonifeel.com\/#website\"},\"primaryImageOfPage\":{\"@id\":\"https:\/\/yonifeel.com\/product\/aventurine-yoni-egg\/#primaryimage\"},\"image\":{\"@id\":\"https:\/\/yonifeel.com\/product\/aventurine-yoni-egg\/#primaryimage\"},\"thumbnailUrl\":\"https:\/\/yonifeel.com\/wp-content\/uploads\/2022\/11\/aventurine-1-scaled.jpg\",\"datePublished\":\"2022-11-16T05:01:58+00:00\",\"dateModified\":\"2024-12-09T09:16:20+00:00\",\"description\":\"Bring balance and harmony to your body with an Aventurine Yoni Egg! This stone brings peace of mind. Shop it now, various sizes available.\",\"breadcrumb\":{\"@id\":\"https:\/\/yonifeel.com\/product\/aventurine-yoni-egg\/#breadcrumb\"},\"inLanguage\":\"fr-FR\",\"potentialAction\":[{\"@type\":\"ReadAction\",\"target\":[\"https:\/\/yonifeel.com\/product\/aventurine-yoni-egg\/\"]}]},{\"@type\":\"ImageObject\",\"inLanguage\":\"fr-FR\",\"@id\":\"https:\/\/yonifeel.com\/product\/aventurine-yoni-egg\/#primaryimage\",\"url\":\"https:\/\/yonifeel.com\/wp-content\/uploads\/2022\/11\/aventurine-1-scaled.jpg\",\"contentUrl\":\"https:\/\/yonifeel.com\/wp-content\/uploads\/2022\/11\/aventurine-1-scaled.jpg\",\"width\":2560,\"height\":2560,\"caption\":\"Aventurine yoni egg\"},{\"@type\":\"BreadcrumbList\",\"@id\":\"https:\/\/yonifeel.com\/product\/aventurine-yoni-egg\/#breadcrumb\",\"itemListElement\":[{\"@type\":\"ListItem\",\"position\":1,\"name\":\"Accueil\",\"item\":\"https:\/\/yonifeel.com\/\"},{\"@type\":\"ListItem\",\"position\":2,\"name\":\"Shop\",\"item\":\"https:\/\/yonifeel.com\/shop\/\"},{\"@type\":\"ListItem\",\"position\":3,\"name\":\"Aventurine yoni egg\"}]},{\"@type\":\"WebSite\",\"@id\":\"https:\/\/yonifeel.com\/#website\",\"url\":\"https:\/\/yonifeel.com\/\",\"name\":\"Yonifeel\",\"description\":\"Feel the wellness\",\"publisher\":{\"@id\":\"https:\/\/yonifeel.com\/#organization\"},\"potentialAction\":[{\"@type\":\"SearchAction\",\"target\":{\"@type\":\"EntryPoint\",\"urlTemplate\":\"https:\/\/yonifeel.com\/?s={search_term_string}\"},\"query-input\":{\"@type\":\"PropertyValueSpecification\",\"valueRequired\":true,\"valueName\":\"search_term_string\"}}],\"inLanguage\":\"fr-FR\"},{\"@type\":\"Organization\",\"@id\":\"https:\/\/yonifeel.com\/#organization\",\"name\":\"Yonifeel\",\"url\":\"https:\/\/yonifeel.com\/\",\"logo\":{\"@type\":\"ImageObject\",\"inLanguage\":\"fr-FR\",\"@id\":\"https:\/\/yonifeel.com\/#\/schema\/logo\/image\/\",\"url\":\"https:\/\/yonifeel.com\/wp-content\/uploads\/2022\/05\/yonifeel-logo.png\",\"contentUrl\":\"https:\/\/yonifeel.com\/wp-content\/uploads\/2022\/05\/yonifeel-logo.png\",\"width\":2293,\"height\":1668,\"caption\":\"Yonifeel\"},\"image\":{\"@id\":\"https:\/\/yonifeel.com\/#\/schema\/logo\/image\/\"}}]}<\/script>\n<meta property=\"og:availability\" content=\"instock\" \/>\n<meta property=\"product:availability\" content=\"instock\" \/>\n<meta property=\"product:condition\" content=\"new\" \/>\n<!-- \/ Yoast SEO Premium plugin. -->","yoast_head_json":{"title":"Oeuf de yoni Aventurine - Pierre certifi\u00e9e - Yonifeel","description":"Apportez l'\u00e9quilibre et l'harmonie \u00e0 votre corps avec un Yoni Egg en aventurine ! Cette pierre apporte la paix de l'esprit. Achetez-le maintenant, diff\u00e9rentes tailles disponibles.","robots":{"index":"index","follow":"follow","max-snippet":"max-snippet:-1","max-image-preview":"max-image-preview:large","max-video-preview":"max-video-preview:-1"},"canonical":"https:\/\/yonifeel.com\/fr\/produit\/oeuf-de-yoni-aventurine\/","og_locale":"fr_FR","og_type":"article","og_title":"Aventurine yoni egg","og_description":"Bring balance and harmony to your body with an Aventurine Yoni Egg! This stone brings peace of mind. Shop it now, various sizes available.","og_url":"https:\/\/yonifeel.com\/fr\/produit\/oeuf-de-yoni-aventurine\/","og_site_name":"Yonifeel","article_modified_time":"2024-12-09T09:16:20+00:00","og_image":[{"width":2560,"height":2560,"url":"https:\/\/yonifeel.com\/wp-content\/uploads\/2022\/11\/aventurine-1-scaled.jpg","type":"image\/jpeg"}],"twitter_card":"summary_large_image","twitter_misc":{"Availability":"In stock"},"schema":{"@context":"https:\/\/schema.org","@graph":[{"@type":"WebPage","@id":"https:\/\/yonifeel.com\/product\/aventurine-yoni-egg\/","url":"https:\/\/yonifeel.com\/product\/aventurine-yoni-egg\/","name":"Oeuf de yoni Aventurine - Pierre certifi\u00e9e - Yonifeel","isPartOf":{"@id":"https:\/\/yonifeel.com\/#website"},"primaryImageOfPage":{"@id":"https:\/\/yonifeel.com\/product\/aventurine-yoni-egg\/#primaryimage"},"image":{"@id":"https:\/\/yonifeel.com\/product\/aventurine-yoni-egg\/#primaryimage"},"thumbnailUrl":"https:\/\/yonifeel.com\/wp-content\/uploads\/2022\/11\/aventurine-1-scaled.jpg","datePublished":"2022-11-16T05:01:58+00:00","dateModified":"2024-12-09T09:16:20+00:00","description":"Apportez l'\u00e9quilibre et l'harmonie \u00e0 votre corps avec un Yoni Egg en aventurine ! Cette pierre apporte la paix de l'esprit. Achetez-le maintenant, diff\u00e9rentes tailles disponibles.","breadcrumb":{"@id":"https:\/\/yonifeel.com\/product\/aventurine-yoni-egg\/#breadcrumb"},"inLanguage":"fr-FR","potentialAction":[{"@type":"ReadAction","target":["https:\/\/yonifeel.com\/product\/aventurine-yoni-egg\/"]}]},{"@type":"ImageObject","inLanguage":"fr-FR","@id":"https:\/\/yonifeel.com\/product\/aventurine-yoni-egg\/#primaryimage","url":"https:\/\/yonifeel.com\/wp-content\/uploads\/2022\/11\/aventurine-1-scaled.jpg","contentUrl":"https:\/\/yonifeel.com\/wp-content\/uploads\/2022\/11\/aventurine-1-scaled.jpg","width":2560,"height":2560,"caption":"Aventurine yoni egg"},{"@type":"BreadcrumbList","@id":"https:\/\/yonifeel.com\/product\/aventurine-yoni-egg\/#breadcrumb","itemListElement":[{"@type":"ListItem","position":1,"name":"Accueil","item":"https:\/\/yonifeel.com\/"},{"@type":"ListItem","position":2,"name":"Shop","item":"https:\/\/yonifeel.com\/shop\/"},{"@type":"ListItem","position":3,"name":"Aventurine yoni egg"}]},{"@type":"WebSite","@id":"https:\/\/yonifeel.com\/#website","url":"https:\/\/yonifeel.com\/","name":"Yonifeel","description":"Feel the wellness","publisher":{"@id":"https:\/\/yonifeel.com\/#organization"},"potentialAction":[{"@type":"SearchAction","target":{"@type":"EntryPoint","urlTemplate":"https:\/\/yonifeel.com\/?s={search_term_string}"},"query-input":{"@type":"PropertyValueSpecification","valueRequired":true,"valueName":"search_term_string"}}],"inLanguage":"fr-FR"},{"@type":"Organization","@id":"https:\/\/yonifeel.com\/#organization","name":"Yonifeel","url":"https:\/\/yonifeel.com\/","logo":{"@type":"ImageObject","inLanguage":"fr-FR","@id":"https:\/\/yonifeel.com\/#\/schema\/logo\/image\/","url":"https:\/\/yonifeel.com\/wp-content\/uploads\/2022\/05\/yonifeel-logo.png","contentUrl":"https:\/\/yonifeel.com\/wp-content\/uploads\/2022\/05\/yonifeel-logo.png","width":2293,"height":1668,"caption":"Yonifeel"},"image":{"@id":"https:\/\/yonifeel.com\/#\/schema\/logo\/image\/"}}]},"og_availability":"instock","product_availability":"instock","product_condition":"new"},"_links":{"self":[{"href":"https:\/\/yonifeel.com\/fr\/wp-json\/wp\/v2\/product\/1850","targetHints":{"allow":["GET"]}}],"collection":[{"href":"https:\/\/yonifeel.com\/fr\/wp-json\/wp\/v2\/product"}],"about":[{"href":"https:\/\/yonifeel.com\/fr\/wp-json\/wp\/v2\/types\/product"}],"version-history":[{"count":6,"href":"https:\/\/yonifeel.com\/fr\/wp-json\/wp\/v2\/product\/1850\/revisions"}],"predecessor-version":[{"id":2786,"href":"https:\/\/yonifeel.com\/fr\/wp-json\/wp\/v2\/product\/1850\/revisions\/2786"}],"wp:featuredmedia":[{"embeddable":true,"href":"https:\/\/yonifeel.com\/fr\/wp-json\/wp\/v2\/media\/1912"}],"wp:attachment":[{"href":"https:\/\/yonifeel.com\/fr\/wp-json\/wp\/v2\/media?parent=1850"}],"wp:term":[{"taxonomy":"product_brand","embeddable":true,"href":"https:\/\/yonifeel.com\/fr\/wp-json\/wp\/v2\/product_brand?post=1850"},{"taxonomy":"product_cat","embeddable":true,"href":"https:\/\/yonifeel.com\/fr\/wp-json\/wp\/v2\/product_cat?post=1850"},{"taxonomy":"product_tag","embeddable":true,"href":"https:\/\/yonifeel.com\/fr\/wp-json\/wp\/v2\/product_tag?post=1850"}],"curies":[{"name":"wp","href":"https:\/\/api.w.org\/{rel}","templated":true}]}}