{"id":1854,"date":"2022-11-16T06:02:03","date_gmt":"2022-11-16T05:02:03","guid":{"rendered":"https:\/\/yonifeel.com\/?post_type=product&#038;p=1854"},"modified":"2024-12-09T10:16:50","modified_gmt":"2024-12-09T09:16:50","slug":"tigers-eye-yoni-egg","status":"publish","type":"product","link":"https:\/\/yonifeel.com\/fr\/produit\/oeuf-de-yoni-oeil-de-tigre\/","title":{"rendered":"Oeuf de yoni Oeil de tigre"},"content":{"rendered":"<p>C'est la pierre de protection. Elle \u00e9loigne les \u00e9nergies n\u00e9gatives.<\/p>\n<p>L'\u0153il de tigre \u00e9loigne les pens\u00e9es n\u00e9gatives gr\u00e2ce \u00e0 son bouclier \u00e9nerg\u00e9tique. Il offre assurance, force et courage. Il apporte la stabilit\u00e9 \u00e0 notre syst\u00e8me nerveux en \u00e9quilibrant nos \u00e9nergies. L'oeil de tigre a \u00e9galement un effet b\u00e9n\u00e9fique sur notre syst\u00e8me digestif.<\/p>\n<ul>\n<li>Origine : Inde (Certificat d'authenticit\u00e9 des pierres)<\/li>\n<li>Pierre naturelle non trait\u00e9e<\/li>\n<li>Livraison internationale depuis la France<\/li>\n<li>Cordon non trait\u00e9<\/li>\n<li>Produit approuv\u00e9 par nos testeuses<\/li>\n<\/ul>\n<h3>Quels sont les bienfaits de l'oeil de tigre ?<\/h3>\n<p>En tant que pierre semi-pr\u00e9cieuse, l'\u0153uf de yoni \u0153il de tigre est souvent utilis\u00e9 en lithoth\u00e9rapie pour ses propri\u00e9t\u00e9s protectrices et \u00e9quilibrantes. Il est utilis\u00e9 pour renforcer la confiance en soi et l'estime de soi, pour favoriser la clart\u00e9 mentale et la concentration, pour renforcer la volont\u00e9 et la d\u00e9termination, pour aider \u00e0 surmonter la peur et la nervosit\u00e9, pour renforcer le syst\u00e8me immunitaire et pour favoriser une bonne circulation sanguine.<\/p>\n<p>Elle est \u00e9galement consid\u00e9r\u00e9e comme une pierre de protection contre les \u00e9nergies n\u00e9gatives. Elle est souvent utilis\u00e9e pour \u00e9loigner les sorts et les \u00e9nergies mal\u00e9fiques et pour attirer la chance et la prosp\u00e9rit\u00e9.<\/p>\n<h3>Quelles sont les vertus de la pierre oeil de tigre ?<\/h3>\n<p>Il existe de nombreuses utilisations de la pierre \u0153il de tigre en lithoth\u00e9rapie, en voici quelques exemples :<\/p>\n<ul>\n<li>Portez une pierre d'\u0153il de tigre sur vous ou placez-la dans votre environnement de travail pour renforcer la confiance en soi, l'estime de soi et pour attirer la chance et la prosp\u00e9rit\u00e9.<\/li>\n<li>Utilisez-la comme pierre de m\u00e9ditation pour am\u00e9liorer la clart\u00e9 mentale et la concentration.<\/li>\n<li>Placez une pierre d'\u0153il de tigre sur une zone douloureuse pour soulager la douleur physique.<\/li>\n<li>Portez une pierre d'\u0153il de tigre pour renforcer les syst\u00e8mes immunitaire et respiratoire.<\/li>\n<li>Utilisez-la pour surmonter la peur et la nervosit\u00e9.<\/li>\n<li>Placez une pierre d'\u0153il de tigre dans la pi\u00e8ce o\u00f9 vous passez beaucoup de temps pour cr\u00e9er une atmosph\u00e8re protectrice.<\/li>\n<li>Utilisez-la comme pierre de protection contre les \u00e9nergies n\u00e9gatives, pour chasser les mauvais sorts et les mauvaises \u00e9nergies.<\/li>\n<li>Utilisez-le pour favoriser une bonne circulation sanguine.<\/li>\n<\/ul>\n<p>Ces bienfaits ne sont pas scientifiquement prouv\u00e9s et sont bas\u00e9s sur des croyances et des pratiques spirituelles et \u00e9nerg\u00e9tiques.<\/p>\n<h3>Comment l'\u0153uf de yoni de l'\u0153il de tigre am\u00e9liore-t-il la vie sexuelle d'une femme ?<\/h3>\n<p>L'\u0153uf de yoni \u0153il de tigre est utilis\u00e9 pour renforcer les muscles du plancher pelvien et augmenter la sensibilit\u00e9, l'\u00e9nergie sexuelle et la qualit\u00e9 de l'orgasme. Il peut \u00e9galement augmenter la libido, la confiance en soi et l'\u00e9panouissement \u00e9motionnel.<\/p>\n<h3>Pourquoi choisir un \u0153uf de yoni perc\u00e9 en \u0153il de tigre ?<\/h3>\n<p>Les \u0153ufs de yoni perc\u00e9s en \u0153il de tigre sont une option pratique et hygi\u00e9nique pour les exercices des muscles du plancher pelvien, et le cordon peut \u00eatre utilis\u00e9 pour augmenter l'intensit\u00e9 de l'entra\u00eenement.<\/p>\n<div style=\"width: 800px;\" class=\"wp-video\"><video class=\"wp-video-shortcode\" id=\"video-1854-1\" width=\"800\" height=\"450\" preload=\"metadata\" controls=\"controls\"><source type=\"video\/mp4\" src=\"https:\/\/yonifeel.com\/wp-content\/uploads\/2022\/11\/tiger-eyey-yoni-egg.mp4?_=1\" \/><a href=\"https:\/\/yonifeel.com\/wp-content\/uploads\/2022\/11\/tiger-eyey-yoni-egg.mp4\">https:\/\/yonifeel.com\/wp-content\/uploads\/2022\/11\/tiger-eyey-yoni-egg.mp4<\/a><\/video><\/div>","protected":false},"excerpt":{"rendered":"<p>Avantages : c'est la pierre de protection. Elle \u00e9loigne les \u00e9nergies n\u00e9gatives.<\/p>\n<ul>\n<li>1 Oeuf de yoni Oeil de tigre (perc\u00e9)<\/li>\n<li>Une pochette de rangement<\/li>\n<li>Le cordon<\/li>\n<li>Un d\u00e9pliant explicatif pour d\u00e9marrer la pratique<\/li>\n<\/ul>","protected":false},"featured_media":1917,"template":"","meta":{"_acf_changed":false},"product_brand":[],"product_cat":[40],"product_tag":[],"class_list":{"0":"post-1854","1":"product","2":"type-product","3":"status-publish","4":"has-post-thumbnail","6":"product_cat-yoni-eggs","8":"first","9":"instock","10":"taxable","11":"shipping-taxable","12":"purchasable","13":"product-type-variable"},"bundled_by":[],"bundle_stock_status":"instock","bundle_stock_quantity":null,"bundle_virtual":false,"bundle_layout":"","bundle_add_to_cart_form_location":"","bundle_editable_in_cart":false,"bundle_sold_individually_context":"","bundle_item_grouping":"","bundle_min_size":"","bundle_max_size":"","bundled_items":[],"bundle_sell_ids":[],"acf":[],"yoast_head":"<!-- This site is optimized with the Yoast SEO Premium plugin v18.3 (Yoast SEO v27.2) - https:\/\/yoast.com\/product\/yoast-seo-premium-wordpress\/ -->\n<title>Tiger&#039;s eye yoni egg - Certified stone - Yonifeel<\/title>\n<meta name=\"description\" content=\"Harness the unique energy of a Tiger&#039;s Eye yoni egg, use it as part of your daily self-care routine. It is the stone of protection. Unlock its potential!\" \/>\n<meta name=\"robots\" content=\"index, follow, max-snippet:-1, max-image-preview:large, max-video-preview:-1\" \/>\n<link rel=\"canonical\" href=\"https:\/\/yonifeel.com\/fr\/produit\/oeuf-de-yoni-oeil-de-tigre\/\" \/>\n<meta property=\"og:locale\" content=\"fr_FR\" \/>\n<meta property=\"og:type\" content=\"article\" \/>\n<meta property=\"og:title\" content=\"Tiger&#039;s eye yoni egg\" \/>\n<meta property=\"og:description\" content=\"Harness the unique energy of a Tiger&#039;s Eye yoni egg, use it as part of your daily self-care routine. It is the stone of protection. Unlock its potential!\" \/>\n<meta property=\"og:url\" content=\"https:\/\/yonifeel.com\/fr\/produit\/oeuf-de-yoni-oeil-de-tigre\/\" \/>\n<meta property=\"og:site_name\" content=\"Yonifeel\" \/>\n<meta property=\"article:modified_time\" content=\"2024-12-09T09:16:50+00:00\" \/>\n<meta property=\"og:image\" content=\"https:\/\/yonifeel.com\/wp-content\/uploads\/2022\/11\/oeil-de-tigre-1-scaled.jpg\" \/>\n\t<meta property=\"og:image:width\" content=\"2560\" \/>\n\t<meta property=\"og:image:height\" content=\"2560\" \/>\n\t<meta property=\"og:image:type\" content=\"image\/jpeg\" \/>\n<meta name=\"twitter:card\" content=\"summary_large_image\" \/>\n<meta name=\"twitter:label1\" content=\"Availability\" \/>\n\t<meta name=\"twitter:data1\" content=\"In stock\" \/>\n<script type=\"application\/ld+json\" class=\"yoast-schema-graph\">{\"@context\":\"https:\/\/schema.org\",\"@graph\":[{\"@type\":\"WebPage\",\"@id\":\"https:\/\/yonifeel.com\/product\/tigers-eye-yoni-egg\/\",\"url\":\"https:\/\/yonifeel.com\/product\/tigers-eye-yoni-egg\/\",\"name\":\"Tiger's eye yoni egg - Certified stone - Yonifeel\",\"isPartOf\":{\"@id\":\"https:\/\/yonifeel.com\/#website\"},\"primaryImageOfPage\":{\"@id\":\"https:\/\/yonifeel.com\/product\/tigers-eye-yoni-egg\/#primaryimage\"},\"image\":{\"@id\":\"https:\/\/yonifeel.com\/product\/tigers-eye-yoni-egg\/#primaryimage\"},\"thumbnailUrl\":\"https:\/\/yonifeel.com\/wp-content\/uploads\/2022\/11\/oeil-de-tigre-1-scaled.jpg\",\"datePublished\":\"2022-11-16T05:02:03+00:00\",\"dateModified\":\"2024-12-09T09:16:50+00:00\",\"description\":\"Harness the unique energy of a Tiger's Eye yoni egg, use it as part of your daily self-care routine. It is the stone of protection. Unlock its potential!\",\"breadcrumb\":{\"@id\":\"https:\/\/yonifeel.com\/product\/tigers-eye-yoni-egg\/#breadcrumb\"},\"inLanguage\":\"fr-FR\",\"potentialAction\":[{\"@type\":\"ReadAction\",\"target\":[\"https:\/\/yonifeel.com\/product\/tigers-eye-yoni-egg\/\"]}]},{\"@type\":\"ImageObject\",\"inLanguage\":\"fr-FR\",\"@id\":\"https:\/\/yonifeel.com\/product\/tigers-eye-yoni-egg\/#primaryimage\",\"url\":\"https:\/\/yonifeel.com\/wp-content\/uploads\/2022\/11\/oeil-de-tigre-1-scaled.jpg\",\"contentUrl\":\"https:\/\/yonifeel.com\/wp-content\/uploads\/2022\/11\/oeil-de-tigre-1-scaled.jpg\",\"width\":2560,\"height\":2560,\"caption\":\"Tiger's eye yoni egg\"},{\"@type\":\"BreadcrumbList\",\"@id\":\"https:\/\/yonifeel.com\/product\/tigers-eye-yoni-egg\/#breadcrumb\",\"itemListElement\":[{\"@type\":\"ListItem\",\"position\":1,\"name\":\"Accueil\",\"item\":\"https:\/\/yonifeel.com\/\"},{\"@type\":\"ListItem\",\"position\":2,\"name\":\"Shop\",\"item\":\"https:\/\/yonifeel.com\/shop\/\"},{\"@type\":\"ListItem\",\"position\":3,\"name\":\"Tiger&#8217;s eye yoni egg\"}]},{\"@type\":\"WebSite\",\"@id\":\"https:\/\/yonifeel.com\/#website\",\"url\":\"https:\/\/yonifeel.com\/\",\"name\":\"Yonifeel\",\"description\":\"Feel the wellness\",\"publisher\":{\"@id\":\"https:\/\/yonifeel.com\/#organization\"},\"potentialAction\":[{\"@type\":\"SearchAction\",\"target\":{\"@type\":\"EntryPoint\",\"urlTemplate\":\"https:\/\/yonifeel.com\/?s={search_term_string}\"},\"query-input\":{\"@type\":\"PropertyValueSpecification\",\"valueRequired\":true,\"valueName\":\"search_term_string\"}}],\"inLanguage\":\"fr-FR\"},{\"@type\":\"Organization\",\"@id\":\"https:\/\/yonifeel.com\/#organization\",\"name\":\"Yonifeel\",\"url\":\"https:\/\/yonifeel.com\/\",\"logo\":{\"@type\":\"ImageObject\",\"inLanguage\":\"fr-FR\",\"@id\":\"https:\/\/yonifeel.com\/#\/schema\/logo\/image\/\",\"url\":\"https:\/\/yonifeel.com\/wp-content\/uploads\/2022\/05\/yonifeel-logo.png\",\"contentUrl\":\"https:\/\/yonifeel.com\/wp-content\/uploads\/2022\/05\/yonifeel-logo.png\",\"width\":2293,\"height\":1668,\"caption\":\"Yonifeel\"},\"image\":{\"@id\":\"https:\/\/yonifeel.com\/#\/schema\/logo\/image\/\"}}]}<\/script>\n<meta property=\"og:availability\" content=\"instock\" \/>\n<meta property=\"product:availability\" content=\"instock\" \/>\n<meta property=\"product:condition\" content=\"new\" \/>\n<!-- \/ Yoast SEO Premium plugin. -->","yoast_head_json":{"title":"Tiger's eye yoni egg - Certified stone - Yonifeel","description":"Harness the unique energy of a Tiger's Eye yoni egg, use it as part of your daily self-care routine. It is the stone of protection. Unlock its potential!","robots":{"index":"index","follow":"follow","max-snippet":"max-snippet:-1","max-image-preview":"max-image-preview:large","max-video-preview":"max-video-preview:-1"},"canonical":"https:\/\/yonifeel.com\/fr\/produit\/oeuf-de-yoni-oeil-de-tigre\/","og_locale":"fr_FR","og_type":"article","og_title":"Tiger's eye yoni egg","og_description":"Harness the unique energy of a Tiger's Eye yoni egg, use it as part of your daily self-care routine. It is the stone of protection. Unlock its potential!","og_url":"https:\/\/yonifeel.com\/fr\/produit\/oeuf-de-yoni-oeil-de-tigre\/","og_site_name":"Yonifeel","article_modified_time":"2024-12-09T09:16:50+00:00","og_image":[{"width":2560,"height":2560,"url":"https:\/\/yonifeel.com\/wp-content\/uploads\/2022\/11\/oeil-de-tigre-1-scaled.jpg","type":"image\/jpeg"}],"twitter_card":"summary_large_image","twitter_misc":{"Availability":"In stock"},"schema":{"@context":"https:\/\/schema.org","@graph":[{"@type":"WebPage","@id":"https:\/\/yonifeel.com\/product\/tigers-eye-yoni-egg\/","url":"https:\/\/yonifeel.com\/product\/tigers-eye-yoni-egg\/","name":"Tiger's eye yoni egg - Certified stone - Yonifeel","isPartOf":{"@id":"https:\/\/yonifeel.com\/#website"},"primaryImageOfPage":{"@id":"https:\/\/yonifeel.com\/product\/tigers-eye-yoni-egg\/#primaryimage"},"image":{"@id":"https:\/\/yonifeel.com\/product\/tigers-eye-yoni-egg\/#primaryimage"},"thumbnailUrl":"https:\/\/yonifeel.com\/wp-content\/uploads\/2022\/11\/oeil-de-tigre-1-scaled.jpg","datePublished":"2022-11-16T05:02:03+00:00","dateModified":"2024-12-09T09:16:50+00:00","description":"Harness the unique energy of a Tiger's Eye yoni egg, use it as part of your daily self-care routine. It is the stone of protection. Unlock its potential!","breadcrumb":{"@id":"https:\/\/yonifeel.com\/product\/tigers-eye-yoni-egg\/#breadcrumb"},"inLanguage":"fr-FR","potentialAction":[{"@type":"ReadAction","target":["https:\/\/yonifeel.com\/product\/tigers-eye-yoni-egg\/"]}]},{"@type":"ImageObject","inLanguage":"fr-FR","@id":"https:\/\/yonifeel.com\/product\/tigers-eye-yoni-egg\/#primaryimage","url":"https:\/\/yonifeel.com\/wp-content\/uploads\/2022\/11\/oeil-de-tigre-1-scaled.jpg","contentUrl":"https:\/\/yonifeel.com\/wp-content\/uploads\/2022\/11\/oeil-de-tigre-1-scaled.jpg","width":2560,"height":2560,"caption":"Tiger's eye yoni egg"},{"@type":"BreadcrumbList","@id":"https:\/\/yonifeel.com\/product\/tigers-eye-yoni-egg\/#breadcrumb","itemListElement":[{"@type":"ListItem","position":1,"name":"Accueil","item":"https:\/\/yonifeel.com\/"},{"@type":"ListItem","position":2,"name":"Shop","item":"https:\/\/yonifeel.com\/shop\/"},{"@type":"ListItem","position":3,"name":"Tiger&#8217;s eye yoni egg"}]},{"@type":"WebSite","@id":"https:\/\/yonifeel.com\/#website","url":"https:\/\/yonifeel.com\/","name":"Yonifeel","description":"Feel the wellness","publisher":{"@id":"https:\/\/yonifeel.com\/#organization"},"potentialAction":[{"@type":"SearchAction","target":{"@type":"EntryPoint","urlTemplate":"https:\/\/yonifeel.com\/?s={search_term_string}"},"query-input":{"@type":"PropertyValueSpecification","valueRequired":true,"valueName":"search_term_string"}}],"inLanguage":"fr-FR"},{"@type":"Organization","@id":"https:\/\/yonifeel.com\/#organization","name":"Yonifeel","url":"https:\/\/yonifeel.com\/","logo":{"@type":"ImageObject","inLanguage":"fr-FR","@id":"https:\/\/yonifeel.com\/#\/schema\/logo\/image\/","url":"https:\/\/yonifeel.com\/wp-content\/uploads\/2022\/05\/yonifeel-logo.png","contentUrl":"https:\/\/yonifeel.com\/wp-content\/uploads\/2022\/05\/yonifeel-logo.png","width":2293,"height":1668,"caption":"Yonifeel"},"image":{"@id":"https:\/\/yonifeel.com\/#\/schema\/logo\/image\/"}}]},"og_availability":"instock","product_availability":"instock","product_condition":"new"},"_links":{"self":[{"href":"https:\/\/yonifeel.com\/fr\/wp-json\/wp\/v2\/product\/1854","targetHints":{"allow":["GET"]}}],"collection":[{"href":"https:\/\/yonifeel.com\/fr\/wp-json\/wp\/v2\/product"}],"about":[{"href":"https:\/\/yonifeel.com\/fr\/wp-json\/wp\/v2\/types\/product"}],"version-history":[{"count":4,"href":"https:\/\/yonifeel.com\/fr\/wp-json\/wp\/v2\/product\/1854\/revisions"}],"predecessor-version":[{"id":2749,"href":"https:\/\/yonifeel.com\/fr\/wp-json\/wp\/v2\/product\/1854\/revisions\/2749"}],"wp:featuredmedia":[{"embeddable":true,"href":"https:\/\/yonifeel.com\/fr\/wp-json\/wp\/v2\/media\/1917"}],"wp:attachment":[{"href":"https:\/\/yonifeel.com\/fr\/wp-json\/wp\/v2\/media?parent=1854"}],"wp:term":[{"taxonomy":"product_brand","embeddable":true,"href":"https:\/\/yonifeel.com\/fr\/wp-json\/wp\/v2\/product_brand?post=1854"},{"taxonomy":"product_cat","embeddable":true,"href":"https:\/\/yonifeel.com\/fr\/wp-json\/wp\/v2\/product_cat?post=1854"},{"taxonomy":"product_tag","embeddable":true,"href":"https:\/\/yonifeel.com\/fr\/wp-json\/wp\/v2\/product_tag?post=1854"}],"curies":[{"name":"wp","href":"https:\/\/api.w.org\/{rel}","templated":true}]}}