{"id":2451,"date":"2023-04-04T08:59:51","date_gmt":"2023-04-04T06:59:51","guid":{"rendered":"https:\/\/yonifeel.com\/?post_type=product&#038;p=2451"},"modified":"2024-12-09T10:12:16","modified_gmt":"2024-12-09T09:12:16","slug":"kegel-exerciser","status":"publish","type":"product","link":"https:\/\/yonifeel.com\/fr\/produit\/sonde-perineale\/","title":{"rendered":"Sonde p\u00e9rin\u00e9ale connect\u00e9e"},"content":{"rendered":"<p>La sonde connect\u00e9e permet de travailler les muscles du p\u00e9rin\u00e9e \u00e0 domicile en toute autonomie. Elle s'adapte \u00e0 toutes les morphologies et convient \u00e0 toutes les tonalit\u00e9s p\u00e9rin\u00e9ales. En r\u00e9\u00e9duquant votre p\u00e9rin\u00e9e, vous pouvez :<\/p>\n<ul>\n<li>Pr\u00e9venir ou r\u00e9duire les fuites urinaires<\/li>\n<li>Am\u00e9liorer la tonicit\u00e9 du p\u00e9rin\u00e9e<\/li>\n<li>Acc\u00e9l\u00e9rer la r\u00e9adaptation post-partum<\/li>\n<li>Augmenter votre plaisir intime gr\u00e2ce \u00e0 un muscle plus ferme<\/li>\n<li>R\u00e9duire les sympt\u00f4mes du prolapsus<\/li>\n<\/ul>\n<h3>Pourquoi r\u00e9\u00e9duquer le p\u00e9rin\u00e9e ?<\/h3>\n<p>La fonction principale du p\u00e9rin\u00e9e est de maintenir les organes internes \u00e0 leur place. Il sert \u00e9galement \u00e0 stabiliser le bassin.<\/p>\n<p>Apr\u00e8s l'accouchement, le p\u00e9rin\u00e9e doit absolument \u00eatre retravaill\u00e9, avec la pression du b\u00e9b\u00e9 tout au long de la grossesse et l'\u00e9tirement du p\u00e9rin\u00e9e lors de l'accouchement. Comme tous les muscles, c'est en le travaillant qu'il revient \u00e0 sa position initiale et retrouve sa tonicit\u00e9.<\/p>\n<p>Le corps m\u00e9dical est bien conscient de ce ph\u00e9nom\u00e8ne et c'est pourquoi des s\u00e9ances de r\u00e9\u00e9ducation sont propos\u00e9es apr\u00e8s chaque accouchement. Cela peut se faire manuellement ou par travail manuel ou par \u00e9lectrostimulation.<\/p>\n<p>Malheureusement, parfois ces s\u00e9ances ne suffisent pas et quelques ann\u00e9es plus tard, on d\u00e9couvre que l'on a des fuites urinaires lors de certains mouvements ou que l'on a une descente d'organes. C'est alors que le choix de la r\u00e9\u00e9ducation \u00e0 domicile s'impose.<\/p>\n<p>Sur un plan plus intime, la r\u00e9\u00e9ducation du p\u00e9rin\u00e9e permet de retrouver plus de sensations lors des rapports intimes.<\/p>\n<h3>Pourquoi choisir une sonde connect\u00e9e ?<\/h3>\n<p>L'application propos\u00e9e avec notre sonde vous permet de travailler \u00e0 votre rythme et de mani\u00e8re ludique.<\/p>\n<p>Vous pouvez choisir entre des s\u00e9ances de travail personnalis\u00e9es en fonction de votre niveau ou des jeux dans lesquels vous faites travailler votre p\u00e9rin\u00e9e pour gagner des points et des m\u00e9dailles.<\/p>\n<p>Gr\u00e2ce \u00e0 cette application, vous restez motiv\u00e9 et vous suivez vos progr\u00e8s gr\u00e2ce \u00e0 des tableaux statistiques et une visibilit\u00e9 de votre progression.<\/p>\n<h3>Quels sont les avantages d'une sonde connect\u00e9e ?<\/h3>\n<p>Les b\u00e9n\u00e9fices de cette sonde sont multiples, l'utilisation d'une sonde d'\u00e9lectrostimulation permet de remodeler le p\u00e9rin\u00e9e pour r\u00e9duire ou supprimer les fuites urinaires et l'incontinence. Elle est indispensable apr\u00e8s l'accouchement pour pr\u00e9venir le prolapsus.<\/p>\n<p>La sonde vous permet de garder le contr\u00f4le de la r\u00e9\u00e9ducation de votre p\u00e9rin\u00e9e \u00e0 diff\u00e9rents moments de sa vie (apr\u00e8s un accouchement, apr\u00e8s des mois de sport intensif, \u00e0 l'approche de la m\u00e9nopause).<\/p>\n<p>En mati\u00e8re de r\u00e9\u00e9ducation p\u00e9rin\u00e9ale, la sonde p\u00e9rin\u00e9ale connect\u00e9e est un dispositif m\u00e9dical qui permet de tonifier et de renforcer le p\u00e9rin\u00e9e.<\/p>","protected":false},"excerpt":{"rendered":"<p><strong>B\u00e9n\u00e9fices :<\/strong><\/p>\n<ul>\n<li>Renforcer son p\u00e9rin\u00e9e \u00e0 la maison<\/li>\n<li>R\u00e9sultats \u00e0 partir de 3 semaines<\/li>\n<li>Application simple et gratuite (iPhone et Android)<\/li>\n<\/ul>","protected":false},"featured_media":2459,"template":"","meta":{"_acf_changed":false},"product_brand":[],"product_cat":[40],"product_tag":[],"class_list":{"0":"post-2451","1":"product","2":"type-product","3":"status-publish","4":"has-post-thumbnail","6":"product_cat-yoni-eggs","8":"first","9":"outofstock","10":"taxable","11":"shipping-taxable","12":"purchasable","13":"product-type-simple"},"bundled_by":[],"bundle_stock_status":"outofstock","bundle_stock_quantity":null,"bundle_virtual":false,"bundle_layout":"","bundle_add_to_cart_form_location":"","bundle_editable_in_cart":false,"bundle_sold_individually_context":"","bundle_item_grouping":"","bundle_min_size":"","bundle_max_size":"","bundled_items":[],"bundle_sell_ids":[],"acf":[],"yoast_head":"<!-- This site is optimized with the Yoast SEO Premium plugin v18.3 (Yoast SEO v27.2) - https:\/\/yoast.com\/product\/yoast-seo-premium-wordpress\/ -->\n<title>Perineal probe - Yonifeel<\/title>\n<meta name=\"description\" content=\"D\u00e9couvrez notre sonde p\u00e9rin\u00e9ale connect\u00e9e, un outil r\u00e9volutionnaire pour l&#039;exercice et la r\u00e9\u00e9ducation du p\u00e9rin\u00e9e. Commandez d\u00e8s maintenant.\" \/>\n<meta name=\"robots\" content=\"index, follow, max-snippet:-1, max-image-preview:large, max-video-preview:-1\" \/>\n<link rel=\"canonical\" href=\"https:\/\/yonifeel.com\/fr\/produit\/sonde-perineale\/\" \/>\n<meta property=\"og:locale\" content=\"fr_FR\" \/>\n<meta property=\"og:type\" content=\"article\" \/>\n<meta property=\"og:title\" content=\"Perineal probe\" \/>\n<meta property=\"og:description\" content=\"D\u00e9couvrez notre sonde p\u00e9rin\u00e9ale connect\u00e9e, un outil r\u00e9volutionnaire pour l&#039;exercice et la r\u00e9\u00e9ducation du p\u00e9rin\u00e9e. Commandez d\u00e8s maintenant.\" \/>\n<meta property=\"og:url\" content=\"https:\/\/yonifeel.com\/fr\/produit\/sonde-perineale\/\" \/>\n<meta property=\"og:site_name\" content=\"Yonifeel\" \/>\n<meta property=\"article:modified_time\" content=\"2024-12-09T09:12:16+00:00\" \/>\n<meta property=\"og:image\" content=\"https:\/\/yonifeel.com\/wp-content\/uploads\/2023\/04\/sonde-perinee-1.jpg\" \/>\n\t<meta property=\"og:image:width\" content=\"960\" \/>\n\t<meta property=\"og:image:height\" content=\"960\" \/>\n\t<meta property=\"og:image:type\" content=\"image\/jpeg\" \/>\n<meta name=\"twitter:card\" content=\"summary_large_image\" \/>\n<meta name=\"twitter:label1\" content=\"Prix\" \/>\n\t<meta name=\"twitter:data1\" content=\"&#036;52\" \/>\n\t<meta name=\"twitter:label2\" content=\"Availability\" \/>\n\t<meta name=\"twitter:data2\" content=\"Out of stock\" \/>\n<script type=\"application\/ld+json\" class=\"yoast-schema-graph\">{\"@context\":\"https:\/\/schema.org\",\"@graph\":[{\"@type\":\"WebPage\",\"@id\":\"https:\/\/yonifeel.com\/product\/kegel-exerciser\/\",\"url\":\"https:\/\/yonifeel.com\/product\/kegel-exerciser\/\",\"name\":\"Perineal probe - Yonifeel\",\"isPartOf\":{\"@id\":\"https:\/\/yonifeel.com\/#website\"},\"primaryImageOfPage\":{\"@id\":\"https:\/\/yonifeel.com\/product\/kegel-exerciser\/#primaryimage\"},\"image\":{\"@id\":\"https:\/\/yonifeel.com\/product\/kegel-exerciser\/#primaryimage\"},\"thumbnailUrl\":\"https:\/\/yonifeel.com\/wp-content\/uploads\/2023\/04\/sonde-perinee-1.jpg\",\"datePublished\":\"2023-04-04T06:59:51+00:00\",\"dateModified\":\"2024-12-09T09:12:16+00:00\",\"description\":\"D\u00e9couvrez notre sonde p\u00e9rin\u00e9ale connect\u00e9e, un outil r\u00e9volutionnaire pour l'exercice et la r\u00e9\u00e9ducation du p\u00e9rin\u00e9e. Commandez d\u00e8s maintenant.\",\"breadcrumb\":{\"@id\":\"https:\/\/yonifeel.com\/product\/kegel-exerciser\/#breadcrumb\"},\"inLanguage\":\"fr-FR\",\"potentialAction\":[{\"@type\":\"ReadAction\",\"target\":[\"https:\/\/yonifeel.com\/product\/kegel-exerciser\/\"]}]},{\"@type\":\"ImageObject\",\"inLanguage\":\"fr-FR\",\"@id\":\"https:\/\/yonifeel.com\/product\/kegel-exerciser\/#primaryimage\",\"url\":\"https:\/\/yonifeel.com\/wp-content\/uploads\/2023\/04\/sonde-perinee-1.jpg\",\"contentUrl\":\"https:\/\/yonifeel.com\/wp-content\/uploads\/2023\/04\/sonde-perinee-1.jpg\",\"width\":960,\"height\":960},{\"@type\":\"BreadcrumbList\",\"@id\":\"https:\/\/yonifeel.com\/product\/kegel-exerciser\/#breadcrumb\",\"itemListElement\":[{\"@type\":\"ListItem\",\"position\":1,\"name\":\"Accueil\",\"item\":\"https:\/\/yonifeel.com\/\"},{\"@type\":\"ListItem\",\"position\":2,\"name\":\"Shop\",\"item\":\"https:\/\/yonifeel.com\/shop\/\"},{\"@type\":\"ListItem\",\"position\":3,\"name\":\"Perineal probe\"}]},{\"@type\":\"WebSite\",\"@id\":\"https:\/\/yonifeel.com\/#website\",\"url\":\"https:\/\/yonifeel.com\/\",\"name\":\"Yonifeel\",\"description\":\"Feel the wellness\",\"publisher\":{\"@id\":\"https:\/\/yonifeel.com\/#organization\"},\"potentialAction\":[{\"@type\":\"SearchAction\",\"target\":{\"@type\":\"EntryPoint\",\"urlTemplate\":\"https:\/\/yonifeel.com\/?s={search_term_string}\"},\"query-input\":{\"@type\":\"PropertyValueSpecification\",\"valueRequired\":true,\"valueName\":\"search_term_string\"}}],\"inLanguage\":\"fr-FR\"},{\"@type\":\"Organization\",\"@id\":\"https:\/\/yonifeel.com\/#organization\",\"name\":\"Yonifeel\",\"url\":\"https:\/\/yonifeel.com\/\",\"logo\":{\"@type\":\"ImageObject\",\"inLanguage\":\"fr-FR\",\"@id\":\"https:\/\/yonifeel.com\/#\/schema\/logo\/image\/\",\"url\":\"https:\/\/yonifeel.com\/wp-content\/uploads\/2022\/05\/yonifeel-logo.png\",\"contentUrl\":\"https:\/\/yonifeel.com\/wp-content\/uploads\/2022\/05\/yonifeel-logo.png\",\"width\":2293,\"height\":1668,\"caption\":\"Yonifeel\"},\"image\":{\"@id\":\"https:\/\/yonifeel.com\/#\/schema\/logo\/image\/\"}}]}<\/script>\n<meta property=\"product:price:amount\" content=\"52\" \/>\n<meta property=\"product:price:currency\" content=\"USD\" \/>\n<meta property=\"og:availability\" content=\"out of stock\" \/>\n<meta property=\"product:availability\" content=\"out of stock\" \/>\n<meta property=\"product:condition\" content=\"new\" \/>\n<!-- \/ Yoast SEO Premium plugin. -->","yoast_head_json":{"title":"Sonde p\u00e9rin\u00e9ale connect\u00e9e - Yonifeel","description":"D\u00e9couvrez notre sonde p\u00e9rin\u00e9ale connect\u00e9e, un outil r\u00e9volutionnaire pour l'exercice et la r\u00e9\u00e9ducation du p\u00e9rin\u00e9e. Commandez d\u00e8s maintenant.","robots":{"index":"index","follow":"follow","max-snippet":"max-snippet:-1","max-image-preview":"max-image-preview:large","max-video-preview":"max-video-preview:-1"},"canonical":"https:\/\/yonifeel.com\/fr\/produit\/sonde-perineale\/","og_locale":"fr_FR","og_type":"article","og_title":"Perineal probe","og_description":"D\u00e9couvrez notre sonde p\u00e9rin\u00e9ale connect\u00e9e, un outil r\u00e9volutionnaire pour l'exercice et la r\u00e9\u00e9ducation du p\u00e9rin\u00e9e. Commandez d\u00e8s maintenant.","og_url":"https:\/\/yonifeel.com\/fr\/produit\/sonde-perineale\/","og_site_name":"Yonifeel","article_modified_time":"2024-12-09T09:12:16+00:00","og_image":[{"width":960,"height":960,"url":"https:\/\/yonifeel.com\/wp-content\/uploads\/2023\/04\/sonde-perinee-1.jpg","type":"image\/jpeg"}],"twitter_card":"summary_large_image","twitter_misc":{"Prix":"&#36;52","Availability":"Out of stock"},"schema":{"@context":"https:\/\/schema.org","@graph":[{"@type":"WebPage","@id":"https:\/\/yonifeel.com\/product\/kegel-exerciser\/","url":"https:\/\/yonifeel.com\/product\/kegel-exerciser\/","name":"Sonde p\u00e9rin\u00e9ale connect\u00e9e - Yonifeel","isPartOf":{"@id":"https:\/\/yonifeel.com\/#website"},"primaryImageOfPage":{"@id":"https:\/\/yonifeel.com\/product\/kegel-exerciser\/#primaryimage"},"image":{"@id":"https:\/\/yonifeel.com\/product\/kegel-exerciser\/#primaryimage"},"thumbnailUrl":"https:\/\/yonifeel.com\/wp-content\/uploads\/2023\/04\/sonde-perinee-1.jpg","datePublished":"2023-04-04T06:59:51+00:00","dateModified":"2024-12-09T09:12:16+00:00","description":"D\u00e9couvrez notre sonde p\u00e9rin\u00e9ale connect\u00e9e, un outil r\u00e9volutionnaire pour l'exercice et la r\u00e9\u00e9ducation du p\u00e9rin\u00e9e. Commandez d\u00e8s maintenant.","breadcrumb":{"@id":"https:\/\/yonifeel.com\/product\/kegel-exerciser\/#breadcrumb"},"inLanguage":"fr-FR","potentialAction":[{"@type":"ReadAction","target":["https:\/\/yonifeel.com\/product\/kegel-exerciser\/"]}]},{"@type":"ImageObject","inLanguage":"fr-FR","@id":"https:\/\/yonifeel.com\/product\/kegel-exerciser\/#primaryimage","url":"https:\/\/yonifeel.com\/wp-content\/uploads\/2023\/04\/sonde-perinee-1.jpg","contentUrl":"https:\/\/yonifeel.com\/wp-content\/uploads\/2023\/04\/sonde-perinee-1.jpg","width":960,"height":960},{"@type":"BreadcrumbList","@id":"https:\/\/yonifeel.com\/product\/kegel-exerciser\/#breadcrumb","itemListElement":[{"@type":"ListItem","position":1,"name":"Accueil","item":"https:\/\/yonifeel.com\/"},{"@type":"ListItem","position":2,"name":"Shop","item":"https:\/\/yonifeel.com\/shop\/"},{"@type":"ListItem","position":3,"name":"Perineal probe"}]},{"@type":"WebSite","@id":"https:\/\/yonifeel.com\/#website","url":"https:\/\/yonifeel.com\/","name":"Yonifeel","description":"Feel the wellness","publisher":{"@id":"https:\/\/yonifeel.com\/#organization"},"potentialAction":[{"@type":"SearchAction","target":{"@type":"EntryPoint","urlTemplate":"https:\/\/yonifeel.com\/?s={search_term_string}"},"query-input":{"@type":"PropertyValueSpecification","valueRequired":true,"valueName":"search_term_string"}}],"inLanguage":"fr-FR"},{"@type":"Organization","@id":"https:\/\/yonifeel.com\/#organization","name":"Yonifeel","url":"https:\/\/yonifeel.com\/","logo":{"@type":"ImageObject","inLanguage":"fr-FR","@id":"https:\/\/yonifeel.com\/#\/schema\/logo\/image\/","url":"https:\/\/yonifeel.com\/wp-content\/uploads\/2022\/05\/yonifeel-logo.png","contentUrl":"https:\/\/yonifeel.com\/wp-content\/uploads\/2022\/05\/yonifeel-logo.png","width":2293,"height":1668,"caption":"Yonifeel"},"image":{"@id":"https:\/\/yonifeel.com\/#\/schema\/logo\/image\/"}}]},"product_price_amount":"52","product_price_currency":"USD","og_availability":"out of stock","product_availability":"out of stock","product_condition":"new"},"_links":{"self":[{"href":"https:\/\/yonifeel.com\/fr\/wp-json\/wp\/v2\/product\/2451","targetHints":{"allow":["GET"]}}],"collection":[{"href":"https:\/\/yonifeel.com\/fr\/wp-json\/wp\/v2\/product"}],"about":[{"href":"https:\/\/yonifeel.com\/fr\/wp-json\/wp\/v2\/types\/product"}],"version-history":[{"count":5,"href":"https:\/\/yonifeel.com\/fr\/wp-json\/wp\/v2\/product\/2451\/revisions"}],"predecessor-version":[{"id":2463,"href":"https:\/\/yonifeel.com\/fr\/wp-json\/wp\/v2\/product\/2451\/revisions\/2463"}],"wp:featuredmedia":[{"embeddable":true,"href":"https:\/\/yonifeel.com\/fr\/wp-json\/wp\/v2\/media\/2459"}],"wp:attachment":[{"href":"https:\/\/yonifeel.com\/fr\/wp-json\/wp\/v2\/media?parent=2451"}],"wp:term":[{"taxonomy":"product_brand","embeddable":true,"href":"https:\/\/yonifeel.com\/fr\/wp-json\/wp\/v2\/product_brand?post=2451"},{"taxonomy":"product_cat","embeddable":true,"href":"https:\/\/yonifeel.com\/fr\/wp-json\/wp\/v2\/product_cat?post=2451"},{"taxonomy":"product_tag","embeddable":true,"href":"https:\/\/yonifeel.com\/fr\/wp-json\/wp\/v2\/product_tag?post=2451"}],"curies":[{"name":"wp","href":"https:\/\/api.w.org\/{rel}","templated":true}]}}