{"id":305,"date":"2022-06-06T14:45:46","date_gmt":"2022-06-06T12:45:46","guid":{"rendered":"https:\/\/yonifeel.com\/produit\/hoodie-with-logo\/"},"modified":"2024-09-30T18:01:18","modified_gmt":"2024-09-30T16:01:18","slug":"yoni-steam-herbs-for-fertility","status":"publish","type":"product","link":"https:\/\/yonifeel.com\/fr\/produit\/herbes-sauna-vaginal-pour-la-fertilite\/","title":{"rendered":"Herbes pour sauna vaginal pour la fertilit\u00e9"},"content":{"rendered":"<p>\u00c0 qui s'adresse-t-il ? Ce sachet de plantes est destin\u00e9 aux femmes qui souhaitent tomber enceintes. La pr\u00e9paration de l'ut\u00e9rus augmente les chances de procr\u00e9ation.<\/p>\n<p>Quand l'utiliser ? Vous pouvez faire 2 \u00e0 3 s\u00e9ances dans les 3 jours pr\u00e9c\u00e9dant vos r\u00e8gles et 2 \u00e0 3 s\u00e9ances dans les 3 jours suivant vos r\u00e8gles.<\/p>\n<p>Quantit\u00e9 ? 2 \u00e0 3 cuill\u00e8res \u00e0 soupe du m\u00e9lange par s\u00e9ance. Les r\u00e9sultats sont visibles apr\u00e8s 3 mois d'utilisation.<\/p>\n<p>Origine des herbes s\u00e9lectionn\u00e9es : Toutes nos herbes proviennent de fournisseurs fran\u00e7ais. Une grande partie d'entre elles sont issues de l'agriculture biologique et les autres sont issues de la culture raisonn\u00e9e. Le m\u00e9lange est organis\u00e9 pour \u00eatre le plus b\u00e9n\u00e9fique possible.<\/p>\n<p>Les avantages associ\u00e9s \u00e0 chaque plante :<br \/>\n- Feuille de framboisier : Avant la grossesse, elle constitue une excellente ressource naturelle pour un bon \u00e9quilibre hormonal ainsi que pour la r\u00e9gulation des cycles menstruels. Sa teneur en calcium tonifie la ceinture pelvienne et l'ut\u00e9rus et stimule ainsi la fertilit\u00e9.<br \/>\n- Feuille d'ortie : riche en chlorophylle, en vitamines A, C, D et K, en prot\u00e9ines et en min\u00e9raux, elle renforce les parois ut\u00e9rines.<br \/>\n- Rose : particuli\u00e8rement b\u00e9n\u00e9fique pendant la phase d'ovulation.<br \/>\n- Le fruit du gattilier : r\u00e9gule les hormones et r\u00e9duit les \u0153strog\u00e8nes dans le corps.<br \/>\n- Fleur de lavande : pr\u00e9sente plusieurs avantages : c'est un antispasmodique, un antiseptique, un bact\u00e9ricide et un d\u00e9sinfectant. Elle a \u00e9galement des propri\u00e9t\u00e9s calmantes et cicatrisantes.<br \/>\n- Fleur de camomille : aide \u00e0 combattre le stress et l'anxi\u00e9t\u00e9.<\/p>","protected":false},"excerpt":{"rendered":"<p>Pour les femmes qui souhaitent \u00eatre enceintes. Les herbes sont s\u00e9lectionn\u00e9es pour cr\u00e9er un environnement hospitalier et favoriser la f\u00e9condation.<\/p>\n<ul>\n<li>Augmentez vos chances de procr\u00e9ation d\u00e8s le 2\u00e8me mois d'utilisation.<\/li>\n<li>M\u00e9langes de plantes pour la fertilit\u00e9 s\u00e9lectionn\u00e9es par nos naturopathes.<\/li>\n<li>Herbes biologiques ou d'origine contr\u00f4l\u00e9e.<\/li>\n<li>Fournisseurs fran\u00e7ais.<\/li>\n<li>Satisfaction garantie.<\/li>\n<\/ul>","protected":false},"featured_media":1603,"template":"","meta":{"_acf_changed":false},"product_brand":[],"product_cat":[24],"product_tag":[],"class_list":{"0":"post-305","1":"product","2":"type-product","3":"status-publish","4":"has-post-thumbnail","6":"product_cat-yoni-herbs","8":"first","9":"outofstock","10":"taxable","11":"shipping-taxable","12":"purchasable","13":"product-type-simple"},"bundled_by":[],"bundle_stock_status":"outofstock","bundle_stock_quantity":0,"bundle_virtual":false,"bundle_layout":"","bundle_add_to_cart_form_location":"","bundle_editable_in_cart":false,"bundle_sold_individually_context":"","bundle_item_grouping":"","bundle_min_size":"","bundle_max_size":"","bundled_items":[],"bundle_sell_ids":[],"acf":[],"yoast_head":"<!-- This site is optimized with the Yoast SEO Premium plugin v18.3 (Yoast SEO v27.2) - https:\/\/yoast.com\/product\/yoast-seo-premium-wordpress\/ -->\n<title>Yoni steam herbs for fertility - Organic blend - Yonifeel<\/title>\n<meta name=\"description\" content=\"Struggling with fertility issues? Use the best herbs blend with your yoni steam to balance the hormones and improve fertility.\" \/>\n<meta name=\"robots\" content=\"index, follow, max-snippet:-1, max-image-preview:large, max-video-preview:-1\" \/>\n<link rel=\"canonical\" href=\"https:\/\/yonifeel.com\/fr\/produit\/herbes-sauna-vaginal-pour-la-fertilite\/\" \/>\n<meta property=\"og:locale\" content=\"fr_FR\" \/>\n<meta property=\"og:type\" content=\"article\" \/>\n<meta property=\"og:title\" content=\"Yoni steam herbs for fertility\" \/>\n<meta property=\"og:description\" content=\"Struggling with fertility issues? Use the best herbs blend with your yoni steam to balance the hormones and improve fertility.\" \/>\n<meta property=\"og:url\" content=\"https:\/\/yonifeel.com\/fr\/produit\/herbes-sauna-vaginal-pour-la-fertilite\/\" \/>\n<meta property=\"og:site_name\" content=\"Yonifeel\" \/>\n<meta property=\"article:modified_time\" content=\"2024-09-30T16:01:18+00:00\" \/>\n<meta property=\"og:image\" content=\"https:\/\/yonifeel.com\/wp-content\/uploads\/2022\/08\/fertility-blend-1.jpg\" \/>\n\t<meta property=\"og:image:width\" content=\"1000\" \/>\n\t<meta property=\"og:image:height\" content=\"1000\" \/>\n\t<meta property=\"og:image:type\" content=\"image\/jpeg\" \/>\n<meta name=\"twitter:card\" content=\"summary_large_image\" \/>\n<meta name=\"twitter:label1\" content=\"Prix\" \/>\n\t<meta name=\"twitter:data1\" content=\"&#036;15\" \/>\n\t<meta name=\"twitter:label2\" content=\"Availability\" \/>\n\t<meta name=\"twitter:data2\" content=\"Out of stock\" \/>\n<script type=\"application\/ld+json\" class=\"yoast-schema-graph\">{\"@context\":\"https:\/\/schema.org\",\"@graph\":[{\"@type\":\"WebPage\",\"@id\":\"https:\/\/yonifeel.com\/product\/yoni-steam-herbs-for-fertility\/\",\"url\":\"https:\/\/yonifeel.com\/product\/yoni-steam-herbs-for-fertility\/\",\"name\":\"Yoni steam herbs for fertility - Organic blend - Yonifeel\",\"isPartOf\":{\"@id\":\"https:\/\/yonifeel.com\/#website\"},\"primaryImageOfPage\":{\"@id\":\"https:\/\/yonifeel.com\/product\/yoni-steam-herbs-for-fertility\/#primaryimage\"},\"image\":{\"@id\":\"https:\/\/yonifeel.com\/product\/yoni-steam-herbs-for-fertility\/#primaryimage\"},\"thumbnailUrl\":\"https:\/\/yonifeel.com\/wp-content\/uploads\/2022\/08\/fertility-blend-1.jpg\",\"datePublished\":\"2022-06-06T12:45:46+00:00\",\"dateModified\":\"2024-09-30T16:01:18+00:00\",\"description\":\"Struggling with fertility issues? Use the best herbs blend with your yoni steam to balance the hormones and improve fertility.\",\"breadcrumb\":{\"@id\":\"https:\/\/yonifeel.com\/product\/yoni-steam-herbs-for-fertility\/#breadcrumb\"},\"inLanguage\":\"fr-FR\",\"potentialAction\":[{\"@type\":\"ReadAction\",\"target\":[\"https:\/\/yonifeel.com\/product\/yoni-steam-herbs-for-fertility\/\"]}]},{\"@type\":\"ImageObject\",\"inLanguage\":\"fr-FR\",\"@id\":\"https:\/\/yonifeel.com\/product\/yoni-steam-herbs-for-fertility\/#primaryimage\",\"url\":\"https:\/\/yonifeel.com\/wp-content\/uploads\/2022\/08\/fertility-blend-1.jpg\",\"contentUrl\":\"https:\/\/yonifeel.com\/wp-content\/uploads\/2022\/08\/fertility-blend-1.jpg\",\"width\":1000,\"height\":1000},{\"@type\":\"BreadcrumbList\",\"@id\":\"https:\/\/yonifeel.com\/product\/yoni-steam-herbs-for-fertility\/#breadcrumb\",\"itemListElement\":[{\"@type\":\"ListItem\",\"position\":1,\"name\":\"Accueil\",\"item\":\"https:\/\/yonifeel.com\/\"},{\"@type\":\"ListItem\",\"position\":2,\"name\":\"Shop\",\"item\":\"https:\/\/yonifeel.com\/shop\/\"},{\"@type\":\"ListItem\",\"position\":3,\"name\":\"Yoni steam herbs for fertility\"}]},{\"@type\":\"WebSite\",\"@id\":\"https:\/\/yonifeel.com\/#website\",\"url\":\"https:\/\/yonifeel.com\/\",\"name\":\"Yonifeel\",\"description\":\"Feel the wellness\",\"publisher\":{\"@id\":\"https:\/\/yonifeel.com\/#organization\"},\"potentialAction\":[{\"@type\":\"SearchAction\",\"target\":{\"@type\":\"EntryPoint\",\"urlTemplate\":\"https:\/\/yonifeel.com\/?s={search_term_string}\"},\"query-input\":{\"@type\":\"PropertyValueSpecification\",\"valueRequired\":true,\"valueName\":\"search_term_string\"}}],\"inLanguage\":\"fr-FR\"},{\"@type\":\"Organization\",\"@id\":\"https:\/\/yonifeel.com\/#organization\",\"name\":\"Yonifeel\",\"url\":\"https:\/\/yonifeel.com\/\",\"logo\":{\"@type\":\"ImageObject\",\"inLanguage\":\"fr-FR\",\"@id\":\"https:\/\/yonifeel.com\/#\/schema\/logo\/image\/\",\"url\":\"https:\/\/yonifeel.com\/wp-content\/uploads\/2022\/05\/yonifeel-logo.png\",\"contentUrl\":\"https:\/\/yonifeel.com\/wp-content\/uploads\/2022\/05\/yonifeel-logo.png\",\"width\":2293,\"height\":1668,\"caption\":\"Yonifeel\"},\"image\":{\"@id\":\"https:\/\/yonifeel.com\/#\/schema\/logo\/image\/\"}}]}<\/script>\n<meta property=\"product:price:amount\" content=\"15\" \/>\n<meta property=\"product:price:currency\" content=\"USD\" \/>\n<meta property=\"og:availability\" content=\"out of stock\" \/>\n<meta property=\"product:availability\" content=\"out of stock\" \/>\n<meta property=\"product:retailer_item_id\" content=\"sac-F70-fr\" \/>\n<meta property=\"product:condition\" content=\"new\" \/>\n<!-- \/ Yoast SEO Premium plugin. -->","yoast_head_json":{"title":"Yoni steam herbes pour la fertilit\u00e9 - M\u00e9lange naturel - Yonifeel","description":"Des probl\u00e8mes de fertilit\u00e9 ? Utilisez notre mix d'herbes pour sauna vaginal pour \u00e9quilibrer les hormones et am\u00e9liorer la fertilit\u00e9.","robots":{"index":"index","follow":"follow","max-snippet":"max-snippet:-1","max-image-preview":"max-image-preview:large","max-video-preview":"max-video-preview:-1"},"canonical":"https:\/\/yonifeel.com\/fr\/produit\/herbes-sauna-vaginal-pour-la-fertilite\/","og_locale":"fr_FR","og_type":"article","og_title":"Yoni steam herbs for fertility","og_description":"Struggling with fertility issues? Use the best herbs blend with your yoni steam to balance the hormones and improve fertility.","og_url":"https:\/\/yonifeel.com\/fr\/produit\/herbes-sauna-vaginal-pour-la-fertilite\/","og_site_name":"Yonifeel","article_modified_time":"2024-09-30T16:01:18+00:00","og_image":[{"width":1000,"height":1000,"url":"https:\/\/yonifeel.com\/wp-content\/uploads\/2022\/08\/fertility-blend-1.jpg","type":"image\/jpeg"}],"twitter_card":"summary_large_image","twitter_misc":{"Prix":"&#36;15","Availability":"Out of stock"},"schema":{"@context":"https:\/\/schema.org","@graph":[{"@type":"WebPage","@id":"https:\/\/yonifeel.com\/product\/yoni-steam-herbs-for-fertility\/","url":"https:\/\/yonifeel.com\/product\/yoni-steam-herbs-for-fertility\/","name":"Yoni steam herbes pour la fertilit\u00e9 - M\u00e9lange naturel - Yonifeel","isPartOf":{"@id":"https:\/\/yonifeel.com\/#website"},"primaryImageOfPage":{"@id":"https:\/\/yonifeel.com\/product\/yoni-steam-herbs-for-fertility\/#primaryimage"},"image":{"@id":"https:\/\/yonifeel.com\/product\/yoni-steam-herbs-for-fertility\/#primaryimage"},"thumbnailUrl":"https:\/\/yonifeel.com\/wp-content\/uploads\/2022\/08\/fertility-blend-1.jpg","datePublished":"2022-06-06T12:45:46+00:00","dateModified":"2024-09-30T16:01:18+00:00","description":"Des probl\u00e8mes de fertilit\u00e9 ? Utilisez notre mix d'herbes pour sauna vaginal pour \u00e9quilibrer les hormones et am\u00e9liorer la fertilit\u00e9.","breadcrumb":{"@id":"https:\/\/yonifeel.com\/product\/yoni-steam-herbs-for-fertility\/#breadcrumb"},"inLanguage":"fr-FR","potentialAction":[{"@type":"ReadAction","target":["https:\/\/yonifeel.com\/product\/yoni-steam-herbs-for-fertility\/"]}]},{"@type":"ImageObject","inLanguage":"fr-FR","@id":"https:\/\/yonifeel.com\/product\/yoni-steam-herbs-for-fertility\/#primaryimage","url":"https:\/\/yonifeel.com\/wp-content\/uploads\/2022\/08\/fertility-blend-1.jpg","contentUrl":"https:\/\/yonifeel.com\/wp-content\/uploads\/2022\/08\/fertility-blend-1.jpg","width":1000,"height":1000},{"@type":"BreadcrumbList","@id":"https:\/\/yonifeel.com\/product\/yoni-steam-herbs-for-fertility\/#breadcrumb","itemListElement":[{"@type":"ListItem","position":1,"name":"Accueil","item":"https:\/\/yonifeel.com\/"},{"@type":"ListItem","position":2,"name":"Shop","item":"https:\/\/yonifeel.com\/shop\/"},{"@type":"ListItem","position":3,"name":"Yoni steam herbs for fertility"}]},{"@type":"WebSite","@id":"https:\/\/yonifeel.com\/#website","url":"https:\/\/yonifeel.com\/","name":"Yonifeel","description":"Feel the wellness","publisher":{"@id":"https:\/\/yonifeel.com\/#organization"},"potentialAction":[{"@type":"SearchAction","target":{"@type":"EntryPoint","urlTemplate":"https:\/\/yonifeel.com\/?s={search_term_string}"},"query-input":{"@type":"PropertyValueSpecification","valueRequired":true,"valueName":"search_term_string"}}],"inLanguage":"fr-FR"},{"@type":"Organization","@id":"https:\/\/yonifeel.com\/#organization","name":"Yonifeel","url":"https:\/\/yonifeel.com\/","logo":{"@type":"ImageObject","inLanguage":"fr-FR","@id":"https:\/\/yonifeel.com\/#\/schema\/logo\/image\/","url":"https:\/\/yonifeel.com\/wp-content\/uploads\/2022\/05\/yonifeel-logo.png","contentUrl":"https:\/\/yonifeel.com\/wp-content\/uploads\/2022\/05\/yonifeel-logo.png","width":2293,"height":1668,"caption":"Yonifeel"},"image":{"@id":"https:\/\/yonifeel.com\/#\/schema\/logo\/image\/"}}]},"product_price_amount":"15","product_price_currency":"USD","og_availability":"out of stock","product_availability":"out of stock","product_retailer_item_id":"sac-F70-fr","product_condition":"new"},"_links":{"self":[{"href":"https:\/\/yonifeel.com\/fr\/wp-json\/wp\/v2\/product\/305","targetHints":{"allow":["GET"]}}],"collection":[{"href":"https:\/\/yonifeel.com\/fr\/wp-json\/wp\/v2\/product"}],"about":[{"href":"https:\/\/yonifeel.com\/fr\/wp-json\/wp\/v2\/types\/product"}],"version-history":[{"count":5,"href":"https:\/\/yonifeel.com\/fr\/wp-json\/wp\/v2\/product\/305\/revisions"}],"predecessor-version":[{"id":1551,"href":"https:\/\/yonifeel.com\/fr\/wp-json\/wp\/v2\/product\/305\/revisions\/1551"}],"wp:featuredmedia":[{"embeddable":true,"href":"https:\/\/yonifeel.com\/fr\/wp-json\/wp\/v2\/media\/1603"}],"wp:attachment":[{"href":"https:\/\/yonifeel.com\/fr\/wp-json\/wp\/v2\/media?parent=305"}],"wp:term":[{"taxonomy":"product_brand","embeddable":true,"href":"https:\/\/yonifeel.com\/fr\/wp-json\/wp\/v2\/product_brand?post=305"},{"taxonomy":"product_cat","embeddable":true,"href":"https:\/\/yonifeel.com\/fr\/wp-json\/wp\/v2\/product_cat?post=305"},{"taxonomy":"product_tag","embeddable":true,"href":"https:\/\/yonifeel.com\/fr\/wp-json\/wp\/v2\/product_tag?post=305"}],"curies":[{"name":"wp","href":"https:\/\/api.w.org\/{rel}","templated":true}]}}