{"id":306,"date":"2022-06-06T14:53:31","date_gmt":"2022-06-06T12:53:31","guid":{"rendered":"https:\/\/yonifeel.com\/?post_type=product&#038;p=306"},"modified":"2024-09-30T18:01:08","modified_gmt":"2024-09-30T16:01:08","slug":"yoni-steam-herbs-for-painful-periods","status":"publish","type":"product","link":"https:\/\/yonifeel.com\/fr\/produit\/herbes-sauna-vaginal-pour-les-regles-douloureuses\/","title":{"rendered":"Herbes pour sauna vaginal pour les r\u00e8gles douloureuses"},"content":{"rendered":"<p>Quand dois-je le faire ? Vous pouvez faire 2 \u00e0 3 s\u00e9ances dans les 3 jours pr\u00e9c\u00e9dant vos r\u00e8gles et ensuite 2 \u00e0 3 s\u00e9ances dans les 3 jours suivant vos r\u00e8gles.<\/p>\n<p>Quantit\u00e9 ? 2 \u00e0 3 cuill\u00e8res \u00e0 soupe du m\u00e9lange par s\u00e9ance. Les r\u00e9sultats sont visibles apr\u00e8s 3 mois d'utilisation.<\/p>\n<p><strong>Origine des herbes s\u00e9lectionn\u00e9es :<\/strong> Toutes nos herbes proviennent de fournisseurs fran\u00e7ais. La plupart d'entre elles sont issues de l'agriculture biologique et les autres de la culture durable. Le m\u00e9lange est organis\u00e9 de mani\u00e8re \u00e0 \u00eatre le plus b\u00e9n\u00e9fique possible.<\/p>\n<p><strong>Les avantages associ\u00e9s \u00e0 chaque plante :<\/strong><\/p>\n<ul>\n<li>Fleur de camomille : elle est antispasmodique et apaisante et aide \u00e0 soulager les r\u00e8gles douloureuses.<\/li>\n<li>Feuille de framboisier : son effet antispasmodique sur les muscles ut\u00e9rins permet de soulager les douleurs. Sa teneur en calcium tonifie la ceinture pelvienne.<\/li>\n<li>Fruit du gattilier : aide \u00e0 soulager plusieurs sympt\u00f4mes pr\u00e9menstruels gr\u00e2ce \u00e0 sa qualit\u00e9 de r\u00e9gulateur des hormones f\u00e9minines. Il r\u00e9duit les maux de t\u00eate, les douleurs du bas-ventre, les seins douloureux, l'insomnie et le manque de sommeil.<br \/>\ninsomnie, sautes d'humeur, r\u00e9tention d'eau.<\/li>\n<li>Le basilic : il a des propri\u00e9t\u00e9s antispasmodiques qui r\u00e9duisent la douleur.<\/li>\n<li>La cannelle : elle poss\u00e8de des propri\u00e9t\u00e9s antispasmodiques et anti-inflammatoires pour soulager les r\u00e8gles douloureuses.<\/li>\n<li>La lavande : elle agit directement sur les muscles ut\u00e9rins en favorisant leur rel\u00e2chement. Les contractions \u00e0 l'origine des douleurs sont r\u00e9duites.<\/li>\n<\/ul>","protected":false},"excerpt":{"rendered":"<p>Pour les femmes qui ont des probl\u00e8mes de r\u00e8gles douloureuses ou d'endom\u00e9triose. Les herbes sont s\u00e9lectionn\u00e9es pour soulager et r\u00e9duire la douleur.<\/p>\n<ul>\n<li>Vos douleurs diminuent d\u00e8s le 2e mois d'utilisation.<\/li>\n<li>M\u00e9langes de plantes pour les r\u00e8gles douloureuses s\u00e9lectionn\u00e9es par nos naturopathes.<\/li>\n<li>Herbes biologiques ou d'origine contr\u00f4l\u00e9e.<\/li>\n<li>Fournisseurs fran\u00e7ais.<\/li>\n<li>Satisfaction garantie.<\/li>\n<\/ul>","protected":false},"featured_media":1604,"template":"","meta":{"_acf_changed":false},"product_brand":[],"product_cat":[24],"product_tag":[],"class_list":{"0":"post-306","1":"product","2":"type-product","3":"status-publish","4":"has-post-thumbnail","6":"product_cat-yoni-herbs","8":"first","9":"outofstock","10":"taxable","11":"shipping-taxable","12":"purchasable","13":"product-type-simple"},"bundled_by":[],"bundle_stock_status":"outofstock","bundle_stock_quantity":0,"bundle_virtual":false,"bundle_layout":"","bundle_add_to_cart_form_location":"","bundle_editable_in_cart":false,"bundle_sold_individually_context":"","bundle_item_grouping":"","bundle_min_size":"","bundle_max_size":"","bundled_items":[],"bundle_sell_ids":[],"acf":[],"yoast_head":"<!-- This site is optimized with the Yoast SEO Premium plugin v18.3 (Yoast SEO v27.2) - https:\/\/yoast.com\/product\/yoast-seo-premium-wordpress\/ -->\n<title>Yoni steam herbs for painful periods - Organic blend - Yonifeel<\/title>\n<meta name=\"description\" content=\"Say goodbye to painful cramps and heavy flows! Learn about yoni steam herbs that can help ease menstrual cramps and associated symptoms.\" \/>\n<meta name=\"robots\" content=\"index, follow, max-snippet:-1, max-image-preview:large, max-video-preview:-1\" \/>\n<link rel=\"canonical\" href=\"https:\/\/yonifeel.com\/fr\/produit\/herbes-sauna-vaginal-pour-les-regles-douloureuses\/\" \/>\n<meta property=\"og:locale\" content=\"fr_FR\" \/>\n<meta property=\"og:type\" content=\"article\" \/>\n<meta property=\"og:title\" content=\"Yoni steam herbs for painful periods\" \/>\n<meta property=\"og:description\" content=\"Say goodbye to painful cramps and heavy flows! Learn about yoni steam herbs that can help ease menstrual cramps and associated symptoms.\" \/>\n<meta property=\"og:url\" content=\"https:\/\/yonifeel.com\/fr\/produit\/herbes-sauna-vaginal-pour-les-regles-douloureuses\/\" \/>\n<meta property=\"og:site_name\" content=\"Yonifeel\" \/>\n<meta property=\"article:modified_time\" content=\"2024-09-30T16:01:08+00:00\" \/>\n<meta property=\"og:image\" content=\"https:\/\/yonifeel.com\/wp-content\/uploads\/2022\/08\/painful-periods-blend-1.jpg\" \/>\n\t<meta property=\"og:image:width\" content=\"1000\" \/>\n\t<meta property=\"og:image:height\" content=\"1000\" \/>\n\t<meta property=\"og:image:type\" content=\"image\/jpeg\" \/>\n<meta name=\"twitter:card\" content=\"summary_large_image\" \/>\n<meta name=\"twitter:label1\" content=\"Prix\" \/>\n\t<meta name=\"twitter:data1\" content=\"&#036;15\" \/>\n\t<meta name=\"twitter:label2\" content=\"Availability\" \/>\n\t<meta name=\"twitter:data2\" content=\"Out of stock\" \/>\n<script type=\"application\/ld+json\" class=\"yoast-schema-graph\">{\"@context\":\"https:\/\/schema.org\",\"@graph\":[{\"@type\":\"WebPage\",\"@id\":\"https:\/\/yonifeel.com\/product\/yoni-steam-herbs-for-painful-periods\/\",\"url\":\"https:\/\/yonifeel.com\/product\/yoni-steam-herbs-for-painful-periods\/\",\"name\":\"Yoni steam herbs for painful periods - Organic blend - Yonifeel\",\"isPartOf\":{\"@id\":\"https:\/\/yonifeel.com\/#website\"},\"primaryImageOfPage\":{\"@id\":\"https:\/\/yonifeel.com\/product\/yoni-steam-herbs-for-painful-periods\/#primaryimage\"},\"image\":{\"@id\":\"https:\/\/yonifeel.com\/product\/yoni-steam-herbs-for-painful-periods\/#primaryimage\"},\"thumbnailUrl\":\"https:\/\/yonifeel.com\/wp-content\/uploads\/2022\/08\/painful-periods-blend-1.jpg\",\"datePublished\":\"2022-06-06T12:53:31+00:00\",\"dateModified\":\"2024-09-30T16:01:08+00:00\",\"description\":\"Say goodbye to painful cramps and heavy flows! Learn about yoni steam herbs that can help ease menstrual cramps and associated symptoms.\",\"breadcrumb\":{\"@id\":\"https:\/\/yonifeel.com\/product\/yoni-steam-herbs-for-painful-periods\/#breadcrumb\"},\"inLanguage\":\"fr-FR\",\"potentialAction\":[{\"@type\":\"ReadAction\",\"target\":[\"https:\/\/yonifeel.com\/product\/yoni-steam-herbs-for-painful-periods\/\"]}]},{\"@type\":\"ImageObject\",\"inLanguage\":\"fr-FR\",\"@id\":\"https:\/\/yonifeel.com\/product\/yoni-steam-herbs-for-painful-periods\/#primaryimage\",\"url\":\"https:\/\/yonifeel.com\/wp-content\/uploads\/2022\/08\/painful-periods-blend-1.jpg\",\"contentUrl\":\"https:\/\/yonifeel.com\/wp-content\/uploads\/2022\/08\/painful-periods-blend-1.jpg\",\"width\":1000,\"height\":1000},{\"@type\":\"BreadcrumbList\",\"@id\":\"https:\/\/yonifeel.com\/product\/yoni-steam-herbs-for-painful-periods\/#breadcrumb\",\"itemListElement\":[{\"@type\":\"ListItem\",\"position\":1,\"name\":\"Accueil\",\"item\":\"https:\/\/yonifeel.com\/\"},{\"@type\":\"ListItem\",\"position\":2,\"name\":\"Shop\",\"item\":\"https:\/\/yonifeel.com\/shop\/\"},{\"@type\":\"ListItem\",\"position\":3,\"name\":\"Yoni steam herbs for painful periods\"}]},{\"@type\":\"WebSite\",\"@id\":\"https:\/\/yonifeel.com\/#website\",\"url\":\"https:\/\/yonifeel.com\/\",\"name\":\"Yonifeel\",\"description\":\"Feel the wellness\",\"publisher\":{\"@id\":\"https:\/\/yonifeel.com\/#organization\"},\"potentialAction\":[{\"@type\":\"SearchAction\",\"target\":{\"@type\":\"EntryPoint\",\"urlTemplate\":\"https:\/\/yonifeel.com\/?s={search_term_string}\"},\"query-input\":{\"@type\":\"PropertyValueSpecification\",\"valueRequired\":true,\"valueName\":\"search_term_string\"}}],\"inLanguage\":\"fr-FR\"},{\"@type\":\"Organization\",\"@id\":\"https:\/\/yonifeel.com\/#organization\",\"name\":\"Yonifeel\",\"url\":\"https:\/\/yonifeel.com\/\",\"logo\":{\"@type\":\"ImageObject\",\"inLanguage\":\"fr-FR\",\"@id\":\"https:\/\/yonifeel.com\/#\/schema\/logo\/image\/\",\"url\":\"https:\/\/yonifeel.com\/wp-content\/uploads\/2022\/05\/yonifeel-logo.png\",\"contentUrl\":\"https:\/\/yonifeel.com\/wp-content\/uploads\/2022\/05\/yonifeel-logo.png\",\"width\":2293,\"height\":1668,\"caption\":\"Yonifeel\"},\"image\":{\"@id\":\"https:\/\/yonifeel.com\/#\/schema\/logo\/image\/\"}}]}<\/script>\n<meta property=\"product:price:amount\" content=\"15\" \/>\n<meta property=\"product:price:currency\" content=\"USD\" \/>\n<meta property=\"og:availability\" content=\"out of stock\" \/>\n<meta property=\"product:availability\" content=\"out of stock\" \/>\n<meta property=\"product:retailer_item_id\" content=\"sac-RD70-fr\" \/>\n<meta property=\"product:condition\" content=\"new\" \/>\n<!-- \/ Yoast SEO Premium plugin. -->","yoast_head_json":{"title":"Yoni steam herbes r\u00e8gles douloureuses - Mix naturel - Yonifeel","description":"Dites adieu aux crampes douloureuses et aux flux abondants ! D\u00e9couvrez les herbes pour sauna vaginal qui peuvent vous soulager.","robots":{"index":"index","follow":"follow","max-snippet":"max-snippet:-1","max-image-preview":"max-image-preview:large","max-video-preview":"max-video-preview:-1"},"canonical":"https:\/\/yonifeel.com\/fr\/produit\/herbes-sauna-vaginal-pour-les-regles-douloureuses\/","og_locale":"fr_FR","og_type":"article","og_title":"Yoni steam herbs for painful periods","og_description":"Say goodbye to painful cramps and heavy flows! Learn about yoni steam herbs that can help ease menstrual cramps and associated symptoms.","og_url":"https:\/\/yonifeel.com\/fr\/produit\/herbes-sauna-vaginal-pour-les-regles-douloureuses\/","og_site_name":"Yonifeel","article_modified_time":"2024-09-30T16:01:08+00:00","og_image":[{"width":1000,"height":1000,"url":"https:\/\/yonifeel.com\/wp-content\/uploads\/2022\/08\/painful-periods-blend-1.jpg","type":"image\/jpeg"}],"twitter_card":"summary_large_image","twitter_misc":{"Prix":"&#36;15","Availability":"Out of stock"},"schema":{"@context":"https:\/\/schema.org","@graph":[{"@type":"WebPage","@id":"https:\/\/yonifeel.com\/product\/yoni-steam-herbs-for-painful-periods\/","url":"https:\/\/yonifeel.com\/product\/yoni-steam-herbs-for-painful-periods\/","name":"Yoni steam herbes r\u00e8gles douloureuses - Mix naturel - Yonifeel","isPartOf":{"@id":"https:\/\/yonifeel.com\/#website"},"primaryImageOfPage":{"@id":"https:\/\/yonifeel.com\/product\/yoni-steam-herbs-for-painful-periods\/#primaryimage"},"image":{"@id":"https:\/\/yonifeel.com\/product\/yoni-steam-herbs-for-painful-periods\/#primaryimage"},"thumbnailUrl":"https:\/\/yonifeel.com\/wp-content\/uploads\/2022\/08\/painful-periods-blend-1.jpg","datePublished":"2022-06-06T12:53:31+00:00","dateModified":"2024-09-30T16:01:08+00:00","description":"Dites adieu aux crampes douloureuses et aux flux abondants ! D\u00e9couvrez les herbes pour sauna vaginal qui peuvent vous soulager.","breadcrumb":{"@id":"https:\/\/yonifeel.com\/product\/yoni-steam-herbs-for-painful-periods\/#breadcrumb"},"inLanguage":"fr-FR","potentialAction":[{"@type":"ReadAction","target":["https:\/\/yonifeel.com\/product\/yoni-steam-herbs-for-painful-periods\/"]}]},{"@type":"ImageObject","inLanguage":"fr-FR","@id":"https:\/\/yonifeel.com\/product\/yoni-steam-herbs-for-painful-periods\/#primaryimage","url":"https:\/\/yonifeel.com\/wp-content\/uploads\/2022\/08\/painful-periods-blend-1.jpg","contentUrl":"https:\/\/yonifeel.com\/wp-content\/uploads\/2022\/08\/painful-periods-blend-1.jpg","width":1000,"height":1000},{"@type":"BreadcrumbList","@id":"https:\/\/yonifeel.com\/product\/yoni-steam-herbs-for-painful-periods\/#breadcrumb","itemListElement":[{"@type":"ListItem","position":1,"name":"Accueil","item":"https:\/\/yonifeel.com\/"},{"@type":"ListItem","position":2,"name":"Shop","item":"https:\/\/yonifeel.com\/shop\/"},{"@type":"ListItem","position":3,"name":"Yoni steam herbs for painful periods"}]},{"@type":"WebSite","@id":"https:\/\/yonifeel.com\/#website","url":"https:\/\/yonifeel.com\/","name":"Yonifeel","description":"Feel the wellness","publisher":{"@id":"https:\/\/yonifeel.com\/#organization"},"potentialAction":[{"@type":"SearchAction","target":{"@type":"EntryPoint","urlTemplate":"https:\/\/yonifeel.com\/?s={search_term_string}"},"query-input":{"@type":"PropertyValueSpecification","valueRequired":true,"valueName":"search_term_string"}}],"inLanguage":"fr-FR"},{"@type":"Organization","@id":"https:\/\/yonifeel.com\/#organization","name":"Yonifeel","url":"https:\/\/yonifeel.com\/","logo":{"@type":"ImageObject","inLanguage":"fr-FR","@id":"https:\/\/yonifeel.com\/#\/schema\/logo\/image\/","url":"https:\/\/yonifeel.com\/wp-content\/uploads\/2022\/05\/yonifeel-logo.png","contentUrl":"https:\/\/yonifeel.com\/wp-content\/uploads\/2022\/05\/yonifeel-logo.png","width":2293,"height":1668,"caption":"Yonifeel"},"image":{"@id":"https:\/\/yonifeel.com\/#\/schema\/logo\/image\/"}}]},"product_price_amount":"15","product_price_currency":"USD","og_availability":"out of stock","product_availability":"out of stock","product_retailer_item_id":"sac-RD70-fr","product_condition":"new"},"_links":{"self":[{"href":"https:\/\/yonifeel.com\/fr\/wp-json\/wp\/v2\/product\/306","targetHints":{"allow":["GET"]}}],"collection":[{"href":"https:\/\/yonifeel.com\/fr\/wp-json\/wp\/v2\/product"}],"about":[{"href":"https:\/\/yonifeel.com\/fr\/wp-json\/wp\/v2\/types\/product"}],"version-history":[{"count":6,"href":"https:\/\/yonifeel.com\/fr\/wp-json\/wp\/v2\/product\/306\/revisions"}],"predecessor-version":[{"id":1936,"href":"https:\/\/yonifeel.com\/fr\/wp-json\/wp\/v2\/product\/306\/revisions\/1936"}],"wp:featuredmedia":[{"embeddable":true,"href":"https:\/\/yonifeel.com\/fr\/wp-json\/wp\/v2\/media\/1604"}],"wp:attachment":[{"href":"https:\/\/yonifeel.com\/fr\/wp-json\/wp\/v2\/media?parent=306"}],"wp:term":[{"taxonomy":"product_brand","embeddable":true,"href":"https:\/\/yonifeel.com\/fr\/wp-json\/wp\/v2\/product_brand?post=306"},{"taxonomy":"product_cat","embeddable":true,"href":"https:\/\/yonifeel.com\/fr\/wp-json\/wp\/v2\/product_cat?post=306"},{"taxonomy":"product_tag","embeddable":true,"href":"https:\/\/yonifeel.com\/fr\/wp-json\/wp\/v2\/product_tag?post=306"}],"curies":[{"name":"wp","href":"https:\/\/api.w.org\/{rel}","templated":true}]}}