{"id":307,"date":"2022-06-06T14:54:09","date_gmt":"2022-06-06T12:54:09","guid":{"rendered":"https:\/\/yonifeel.com\/?post_type=product&#038;p=307"},"modified":"2024-09-30T18:02:04","modified_gmt":"2024-09-30T16:02:04","slug":"yoni-steam-herbs-for-menopause","status":"publish","type":"product","link":"https:\/\/yonifeel.com\/fr\/produit\/herbes-sauna-vaginal-pour-la-menopause\/","title":{"rendered":"Herbes pour sauna vaginal pour la m\u00e9nopause"},"content":{"rendered":"<p>A qui s'adresse-t-il ? Ce sachet de plantes est destin\u00e9 aux femmes pr\u00e9sentant des sympt\u00f4mes de la m\u00e9nopause. En utilisant ces plantes, vous pouvez r\u00e9duire consid\u00e9rablement les bouff\u00e9es de chaleur, l'insomnie, les sueurs nocturnes, les seins douloureux, les maux de t\u00eate et mieux r\u00e9guler votre cycle menstruel.<\/p>\n<p>Quand pouvez-vous le faire ? Vous pouvez faire 2 \u00e0 3 s\u00e9ances dans les 3 jours pr\u00e9c\u00e9dant vos r\u00e8gles et 2 \u00e0 3 s\u00e9ances dans les 3 jours suivant vos r\u00e8gles.<\/p>\n<p>Quantit\u00e9 ? 2 \u00e0 3 cuill\u00e8res \u00e0 soupe du m\u00e9lange par s\u00e9ance. Les r\u00e9sultats sont visibles apr\u00e8s 3 mois d'utilisation.<\/p>\n<p>Origine des herbes s\u00e9lectionn\u00e9es : Toutes nos herbes proviennent de fournisseurs fran\u00e7ais. Une grande partie d'entre elles sont issues de l'agriculture biologique et les autres sont issues de la culture raisonn\u00e9e. Le m\u00e9lange est organis\u00e9 pour \u00eatre le plus b\u00e9n\u00e9fique possible.<\/p>\n<p>Les avantages associ\u00e9s \u00e0 chaque plante :<br \/>\n- La sauge : gr\u00e2ce aux phyto-\u0153strog\u00e8nes qu'elle contient, la sauge aide \u00e0 lutter contre les bouff\u00e9es de chaleur en compensant le d\u00e9s\u00e9quilibre hormonal.<br \/>\n- Basilic : les feuilles de basilic aident \u00e0 r\u00e9duire la transpiration.<br \/>\n- Tr\u00e8fle rouge : riche en isoflavones, le tr\u00e8fle rouge combat de nombreux sympt\u00f4mes de la m\u00e9nopause.<br \/>\n- Fleur de lavande : aide \u00e0 calmer les migraines, le stress et la nervosit\u00e9. Elle aide \u00e0 lutter contre les troubles du sommeil.<br \/>\n- Le fruit du gattilier : la plante des femmes ! Il agira favorablement sur les effets des bouff\u00e9es de chaleur, la s\u00e9cheresse vaginale, la perte du d\u00e9sir sexuel, les sautes d'humeur et la d\u00e9pression. Il aide \u00e9galement \u00e0 r\u00e9guler le cycle menstruel.<\/p>","protected":false},"excerpt":{"rendered":"<p>Pour les femmes souffrant de sympt\u00f4mes de la m\u00e9nopause, cette pr\u00e9paration pour sauna vaginal aidera \u00e0 g\u00e9rer la douleur, les bouff\u00e9es de chaleur et les perturbations hormonales.<\/p>\n<ul>\n<li>Vos sympt\u00f4mes de m\u00e9nopause diminuent d\u00e8s le 2e mois d'utilisation.<\/li>\n<li>M\u00e9langes de plantes s\u00e9lectionn\u00e9es par nos naturopathes.<\/li>\n<li>Herbes biologiques ou d'origine contr\u00f4l\u00e9e.<\/li>\n<li>Fournisseurs fran\u00e7ais.<\/li>\n<li>Satisfaction garantie.<\/li>\n<\/ul>","protected":false},"featured_media":1602,"template":"","meta":{"_acf_changed":false},"product_brand":[],"product_cat":[24],"product_tag":[],"class_list":{"0":"post-307","1":"product","2":"type-product","3":"status-publish","4":"has-post-thumbnail","6":"product_cat-yoni-herbs","8":"first","9":"outofstock","10":"taxable","11":"shipping-taxable","12":"purchasable","13":"product-type-simple"},"bundled_by":[],"bundle_stock_status":"outofstock","bundle_stock_quantity":0,"bundle_virtual":false,"bundle_layout":"","bundle_add_to_cart_form_location":"","bundle_editable_in_cart":false,"bundle_sold_individually_context":"","bundle_item_grouping":"","bundle_min_size":"","bundle_max_size":"","bundled_items":[],"bundle_sell_ids":[],"acf":[],"yoast_head":"<!-- This site is optimized with the Yoast SEO Premium plugin v18.3 (Yoast SEO v27.2) - https:\/\/yoast.com\/product\/yoast-seo-premium-wordpress\/ -->\n<title>Yoni steam herbs for menopause - Organic blend - Yonifeel<\/title>\n<meta name=\"description\" content=\"Yoni steam is a natural remedy for easing menopause symptoms. Uncover the power of yoni steaming with the right herbs for effectiveness.\" \/>\n<meta name=\"robots\" content=\"index, follow, max-snippet:-1, max-image-preview:large, max-video-preview:-1\" \/>\n<link rel=\"canonical\" href=\"https:\/\/yonifeel.com\/fr\/produit\/herbes-sauna-vaginal-pour-la-menopause\/\" \/>\n<meta property=\"og:locale\" content=\"fr_FR\" \/>\n<meta property=\"og:type\" content=\"article\" \/>\n<meta property=\"og:title\" content=\"Yoni steam herbs for menopause\" \/>\n<meta property=\"og:description\" content=\"Yoni steam is a natural remedy for easing menopause symptoms. Uncover the power of yoni steaming with the right herbs for effectiveness.\" \/>\n<meta property=\"og:url\" content=\"https:\/\/yonifeel.com\/fr\/produit\/herbes-sauna-vaginal-pour-la-menopause\/\" \/>\n<meta property=\"og:site_name\" content=\"Yonifeel\" \/>\n<meta property=\"article:modified_time\" content=\"2024-09-30T16:02:04+00:00\" \/>\n<meta property=\"og:image\" content=\"https:\/\/yonifeel.com\/wp-content\/uploads\/2022\/08\/menopause-blend-1.jpg\" \/>\n\t<meta property=\"og:image:width\" content=\"1000\" \/>\n\t<meta property=\"og:image:height\" content=\"1000\" \/>\n\t<meta property=\"og:image:type\" content=\"image\/jpeg\" \/>\n<meta name=\"twitter:card\" content=\"summary_large_image\" \/>\n<meta name=\"twitter:label1\" content=\"Prix\" \/>\n\t<meta name=\"twitter:data1\" content=\"&#036;15\" \/>\n\t<meta name=\"twitter:label2\" content=\"Availability\" \/>\n\t<meta name=\"twitter:data2\" content=\"Out of stock\" \/>\n<script type=\"application\/ld+json\" class=\"yoast-schema-graph\">{\"@context\":\"https:\/\/schema.org\",\"@graph\":[{\"@type\":\"WebPage\",\"@id\":\"https:\/\/yonifeel.com\/product\/yoni-steam-herbs-for-menopause\/\",\"url\":\"https:\/\/yonifeel.com\/product\/yoni-steam-herbs-for-menopause\/\",\"name\":\"Yoni steam herbs for menopause - Organic blend - Yonifeel\",\"isPartOf\":{\"@id\":\"https:\/\/yonifeel.com\/#website\"},\"primaryImageOfPage\":{\"@id\":\"https:\/\/yonifeel.com\/product\/yoni-steam-herbs-for-menopause\/#primaryimage\"},\"image\":{\"@id\":\"https:\/\/yonifeel.com\/product\/yoni-steam-herbs-for-menopause\/#primaryimage\"},\"thumbnailUrl\":\"https:\/\/yonifeel.com\/wp-content\/uploads\/2022\/08\/menopause-blend-1.jpg\",\"datePublished\":\"2022-06-06T12:54:09+00:00\",\"dateModified\":\"2024-09-30T16:02:04+00:00\",\"description\":\"Yoni steam is a natural remedy for easing menopause symptoms. Uncover the power of yoni steaming with the right herbs for effectiveness.\",\"breadcrumb\":{\"@id\":\"https:\/\/yonifeel.com\/product\/yoni-steam-herbs-for-menopause\/#breadcrumb\"},\"inLanguage\":\"fr-FR\",\"potentialAction\":[{\"@type\":\"ReadAction\",\"target\":[\"https:\/\/yonifeel.com\/product\/yoni-steam-herbs-for-menopause\/\"]}]},{\"@type\":\"ImageObject\",\"inLanguage\":\"fr-FR\",\"@id\":\"https:\/\/yonifeel.com\/product\/yoni-steam-herbs-for-menopause\/#primaryimage\",\"url\":\"https:\/\/yonifeel.com\/wp-content\/uploads\/2022\/08\/menopause-blend-1.jpg\",\"contentUrl\":\"https:\/\/yonifeel.com\/wp-content\/uploads\/2022\/08\/menopause-blend-1.jpg\",\"width\":1000,\"height\":1000},{\"@type\":\"BreadcrumbList\",\"@id\":\"https:\/\/yonifeel.com\/product\/yoni-steam-herbs-for-menopause\/#breadcrumb\",\"itemListElement\":[{\"@type\":\"ListItem\",\"position\":1,\"name\":\"Accueil\",\"item\":\"https:\/\/yonifeel.com\/\"},{\"@type\":\"ListItem\",\"position\":2,\"name\":\"Shop\",\"item\":\"https:\/\/yonifeel.com\/shop\/\"},{\"@type\":\"ListItem\",\"position\":3,\"name\":\"Yoni steam herbs for menopause\"}]},{\"@type\":\"WebSite\",\"@id\":\"https:\/\/yonifeel.com\/#website\",\"url\":\"https:\/\/yonifeel.com\/\",\"name\":\"Yonifeel\",\"description\":\"Feel the wellness\",\"publisher\":{\"@id\":\"https:\/\/yonifeel.com\/#organization\"},\"potentialAction\":[{\"@type\":\"SearchAction\",\"target\":{\"@type\":\"EntryPoint\",\"urlTemplate\":\"https:\/\/yonifeel.com\/?s={search_term_string}\"},\"query-input\":{\"@type\":\"PropertyValueSpecification\",\"valueRequired\":true,\"valueName\":\"search_term_string\"}}],\"inLanguage\":\"fr-FR\"},{\"@type\":\"Organization\",\"@id\":\"https:\/\/yonifeel.com\/#organization\",\"name\":\"Yonifeel\",\"url\":\"https:\/\/yonifeel.com\/\",\"logo\":{\"@type\":\"ImageObject\",\"inLanguage\":\"fr-FR\",\"@id\":\"https:\/\/yonifeel.com\/#\/schema\/logo\/image\/\",\"url\":\"https:\/\/yonifeel.com\/wp-content\/uploads\/2022\/05\/yonifeel-logo.png\",\"contentUrl\":\"https:\/\/yonifeel.com\/wp-content\/uploads\/2022\/05\/yonifeel-logo.png\",\"width\":2293,\"height\":1668,\"caption\":\"Yonifeel\"},\"image\":{\"@id\":\"https:\/\/yonifeel.com\/#\/schema\/logo\/image\/\"}}]}<\/script>\n<meta property=\"product:price:amount\" content=\"15\" \/>\n<meta property=\"product:price:currency\" content=\"USD\" \/>\n<meta property=\"og:availability\" content=\"out of stock\" \/>\n<meta property=\"product:availability\" content=\"out of stock\" \/>\n<meta property=\"product:retailer_item_id\" content=\"sac-M70-fr\" \/>\n<meta property=\"product:condition\" content=\"new\" \/>\n<!-- \/ Yoast SEO Premium plugin. -->","yoast_head_json":{"title":"Yoni steam herbes pour la m\u00e9nopause - M\u00e9lange naturel - Yonifeel","description":"D\u00e9couvrez le mix d'herbes id\u00e9al pour soulager les sympt\u00f4mes de la m\u00e9nopause avec le sauna vaginal.","robots":{"index":"index","follow":"follow","max-snippet":"max-snippet:-1","max-image-preview":"max-image-preview:large","max-video-preview":"max-video-preview:-1"},"canonical":"https:\/\/yonifeel.com\/fr\/produit\/herbes-sauna-vaginal-pour-la-menopause\/","og_locale":"fr_FR","og_type":"article","og_title":"Yoni steam herbs for menopause","og_description":"Yoni steam is a natural remedy for easing menopause symptoms. Uncover the power of yoni steaming with the right herbs for effectiveness.","og_url":"https:\/\/yonifeel.com\/fr\/produit\/herbes-sauna-vaginal-pour-la-menopause\/","og_site_name":"Yonifeel","article_modified_time":"2024-09-30T16:02:04+00:00","og_image":[{"width":1000,"height":1000,"url":"https:\/\/yonifeel.com\/wp-content\/uploads\/2022\/08\/menopause-blend-1.jpg","type":"image\/jpeg"}],"twitter_card":"summary_large_image","twitter_misc":{"Prix":"&#36;15","Availability":"Out of stock"},"schema":{"@context":"https:\/\/schema.org","@graph":[{"@type":"WebPage","@id":"https:\/\/yonifeel.com\/product\/yoni-steam-herbs-for-menopause\/","url":"https:\/\/yonifeel.com\/product\/yoni-steam-herbs-for-menopause\/","name":"Yoni steam herbes pour la m\u00e9nopause - M\u00e9lange naturel - Yonifeel","isPartOf":{"@id":"https:\/\/yonifeel.com\/#website"},"primaryImageOfPage":{"@id":"https:\/\/yonifeel.com\/product\/yoni-steam-herbs-for-menopause\/#primaryimage"},"image":{"@id":"https:\/\/yonifeel.com\/product\/yoni-steam-herbs-for-menopause\/#primaryimage"},"thumbnailUrl":"https:\/\/yonifeel.com\/wp-content\/uploads\/2022\/08\/menopause-blend-1.jpg","datePublished":"2022-06-06T12:54:09+00:00","dateModified":"2024-09-30T16:02:04+00:00","description":"D\u00e9couvrez le mix d'herbes id\u00e9al pour soulager les sympt\u00f4mes de la m\u00e9nopause avec le sauna vaginal.","breadcrumb":{"@id":"https:\/\/yonifeel.com\/product\/yoni-steam-herbs-for-menopause\/#breadcrumb"},"inLanguage":"fr-FR","potentialAction":[{"@type":"ReadAction","target":["https:\/\/yonifeel.com\/product\/yoni-steam-herbs-for-menopause\/"]}]},{"@type":"ImageObject","inLanguage":"fr-FR","@id":"https:\/\/yonifeel.com\/product\/yoni-steam-herbs-for-menopause\/#primaryimage","url":"https:\/\/yonifeel.com\/wp-content\/uploads\/2022\/08\/menopause-blend-1.jpg","contentUrl":"https:\/\/yonifeel.com\/wp-content\/uploads\/2022\/08\/menopause-blend-1.jpg","width":1000,"height":1000},{"@type":"BreadcrumbList","@id":"https:\/\/yonifeel.com\/product\/yoni-steam-herbs-for-menopause\/#breadcrumb","itemListElement":[{"@type":"ListItem","position":1,"name":"Accueil","item":"https:\/\/yonifeel.com\/"},{"@type":"ListItem","position":2,"name":"Shop","item":"https:\/\/yonifeel.com\/shop\/"},{"@type":"ListItem","position":3,"name":"Yoni steam herbs for menopause"}]},{"@type":"WebSite","@id":"https:\/\/yonifeel.com\/#website","url":"https:\/\/yonifeel.com\/","name":"Yonifeel","description":"Feel the wellness","publisher":{"@id":"https:\/\/yonifeel.com\/#organization"},"potentialAction":[{"@type":"SearchAction","target":{"@type":"EntryPoint","urlTemplate":"https:\/\/yonifeel.com\/?s={search_term_string}"},"query-input":{"@type":"PropertyValueSpecification","valueRequired":true,"valueName":"search_term_string"}}],"inLanguage":"fr-FR"},{"@type":"Organization","@id":"https:\/\/yonifeel.com\/#organization","name":"Yonifeel","url":"https:\/\/yonifeel.com\/","logo":{"@type":"ImageObject","inLanguage":"fr-FR","@id":"https:\/\/yonifeel.com\/#\/schema\/logo\/image\/","url":"https:\/\/yonifeel.com\/wp-content\/uploads\/2022\/05\/yonifeel-logo.png","contentUrl":"https:\/\/yonifeel.com\/wp-content\/uploads\/2022\/05\/yonifeel-logo.png","width":2293,"height":1668,"caption":"Yonifeel"},"image":{"@id":"https:\/\/yonifeel.com\/#\/schema\/logo\/image\/"}}]},"product_price_amount":"15","product_price_currency":"USD","og_availability":"out of stock","product_availability":"out of stock","product_retailer_item_id":"sac-M70-fr","product_condition":"new"},"_links":{"self":[{"href":"https:\/\/yonifeel.com\/fr\/wp-json\/wp\/v2\/product\/307","targetHints":{"allow":["GET"]}}],"collection":[{"href":"https:\/\/yonifeel.com\/fr\/wp-json\/wp\/v2\/product"}],"about":[{"href":"https:\/\/yonifeel.com\/fr\/wp-json\/wp\/v2\/types\/product"}],"version-history":[{"count":5,"href":"https:\/\/yonifeel.com\/fr\/wp-json\/wp\/v2\/product\/307\/revisions"}],"predecessor-version":[{"id":2883,"href":"https:\/\/yonifeel.com\/fr\/wp-json\/wp\/v2\/product\/307\/revisions\/2883"}],"wp:featuredmedia":[{"embeddable":true,"href":"https:\/\/yonifeel.com\/fr\/wp-json\/wp\/v2\/media\/1602"}],"wp:attachment":[{"href":"https:\/\/yonifeel.com\/fr\/wp-json\/wp\/v2\/media?parent=307"}],"wp:term":[{"taxonomy":"product_brand","embeddable":true,"href":"https:\/\/yonifeel.com\/fr\/wp-json\/wp\/v2\/product_brand?post=307"},{"taxonomy":"product_cat","embeddable":true,"href":"https:\/\/yonifeel.com\/fr\/wp-json\/wp\/v2\/product_cat?post=307"},{"taxonomy":"product_tag","embeddable":true,"href":"https:\/\/yonifeel.com\/fr\/wp-json\/wp\/v2\/product_tag?post=307"}],"curies":[{"name":"wp","href":"https:\/\/api.w.org\/{rel}","templated":true}]}}