{"id":308,"date":"2022-06-06T14:54:10","date_gmt":"2022-06-06T12:54:10","guid":{"rendered":"https:\/\/yonifeel.com\/?post_type=product&#038;p=308"},"modified":"2024-09-19T12:41:44","modified_gmt":"2024-09-19T10:41:44","slug":"yoni-steam-herbs-for-cleansing","status":"publish","type":"product","link":"https:\/\/yonifeel.com\/fr\/produit\/herbes-sauna-vaginal-pour-le-nettoyage\/","title":{"rendered":"Herbes pour sauna vaginal pour le nettoyage"},"content":{"rendered":"<p>\u00c0 qui s'adresse-t-il ? Le mix nettoyage est destin\u00e9 \u00e0 toutes les femmes qui souhaitent nettoyer leur ut\u00e9rus.<\/p>\n<p>Un nettoyage est utile :<\/p>\n<ul>\n<li>Pr\u00e9parer la fertilisation<\/li>\n<li>Apr\u00e8s un accouchement (il est pr\u00e9f\u00e9rable d'attendre 2 mois)<\/li>\n<li>Apr\u00e8s un \u00e9pisode d'infection urinaire (notez que le traitement ne doit pas \u00eatre effectu\u00e9 pendant l'\u00e9pisode d'infection urinaire)<\/li>\n<li>Pour traiter les h\u00e9morro\u00efdes<\/li>\n<li>Apr\u00e8s une fausse couche<\/li>\n<li>Apr\u00e8s une op\u00e9ration chirurgicale<\/li>\n<li>Pour r\u00e9\u00e9quilibrer le cycle menstruel (femmes ayant des cycles irr\u00e9guliers ou trop longs).<\/li>\n<\/ul>\n<p>Quand pouvez-vous le faire ? Vous pouvez faire 2 \u00e0 3 s\u00e9ances dans les 3 jours pr\u00e9c\u00e9dant vos r\u00e8gles et ensuite 2 \u00e0 3 s\u00e9ances dans les 3 jours suivant vos r\u00e8gles.<\/p>\n<p>Quantit\u00e9 ? 2 \u00e0 3 cuill\u00e8res \u00e0 soupe du m\u00e9lange par s\u00e9ance. Les r\u00e9sultats sont visibles apr\u00e8s 3 mois d'utilisation.<\/p>\n<p><strong>Origine des herbes s\u00e9lectionn\u00e9es :<\/strong> Toutes nos herbes proviennent de fournisseurs fran\u00e7ais. La plupart d'entre elles sont issues de l'agriculture biologique et les autres de la culture durable. Le m\u00e9lange est organis\u00e9 de mani\u00e8re \u00e0 \u00eatre le plus b\u00e9n\u00e9fique possible.<\/p>\n<p><strong>Les avantages associ\u00e9s \u00e0 chaque plante :<\/strong><\/p>\n<ul>\n<li>Feuille d'ortie : riche en fer et en silice, elle remin\u00e9ralise le syst\u00e8me g\u00e9nital.<\/li>\n<li>Le fruit du gattilier : il est connu pour avoir une action anti-\u0153strog\u00e8ne et pour r\u00e9guler le cycle menstruel. C'est l'alli\u00e9 de la femme !<\/li>\n<li>Le basilic : une grande source de fer, essentiel au transport de l'oxyg\u00e8ne et \u00e0 la formation des globules rouges dans le sang.<\/li>\n<li>Feuille de framboisier : a un effet relaxant musculaire remarquable sur l'ut\u00e9rus.<\/li>\n<li>Fleur de lavande : elle a plusieurs avantages : c'est un antispasmodique, un antiseptique, un bact\u00e9ricide et un d\u00e9sinfectant, un bact\u00e9ricide et un d\u00e9sinfectant. Elle a \u00e9galement des propri\u00e9t\u00e9s calmantes et cicatrisantes.<\/li>\n<\/ul>","protected":false},"excerpt":{"rendered":"<p>Pour les femmes qui souhaitent nettoyer leur ut\u00e9rus, le traitement peut \u00eatre effectu\u00e9 apr\u00e8s un accouchement, une fausse couche, une intervention chirurgicale ou pour r\u00e9\u00e9quilibrer le cycle menstruel.<\/p>\n<ul>\n<li>Votre ut\u00e9rus retrouve toute son \u00e9nergie d\u00e8s le 2\u00e8me mois d'utilisation.<\/li>\n<li>M\u00e9langes de plantes s\u00e9lectionn\u00e9s par nos naturopathes.<\/li>\n<li>Herbes biologiques ou d'origine contr\u00f4l\u00e9e.<\/li>\n<li>Fournisseurs fran\u00e7ais.<\/li>\n<li>Satisfaction garantie.<\/li>\n<\/ul>","protected":false},"featured_media":1606,"template":"","meta":{"_acf_changed":false},"product_brand":[],"product_cat":[24],"product_tag":[],"class_list":{"0":"post-308","1":"product","2":"type-product","3":"status-publish","4":"has-post-thumbnail","6":"product_cat-yoni-herbs","8":"first","9":"outofstock","10":"taxable","11":"shipping-taxable","12":"purchasable","13":"product-type-simple"},"bundled_by":[],"bundle_stock_status":"outofstock","bundle_stock_quantity":-1,"bundle_virtual":false,"bundle_layout":"","bundle_add_to_cart_form_location":"","bundle_editable_in_cart":false,"bundle_sold_individually_context":"","bundle_item_grouping":"","bundle_min_size":"","bundle_max_size":"","bundled_items":[],"bundle_sell_ids":[],"acf":[],"yoast_head":"<!-- This site is optimized with the Yoast SEO Premium plugin v18.3 (Yoast SEO v27.2) - https:\/\/yoast.com\/product\/yoast-seo-premium-wordpress\/ -->\n<title>Yoni steam herbs for cleansing - Organic blend - Yonifeel<\/title>\n<meta name=\"description\" content=\"Discover how you can use yoni steam herbs for cleansing. Find out which herbs offer the best results and how to do it properly.\" \/>\n<meta name=\"robots\" content=\"index, follow, max-snippet:-1, max-image-preview:large, max-video-preview:-1\" \/>\n<link rel=\"canonical\" href=\"https:\/\/yonifeel.com\/fr\/produit\/herbes-sauna-vaginal-pour-le-nettoyage\/\" \/>\n<meta property=\"og:locale\" content=\"fr_FR\" \/>\n<meta property=\"og:type\" content=\"article\" \/>\n<meta property=\"og:title\" content=\"Yoni steam herbs for cleansing\" \/>\n<meta property=\"og:description\" content=\"Discover how you can use yoni steam herbs for cleansing. Find out which herbs offer the best results and how to do it properly.\" \/>\n<meta property=\"og:url\" content=\"https:\/\/yonifeel.com\/fr\/produit\/herbes-sauna-vaginal-pour-le-nettoyage\/\" \/>\n<meta property=\"og:site_name\" content=\"Yonifeel\" \/>\n<meta property=\"article:modified_time\" content=\"2024-09-19T10:41:44+00:00\" \/>\n<meta property=\"og:image\" content=\"https:\/\/yonifeel.com\/wp-content\/uploads\/2022\/08\/cleansing-blend-1.jpg\" \/>\n\t<meta property=\"og:image:width\" content=\"1000\" \/>\n\t<meta property=\"og:image:height\" content=\"1000\" \/>\n\t<meta property=\"og:image:type\" content=\"image\/jpeg\" \/>\n<meta name=\"twitter:card\" content=\"summary_large_image\" \/>\n<meta name=\"twitter:label1\" content=\"Prix\" \/>\n\t<meta name=\"twitter:data1\" content=\"&#036;15\" \/>\n\t<meta name=\"twitter:label2\" content=\"Availability\" \/>\n\t<meta name=\"twitter:data2\" content=\"Out of stock\" \/>\n<script type=\"application\/ld+json\" class=\"yoast-schema-graph\">{\"@context\":\"https:\/\/schema.org\",\"@graph\":[{\"@type\":\"WebPage\",\"@id\":\"https:\/\/yonifeel.com\/product\/yoni-steam-herbs-for-cleansing\/\",\"url\":\"https:\/\/yonifeel.com\/product\/yoni-steam-herbs-for-cleansing\/\",\"name\":\"Yoni steam herbs for cleansing - Organic blend - Yonifeel\",\"isPartOf\":{\"@id\":\"https:\/\/yonifeel.com\/#website\"},\"primaryImageOfPage\":{\"@id\":\"https:\/\/yonifeel.com\/product\/yoni-steam-herbs-for-cleansing\/#primaryimage\"},\"image\":{\"@id\":\"https:\/\/yonifeel.com\/product\/yoni-steam-herbs-for-cleansing\/#primaryimage\"},\"thumbnailUrl\":\"https:\/\/yonifeel.com\/wp-content\/uploads\/2022\/08\/cleansing-blend-1.jpg\",\"datePublished\":\"2022-06-06T12:54:10+00:00\",\"dateModified\":\"2024-09-19T10:41:44+00:00\",\"description\":\"Discover how you can use yoni steam herbs for cleansing. Find out which herbs offer the best results and how to do it properly.\",\"breadcrumb\":{\"@id\":\"https:\/\/yonifeel.com\/product\/yoni-steam-herbs-for-cleansing\/#breadcrumb\"},\"inLanguage\":\"fr-FR\",\"potentialAction\":[{\"@type\":\"ReadAction\",\"target\":[\"https:\/\/yonifeel.com\/product\/yoni-steam-herbs-for-cleansing\/\"]}]},{\"@type\":\"ImageObject\",\"inLanguage\":\"fr-FR\",\"@id\":\"https:\/\/yonifeel.com\/product\/yoni-steam-herbs-for-cleansing\/#primaryimage\",\"url\":\"https:\/\/yonifeel.com\/wp-content\/uploads\/2022\/08\/cleansing-blend-1.jpg\",\"contentUrl\":\"https:\/\/yonifeel.com\/wp-content\/uploads\/2022\/08\/cleansing-blend-1.jpg\",\"width\":1000,\"height\":1000},{\"@type\":\"BreadcrumbList\",\"@id\":\"https:\/\/yonifeel.com\/product\/yoni-steam-herbs-for-cleansing\/#breadcrumb\",\"itemListElement\":[{\"@type\":\"ListItem\",\"position\":1,\"name\":\"Accueil\",\"item\":\"https:\/\/yonifeel.com\/\"},{\"@type\":\"ListItem\",\"position\":2,\"name\":\"Shop\",\"item\":\"https:\/\/yonifeel.com\/shop\/\"},{\"@type\":\"ListItem\",\"position\":3,\"name\":\"Yoni steam herbs for cleansing\"}]},{\"@type\":\"WebSite\",\"@id\":\"https:\/\/yonifeel.com\/#website\",\"url\":\"https:\/\/yonifeel.com\/\",\"name\":\"Yonifeel\",\"description\":\"Feel the wellness\",\"publisher\":{\"@id\":\"https:\/\/yonifeel.com\/#organization\"},\"potentialAction\":[{\"@type\":\"SearchAction\",\"target\":{\"@type\":\"EntryPoint\",\"urlTemplate\":\"https:\/\/yonifeel.com\/?s={search_term_string}\"},\"query-input\":{\"@type\":\"PropertyValueSpecification\",\"valueRequired\":true,\"valueName\":\"search_term_string\"}}],\"inLanguage\":\"fr-FR\"},{\"@type\":\"Organization\",\"@id\":\"https:\/\/yonifeel.com\/#organization\",\"name\":\"Yonifeel\",\"url\":\"https:\/\/yonifeel.com\/\",\"logo\":{\"@type\":\"ImageObject\",\"inLanguage\":\"fr-FR\",\"@id\":\"https:\/\/yonifeel.com\/#\/schema\/logo\/image\/\",\"url\":\"https:\/\/yonifeel.com\/wp-content\/uploads\/2022\/05\/yonifeel-logo.png\",\"contentUrl\":\"https:\/\/yonifeel.com\/wp-content\/uploads\/2022\/05\/yonifeel-logo.png\",\"width\":2293,\"height\":1668,\"caption\":\"Yonifeel\"},\"image\":{\"@id\":\"https:\/\/yonifeel.com\/#\/schema\/logo\/image\/\"}}]}<\/script>\n<meta property=\"product:price:amount\" content=\"15\" \/>\n<meta property=\"product:price:currency\" content=\"USD\" \/>\n<meta property=\"og:availability\" content=\"out of stock\" \/>\n<meta property=\"product:availability\" content=\"out of stock\" \/>\n<meta property=\"product:retailer_item_id\" content=\"sac-P70-fr\" \/>\n<meta property=\"product:condition\" content=\"new\" \/>\n<!-- \/ Yoast SEO Premium plugin. -->","yoast_head_json":{"title":"Yoni steam herbes pour le nettoyage - M\u00e9lange naturel - Yonifeel","description":"D\u00e9couvrez note mix d'herbes pour sauna vaginal la purification. Ce m\u00e9lange offre les meilleurs r\u00e9sultats.","robots":{"index":"index","follow":"follow","max-snippet":"max-snippet:-1","max-image-preview":"max-image-preview:large","max-video-preview":"max-video-preview:-1"},"canonical":"https:\/\/yonifeel.com\/fr\/produit\/herbes-sauna-vaginal-pour-le-nettoyage\/","og_locale":"fr_FR","og_type":"article","og_title":"Yoni steam herbs for cleansing","og_description":"Discover how you can use yoni steam herbs for cleansing. Find out which herbs offer the best results and how to do it properly.","og_url":"https:\/\/yonifeel.com\/fr\/produit\/herbes-sauna-vaginal-pour-le-nettoyage\/","og_site_name":"Yonifeel","article_modified_time":"2024-09-19T10:41:44+00:00","og_image":[{"width":1000,"height":1000,"url":"https:\/\/yonifeel.com\/wp-content\/uploads\/2022\/08\/cleansing-blend-1.jpg","type":"image\/jpeg"}],"twitter_card":"summary_large_image","twitter_misc":{"Prix":"&#36;15","Availability":"Out of stock"},"schema":{"@context":"https:\/\/schema.org","@graph":[{"@type":"WebPage","@id":"https:\/\/yonifeel.com\/product\/yoni-steam-herbs-for-cleansing\/","url":"https:\/\/yonifeel.com\/product\/yoni-steam-herbs-for-cleansing\/","name":"Yoni steam herbes pour le nettoyage - M\u00e9lange naturel - Yonifeel","isPartOf":{"@id":"https:\/\/yonifeel.com\/#website"},"primaryImageOfPage":{"@id":"https:\/\/yonifeel.com\/product\/yoni-steam-herbs-for-cleansing\/#primaryimage"},"image":{"@id":"https:\/\/yonifeel.com\/product\/yoni-steam-herbs-for-cleansing\/#primaryimage"},"thumbnailUrl":"https:\/\/yonifeel.com\/wp-content\/uploads\/2022\/08\/cleansing-blend-1.jpg","datePublished":"2022-06-06T12:54:10+00:00","dateModified":"2024-09-19T10:41:44+00:00","description":"D\u00e9couvrez note mix d'herbes pour sauna vaginal la purification. Ce m\u00e9lange offre les meilleurs r\u00e9sultats.","breadcrumb":{"@id":"https:\/\/yonifeel.com\/product\/yoni-steam-herbs-for-cleansing\/#breadcrumb"},"inLanguage":"fr-FR","potentialAction":[{"@type":"ReadAction","target":["https:\/\/yonifeel.com\/product\/yoni-steam-herbs-for-cleansing\/"]}]},{"@type":"ImageObject","inLanguage":"fr-FR","@id":"https:\/\/yonifeel.com\/product\/yoni-steam-herbs-for-cleansing\/#primaryimage","url":"https:\/\/yonifeel.com\/wp-content\/uploads\/2022\/08\/cleansing-blend-1.jpg","contentUrl":"https:\/\/yonifeel.com\/wp-content\/uploads\/2022\/08\/cleansing-blend-1.jpg","width":1000,"height":1000},{"@type":"BreadcrumbList","@id":"https:\/\/yonifeel.com\/product\/yoni-steam-herbs-for-cleansing\/#breadcrumb","itemListElement":[{"@type":"ListItem","position":1,"name":"Accueil","item":"https:\/\/yonifeel.com\/"},{"@type":"ListItem","position":2,"name":"Shop","item":"https:\/\/yonifeel.com\/shop\/"},{"@type":"ListItem","position":3,"name":"Yoni steam herbs for cleansing"}]},{"@type":"WebSite","@id":"https:\/\/yonifeel.com\/#website","url":"https:\/\/yonifeel.com\/","name":"Yonifeel","description":"Feel the wellness","publisher":{"@id":"https:\/\/yonifeel.com\/#organization"},"potentialAction":[{"@type":"SearchAction","target":{"@type":"EntryPoint","urlTemplate":"https:\/\/yonifeel.com\/?s={search_term_string}"},"query-input":{"@type":"PropertyValueSpecification","valueRequired":true,"valueName":"search_term_string"}}],"inLanguage":"fr-FR"},{"@type":"Organization","@id":"https:\/\/yonifeel.com\/#organization","name":"Yonifeel","url":"https:\/\/yonifeel.com\/","logo":{"@type":"ImageObject","inLanguage":"fr-FR","@id":"https:\/\/yonifeel.com\/#\/schema\/logo\/image\/","url":"https:\/\/yonifeel.com\/wp-content\/uploads\/2022\/05\/yonifeel-logo.png","contentUrl":"https:\/\/yonifeel.com\/wp-content\/uploads\/2022\/05\/yonifeel-logo.png","width":2293,"height":1668,"caption":"Yonifeel"},"image":{"@id":"https:\/\/yonifeel.com\/#\/schema\/logo\/image\/"}}]},"product_price_amount":"15","product_price_currency":"USD","og_availability":"out of stock","product_availability":"out of stock","product_retailer_item_id":"sac-P70-fr","product_condition":"new"},"_links":{"self":[{"href":"https:\/\/yonifeel.com\/fr\/wp-json\/wp\/v2\/product\/308","targetHints":{"allow":["GET"]}}],"collection":[{"href":"https:\/\/yonifeel.com\/fr\/wp-json\/wp\/v2\/product"}],"about":[{"href":"https:\/\/yonifeel.com\/fr\/wp-json\/wp\/v2\/types\/product"}],"version-history":[{"count":7,"href":"https:\/\/yonifeel.com\/fr\/wp-json\/wp\/v2\/product\/308\/revisions"}],"predecessor-version":[{"id":1939,"href":"https:\/\/yonifeel.com\/fr\/wp-json\/wp\/v2\/product\/308\/revisions\/1939"}],"wp:featuredmedia":[{"embeddable":true,"href":"https:\/\/yonifeel.com\/fr\/wp-json\/wp\/v2\/media\/1606"}],"wp:attachment":[{"href":"https:\/\/yonifeel.com\/fr\/wp-json\/wp\/v2\/media?parent=308"}],"wp:term":[{"taxonomy":"product_brand","embeddable":true,"href":"https:\/\/yonifeel.com\/fr\/wp-json\/wp\/v2\/product_brand?post=308"},{"taxonomy":"product_cat","embeddable":true,"href":"https:\/\/yonifeel.com\/fr\/wp-json\/wp\/v2\/product_cat?post=308"},{"taxonomy":"product_tag","embeddable":true,"href":"https:\/\/yonifeel.com\/fr\/wp-json\/wp\/v2\/product_tag?post=308"}],"curies":[{"name":"wp","href":"https:\/\/api.w.org\/{rel}","templated":true}]}}