{"id":309,"date":"2022-06-06T15:03:24","date_gmt":"2022-06-06T13:03:24","guid":{"rendered":"https:\/\/yonifeel.com\/?post_type=product&#038;p=309"},"modified":"2024-09-30T18:09:02","modified_gmt":"2024-09-30T16:09:02","slug":"yoni-steam-toilet","status":"publish","type":"product","link":"https:\/\/yonifeel.com\/fr\/produit\/sauna-vaginal-pour-toiliettes\/","title":{"rendered":"Sauna vaginal pour toilettes"},"content":{"rendered":"<p>Nos mat\u00e9riaux de haute qualit\u00e9 sont respectueux de l'environnement, non toxiques, inodores et s\u00fbrs.<\/p>\n<p>Ce sauna vaginal pour toilettes est fabriqu\u00e9e en mat\u00e9riaux \u00e9cologiques PP et TRP \u00e0 haut poids mol\u00e9culaire, qui sont non toxiques, inodores et r\u00e9sistants aux hautes temp\u00e9ratures.<br \/>\nGr\u00e2ce \u00e0 ces mat\u00e9riaux, vous pouvez effectuer une s\u00e9ance de sauna vaginal tr\u00e8s agr\u00e9able et s\u00fbre.<\/p>\n<p>Les courbes du si\u00e8ge vous permettent une assise plus agr\u00e9able gr\u00e2ce \u00e0 sa forme ergonomique.<\/p>\n<p>La vapeur vaginale est une solution prouv\u00e9e pour les personnes souffrant d'inconfort p\u00e9rin\u00e9al. Le si\u00e8ge est facile \u00e0 installer et \u00e0 utiliser, ses trous anti-d\u00e9bordement permettent une s\u00e9curit\u00e9 optimale. La conception pliable du si\u00e8ge vous permettra de le ranger facilement.<\/p>\n<h3><strong>Pourquoi avoir choisi un sauna vaginal en plastique ?<\/strong><\/h3>\n<p>Yonifeel veut r\u00e9pondre aux besoins de toutes les femmes. L'utilisation d'un sauna en plastique nous permet d'offrir la m\u00eame qualit\u00e9 mais \u00e0 un prix plus bas ! Nous avons choisi ce mod\u00e8le, qui peut \u00eatre install\u00e9 sur les toilettes, car il a l'avantage de pouvoir \u00eatre install\u00e9 dans tous les foyers et il nous permet de r\u00e9duire au maximum la perte de vapeur. De plus le nettoyage du sauna est simplifi\u00e9 et beaucoup plus hygi\u00e9nique.<\/p>\n<ul>\n<li>Couleur : Gris ou rose<\/li>\n<li>Pliable, facile \u00e0 utiliser, pratique et sain.<\/li>\n<li>Conception anti-d\u00e9bordement, courbes ergonomiques<\/li>\n<li>Le cadre pliable est un v\u00e9ritable gain de place.<\/li>\n<li>Taille :\n<ul>\n<li>Taille \u00e9tendue : 39x36x12cm \/ 15.4\u00d714.2\u00d74.7inch<\/li>\n<li>Taille pli\u00e9e : 39x36x5.5cm \/ 15.4\u00d714.2\u00d72.1inch<\/li>\n<\/ul>\n<\/li>\n<\/ul>\n<p>Apr\u00e8s r\u00e9ception du colis, si vous avez des questions, n'h\u00e9sitez pas \u00e0 nous contacter.<\/p>","protected":false},"excerpt":{"rendered":"<p dir=\"auto\" data-pm-slice=\"1 1 []\">C'est un sauna vaginal tr\u00e8s simple \u00e0 utiliser et qui permet une r\u00e9elle intimit\u00e9. Notre si\u00e8ge pour sauna vaginal est la combinaison parfaite de la forme et de la fonction. Il s'adapte \u00e0 tous les toilettes et il r\u00e9pond aux besoins de toutes les femmes.<\/p>\n<ul>\n<li dir=\"auto\" data-pm-slice=\"1 1 []\">Produit approuv\u00e9 par nos testeuses<\/li>\n<li dir=\"auto\" data-pm-slice=\"1 1 []\">Forme ergonomique<\/li>\n<li dir=\"auto\" data-pm-slice=\"1 1 []\">Adaptable sur tous les toilettes<\/li>\n<li dir=\"auto\" data-pm-slice=\"1 1 []\">Son syst\u00e8me retractable permet de le ranger facilement<\/li>\n<li dir=\"auto\" data-pm-slice=\"1 1 []\">Exp\u00e9di\u00e9 depuis la France<\/li>\n<li dir=\"auto\" data-pm-slice=\"1 1 []\">Satisfait ou rembours\u00e9.<\/li>\n<\/ul>","protected":false},"featured_media":1564,"template":"","meta":{"_acf_changed":false},"product_brand":[],"product_cat":[24],"product_tag":[],"class_list":{"0":"post-309","1":"product","2":"type-product","3":"status-publish","4":"has-post-thumbnail","6":"product_cat-yoni-herbs","8":"first","9":"outofstock","10":"sale","11":"taxable","12":"shipping-taxable","13":"purchasable","14":"product-type-simple"},"bundled_by":[],"bundle_stock_status":"outofstock","bundle_stock_quantity":0,"bundle_virtual":false,"bundle_layout":"","bundle_add_to_cart_form_location":"","bundle_editable_in_cart":false,"bundle_sold_individually_context":"","bundle_item_grouping":"","bundle_min_size":"","bundle_max_size":"","bundled_items":[],"bundle_sell_ids":[],"acf":[],"yoast_head":"<!-- This site is optimized with the Yoast SEO Premium plugin v18.3 (Yoast SEO v27.2) - https:\/\/yoast.com\/product\/yoast-seo-premium-wordpress\/ -->\n<title>Yoni steam seat for toilet - Yonifeel<\/title>\n<meta name=\"description\" content=\"Get the most out of your yoni steam experience with a yoni steam seat designed for the toilet. This kit allows you to enjoy yoni steaming at home.\" \/>\n<meta name=\"robots\" content=\"index, follow, max-snippet:-1, max-image-preview:large, max-video-preview:-1\" \/>\n<link rel=\"canonical\" href=\"https:\/\/yonifeel.com\/fr\/produit\/sauna-vaginal-pour-toiliettes\/\" \/>\n<meta property=\"og:locale\" content=\"fr_FR\" \/>\n<meta property=\"og:type\" content=\"article\" \/>\n<meta property=\"og:title\" content=\"Yoni steam seat for toilet\" \/>\n<meta property=\"og:description\" content=\"Get the most out of your yoni steam experience with a yoni steam seat designed for the toilet. This kit allows you to enjoy yoni steaming at home.\" \/>\n<meta property=\"og:url\" content=\"https:\/\/yonifeel.com\/fr\/produit\/sauna-vaginal-pour-toiliettes\/\" \/>\n<meta property=\"og:site_name\" content=\"Yonifeel\" \/>\n<meta property=\"article:modified_time\" content=\"2024-09-30T16:09:02+00:00\" \/>\n<meta property=\"og:image\" content=\"https:\/\/yonifeel.com\/wp-content\/uploads\/2022\/06\/yoni-steam-seat-3-1.jpg\" \/>\n\t<meta property=\"og:image:width\" content=\"679\" \/>\n\t<meta property=\"og:image:height\" content=\"637\" \/>\n\t<meta property=\"og:image:type\" content=\"image\/jpeg\" \/>\n<meta name=\"twitter:card\" content=\"summary_large_image\" \/>\n<meta name=\"twitter:label1\" content=\"Prix\" \/>\n\t<meta name=\"twitter:data1\" content=\"&#036;9\" \/>\n\t<meta name=\"twitter:label2\" content=\"Availability\" \/>\n\t<meta name=\"twitter:data2\" content=\"Out of stock\" \/>\n<script type=\"application\/ld+json\" class=\"yoast-schema-graph\">{\"@context\":\"https:\/\/schema.org\",\"@graph\":[{\"@type\":\"WebPage\",\"@id\":\"https:\/\/yonifeel.com\/product\/yoni-steam-toilet\/\",\"url\":\"https:\/\/yonifeel.com\/product\/yoni-steam-toilet\/\",\"name\":\"Yoni steam seat for toilet - Yonifeel\",\"isPartOf\":{\"@id\":\"https:\/\/yonifeel.com\/#website\"},\"primaryImageOfPage\":{\"@id\":\"https:\/\/yonifeel.com\/product\/yoni-steam-toilet\/#primaryimage\"},\"image\":{\"@id\":\"https:\/\/yonifeel.com\/product\/yoni-steam-toilet\/#primaryimage\"},\"thumbnailUrl\":\"https:\/\/yonifeel.com\/wp-content\/uploads\/2022\/06\/yoni-steam-seat-3-1.jpg\",\"datePublished\":\"2022-06-06T13:03:24+00:00\",\"dateModified\":\"2024-09-30T16:09:02+00:00\",\"description\":\"Get the most out of your yoni steam experience with a yoni steam seat designed for the toilet. This kit allows you to enjoy yoni steaming at home.\",\"breadcrumb\":{\"@id\":\"https:\/\/yonifeel.com\/product\/yoni-steam-toilet\/#breadcrumb\"},\"inLanguage\":\"fr-FR\",\"potentialAction\":[{\"@type\":\"ReadAction\",\"target\":[\"https:\/\/yonifeel.com\/product\/yoni-steam-toilet\/\"]}]},{\"@type\":\"ImageObject\",\"inLanguage\":\"fr-FR\",\"@id\":\"https:\/\/yonifeel.com\/product\/yoni-steam-toilet\/#primaryimage\",\"url\":\"https:\/\/yonifeel.com\/wp-content\/uploads\/2022\/06\/yoni-steam-seat-3-1.jpg\",\"contentUrl\":\"https:\/\/yonifeel.com\/wp-content\/uploads\/2022\/06\/yoni-steam-seat-3-1.jpg\",\"width\":679,\"height\":637},{\"@type\":\"BreadcrumbList\",\"@id\":\"https:\/\/yonifeel.com\/product\/yoni-steam-toilet\/#breadcrumb\",\"itemListElement\":[{\"@type\":\"ListItem\",\"position\":1,\"name\":\"Accueil\",\"item\":\"https:\/\/yonifeel.com\/\"},{\"@type\":\"ListItem\",\"position\":2,\"name\":\"Shop\",\"item\":\"https:\/\/yonifeel.com\/shop\/\"},{\"@type\":\"ListItem\",\"position\":3,\"name\":\"Yoni steam seat for toilet\"}]},{\"@type\":\"WebSite\",\"@id\":\"https:\/\/yonifeel.com\/#website\",\"url\":\"https:\/\/yonifeel.com\/\",\"name\":\"Yonifeel\",\"description\":\"Feel the wellness\",\"publisher\":{\"@id\":\"https:\/\/yonifeel.com\/#organization\"},\"potentialAction\":[{\"@type\":\"SearchAction\",\"target\":{\"@type\":\"EntryPoint\",\"urlTemplate\":\"https:\/\/yonifeel.com\/?s={search_term_string}\"},\"query-input\":{\"@type\":\"PropertyValueSpecification\",\"valueRequired\":true,\"valueName\":\"search_term_string\"}}],\"inLanguage\":\"fr-FR\"},{\"@type\":\"Organization\",\"@id\":\"https:\/\/yonifeel.com\/#organization\",\"name\":\"Yonifeel\",\"url\":\"https:\/\/yonifeel.com\/\",\"logo\":{\"@type\":\"ImageObject\",\"inLanguage\":\"fr-FR\",\"@id\":\"https:\/\/yonifeel.com\/#\/schema\/logo\/image\/\",\"url\":\"https:\/\/yonifeel.com\/wp-content\/uploads\/2022\/05\/yonifeel-logo.png\",\"contentUrl\":\"https:\/\/yonifeel.com\/wp-content\/uploads\/2022\/05\/yonifeel-logo.png\",\"width\":2293,\"height\":1668,\"caption\":\"Yonifeel\"},\"image\":{\"@id\":\"https:\/\/yonifeel.com\/#\/schema\/logo\/image\/\"}}]}<\/script>\n<meta property=\"product:price:amount\" content=\"9\" \/>\n<meta property=\"product:price:currency\" content=\"USD\" \/>\n<meta property=\"og:availability\" content=\"out of stock\" \/>\n<meta property=\"product:availability\" content=\"out of stock\" \/>\n<meta property=\"product:retailer_item_id\" content=\"siege-PR390-fr\" \/>\n<meta property=\"product:condition\" content=\"new\" \/>\n<!-- \/ Yoast SEO Premium plugin. -->","yoast_head_json":{"title":"Sauna vaginal pour toilettes - Yonifeel","description":"Profitez d'une exp\u00e9rience yoni steam avec un si\u00e8ge sauna vaginal con\u00e7u pour les toilettes. Avec ce kit, profiter du sauna vaginal \u00e0 la maison.","robots":{"index":"index","follow":"follow","max-snippet":"max-snippet:-1","max-image-preview":"max-image-preview:large","max-video-preview":"max-video-preview:-1"},"canonical":"https:\/\/yonifeel.com\/fr\/produit\/sauna-vaginal-pour-toiliettes\/","og_locale":"fr_FR","og_type":"article","og_title":"Yoni steam seat for toilet","og_description":"Get the most out of your yoni steam experience with a yoni steam seat designed for the toilet. This kit allows you to enjoy yoni steaming at home.","og_url":"https:\/\/yonifeel.com\/fr\/produit\/sauna-vaginal-pour-toiliettes\/","og_site_name":"Yonifeel","article_modified_time":"2024-09-30T16:09:02+00:00","og_image":[{"width":679,"height":637,"url":"https:\/\/yonifeel.com\/wp-content\/uploads\/2022\/06\/yoni-steam-seat-3-1.jpg","type":"image\/jpeg"}],"twitter_card":"summary_large_image","twitter_misc":{"Prix":"&#36;9","Availability":"Out of stock"},"schema":{"@context":"https:\/\/schema.org","@graph":[{"@type":"WebPage","@id":"https:\/\/yonifeel.com\/product\/yoni-steam-toilet\/","url":"https:\/\/yonifeel.com\/product\/yoni-steam-toilet\/","name":"Sauna vaginal pour toilettes - Yonifeel","isPartOf":{"@id":"https:\/\/yonifeel.com\/#website"},"primaryImageOfPage":{"@id":"https:\/\/yonifeel.com\/product\/yoni-steam-toilet\/#primaryimage"},"image":{"@id":"https:\/\/yonifeel.com\/product\/yoni-steam-toilet\/#primaryimage"},"thumbnailUrl":"https:\/\/yonifeel.com\/wp-content\/uploads\/2022\/06\/yoni-steam-seat-3-1.jpg","datePublished":"2022-06-06T13:03:24+00:00","dateModified":"2024-09-30T16:09:02+00:00","description":"Profitez d'une exp\u00e9rience yoni steam avec un si\u00e8ge sauna vaginal con\u00e7u pour les toilettes. Avec ce kit, profiter du sauna vaginal \u00e0 la maison.","breadcrumb":{"@id":"https:\/\/yonifeel.com\/product\/yoni-steam-toilet\/#breadcrumb"},"inLanguage":"fr-FR","potentialAction":[{"@type":"ReadAction","target":["https:\/\/yonifeel.com\/product\/yoni-steam-toilet\/"]}]},{"@type":"ImageObject","inLanguage":"fr-FR","@id":"https:\/\/yonifeel.com\/product\/yoni-steam-toilet\/#primaryimage","url":"https:\/\/yonifeel.com\/wp-content\/uploads\/2022\/06\/yoni-steam-seat-3-1.jpg","contentUrl":"https:\/\/yonifeel.com\/wp-content\/uploads\/2022\/06\/yoni-steam-seat-3-1.jpg","width":679,"height":637},{"@type":"BreadcrumbList","@id":"https:\/\/yonifeel.com\/product\/yoni-steam-toilet\/#breadcrumb","itemListElement":[{"@type":"ListItem","position":1,"name":"Accueil","item":"https:\/\/yonifeel.com\/"},{"@type":"ListItem","position":2,"name":"Shop","item":"https:\/\/yonifeel.com\/shop\/"},{"@type":"ListItem","position":3,"name":"Yoni steam seat for toilet"}]},{"@type":"WebSite","@id":"https:\/\/yonifeel.com\/#website","url":"https:\/\/yonifeel.com\/","name":"Yonifeel","description":"Feel the wellness","publisher":{"@id":"https:\/\/yonifeel.com\/#organization"},"potentialAction":[{"@type":"SearchAction","target":{"@type":"EntryPoint","urlTemplate":"https:\/\/yonifeel.com\/?s={search_term_string}"},"query-input":{"@type":"PropertyValueSpecification","valueRequired":true,"valueName":"search_term_string"}}],"inLanguage":"fr-FR"},{"@type":"Organization","@id":"https:\/\/yonifeel.com\/#organization","name":"Yonifeel","url":"https:\/\/yonifeel.com\/","logo":{"@type":"ImageObject","inLanguage":"fr-FR","@id":"https:\/\/yonifeel.com\/#\/schema\/logo\/image\/","url":"https:\/\/yonifeel.com\/wp-content\/uploads\/2022\/05\/yonifeel-logo.png","contentUrl":"https:\/\/yonifeel.com\/wp-content\/uploads\/2022\/05\/yonifeel-logo.png","width":2293,"height":1668,"caption":"Yonifeel"},"image":{"@id":"https:\/\/yonifeel.com\/#\/schema\/logo\/image\/"}}]},"product_price_amount":"9","product_price_currency":"USD","og_availability":"out of stock","product_availability":"out of stock","product_retailer_item_id":"siege-PR390-fr","product_condition":"new"},"_links":{"self":[{"href":"https:\/\/yonifeel.com\/fr\/wp-json\/wp\/v2\/product\/309","targetHints":{"allow":["GET"]}}],"collection":[{"href":"https:\/\/yonifeel.com\/fr\/wp-json\/wp\/v2\/product"}],"about":[{"href":"https:\/\/yonifeel.com\/fr\/wp-json\/wp\/v2\/types\/product"}],"version-history":[{"count":7,"href":"https:\/\/yonifeel.com\/fr\/wp-json\/wp\/v2\/product\/309\/revisions"}],"predecessor-version":[{"id":2450,"href":"https:\/\/yonifeel.com\/fr\/wp-json\/wp\/v2\/product\/309\/revisions\/2450"}],"wp:featuredmedia":[{"embeddable":true,"href":"https:\/\/yonifeel.com\/fr\/wp-json\/wp\/v2\/media\/1564"}],"wp:attachment":[{"href":"https:\/\/yonifeel.com\/fr\/wp-json\/wp\/v2\/media?parent=309"}],"wp:term":[{"taxonomy":"product_brand","embeddable":true,"href":"https:\/\/yonifeel.com\/fr\/wp-json\/wp\/v2\/product_brand?post=309"},{"taxonomy":"product_cat","embeddable":true,"href":"https:\/\/yonifeel.com\/fr\/wp-json\/wp\/v2\/product_cat?post=309"},{"taxonomy":"product_tag","embeddable":true,"href":"https:\/\/yonifeel.com\/fr\/wp-json\/wp\/v2\/product_tag?post=309"}],"curies":[{"name":"wp","href":"https:\/\/api.w.org\/{rel}","templated":true}]}}