{"id":416,"date":"2022-06-13T12:50:01","date_gmt":"2022-06-13T10:50:01","guid":{"rendered":"https:\/\/yonifeel.com\/?post_type=product&#038;p=416"},"modified":"2024-09-19T12:41:41","modified_gmt":"2024-09-19T10:41:41","slug":"yoni-steam-kit-cleansing","status":"publish","type":"product","link":"https:\/\/yonifeel.com\/fr\/produit\/kit-sauna-vaginal-nettoyage\/","title":{"rendered":"Kit sauna vaginal pour le nettoyage"},"content":{"rendered":"<p>Un nettoyage peut \u00eatre r\u00e9alis\u00e9 en post-partum, apr\u00e8s une fausse couche, apr\u00e8s une infection urinaire, pour r\u00e9gler des probl\u00e8mes d'h\u00e9morro\u00efdes ou encore pour les femmes ayant un cycle hormonal irr\u00e9gulier. Le kit vous propose 2 sachets d'herbes pour nettoyer votre ut\u00e9rus ainsi que le si\u00e8ge pour sauna vaginal adaptable sur tous les toilettes et qui vous permet de r\u00e9aliser un soin en toute intimit\u00e9.<\/p>\n<p>Le sauna vaginal est un soin naturel et tr\u00e8s simple \u00e0 r\u00e9aliser.<\/p>\n<p>Dans notre ebook vous pourrez trouver toutes les routines adapt\u00e9es \u00e0 vos besoins.<\/p>","protected":false},"excerpt":{"rendered":"<p>Le kit \"nettoyage\" s'adresse aux femmes qui souhaitent nettoyer leur ut\u00e9rus.<\/p>\n<p><strong>Le kit contient : 1 sauna vaginal + 2 sachets d'herbes \"mix nettoyage\"<\/strong><\/p>\n<ul>\n<li>Votre ut\u00e9rus retrouve toute son \u00e9nergie d\u00e8s le 2\u00e8me mois d'utilisation.<\/li>\n<li>M\u00e9langes de plantes pour le nettoyage s\u00e9lectionn\u00e9es par nos naturopathes.<\/li>\n<li>Herbes certifi\u00e9es biologiques ou d'origine contr\u00f4l\u00e9e.<\/li>\n<li>Traitement non invasif pour un nettoyage et un soin naturel indolore.<\/li>\n<li>Satisfait ou rembours\u00e9.<\/li>\n<\/ul>","protected":false},"featured_media":1617,"template":"","meta":{"_acf_changed":false},"product_brand":[],"product_cat":[25],"product_tag":[],"class_list":{"0":"post-416","1":"product","2":"type-product","3":"status-publish","4":"has-post-thumbnail","6":"product_cat-yoni-steam-kit","8":"first","9":"outofstock","10":"sale","11":"taxable","12":"shipping-taxable","13":"purchasable","14":"product-type-simple"},"bundled_by":[],"bundle_stock_status":"outofstock","bundle_stock_quantity":-1,"bundle_virtual":false,"bundle_layout":"","bundle_add_to_cart_form_location":"","bundle_editable_in_cart":false,"bundle_sold_individually_context":"","bundle_item_grouping":"","bundle_min_size":"","bundle_max_size":"","bundled_items":[],"bundle_sell_ids":[],"acf":[],"yoast_head":"<!-- This site is optimized with the Yoast SEO Premium plugin v18.3 (Yoast SEO v27.2) - https:\/\/yoast.com\/product\/yoast-seo-premium-wordpress\/ -->\n<title>Yoni steam kit for cleansing - Yonifeel<\/title>\n<meta name=\"description\" content=\"Discover a natural way to cleanse your body and mind with Yoni Steaming Kits. Get the complete set for an easy yet safe cleansing ritual.\" \/>\n<meta name=\"robots\" content=\"index, follow, max-snippet:-1, max-image-preview:large, max-video-preview:-1\" \/>\n<link rel=\"canonical\" href=\"https:\/\/yonifeel.com\/fr\/produit\/kit-sauna-vaginal-nettoyage\/\" \/>\n<meta property=\"og:locale\" content=\"fr_FR\" \/>\n<meta property=\"og:type\" content=\"article\" \/>\n<meta property=\"og:title\" content=\"Yoni steam kit for cleansing\" \/>\n<meta property=\"og:description\" content=\"Discover a natural way to cleanse your body and mind with Yoni Steaming Kits. Get the complete set for an easy yet safe cleansing ritual.\" \/>\n<meta property=\"og:url\" content=\"https:\/\/yonifeel.com\/fr\/produit\/kit-sauna-vaginal-nettoyage\/\" \/>\n<meta property=\"og:site_name\" content=\"Yonifeel\" \/>\n<meta property=\"article:modified_time\" content=\"2024-09-19T10:41:41+00:00\" \/>\n<meta property=\"og:image\" content=\"https:\/\/yonifeel.com\/wp-content\/uploads\/2022\/08\/cleansing-kit-1.jpg\" \/>\n\t<meta property=\"og:image:width\" content=\"1000\" \/>\n\t<meta property=\"og:image:height\" content=\"1000\" \/>\n\t<meta property=\"og:image:type\" content=\"image\/jpeg\" \/>\n<meta name=\"twitter:card\" content=\"summary_large_image\" \/>\n<meta name=\"twitter:label1\" content=\"Prix\" \/>\n\t<meta name=\"twitter:data1\" content=\"&#036;39\" \/>\n\t<meta name=\"twitter:label2\" content=\"Availability\" \/>\n\t<meta name=\"twitter:data2\" content=\"Out of stock\" \/>\n<script type=\"application\/ld+json\" class=\"yoast-schema-graph\">{\"@context\":\"https:\/\/schema.org\",\"@graph\":[{\"@type\":\"WebPage\",\"@id\":\"https:\/\/yonifeel.com\/product\/yoni-steam-kit-cleansing\/\",\"url\":\"https:\/\/yonifeel.com\/product\/yoni-steam-kit-cleansing\/\",\"name\":\"Yoni steam kit for cleansing - Yonifeel\",\"isPartOf\":{\"@id\":\"https:\/\/yonifeel.com\/#website\"},\"primaryImageOfPage\":{\"@id\":\"https:\/\/yonifeel.com\/product\/yoni-steam-kit-cleansing\/#primaryimage\"},\"image\":{\"@id\":\"https:\/\/yonifeel.com\/product\/yoni-steam-kit-cleansing\/#primaryimage\"},\"thumbnailUrl\":\"https:\/\/yonifeel.com\/wp-content\/uploads\/2022\/08\/cleansing-kit-1.jpg\",\"datePublished\":\"2022-06-13T10:50:01+00:00\",\"dateModified\":\"2024-09-19T10:41:41+00:00\",\"description\":\"Discover a natural way to cleanse your body and mind with Yoni Steaming Kits. Get the complete set for an easy yet safe cleansing ritual.\",\"breadcrumb\":{\"@id\":\"https:\/\/yonifeel.com\/product\/yoni-steam-kit-cleansing\/#breadcrumb\"},\"inLanguage\":\"fr-FR\",\"potentialAction\":[{\"@type\":\"ReadAction\",\"target\":[\"https:\/\/yonifeel.com\/product\/yoni-steam-kit-cleansing\/\"]}]},{\"@type\":\"ImageObject\",\"inLanguage\":\"fr-FR\",\"@id\":\"https:\/\/yonifeel.com\/product\/yoni-steam-kit-cleansing\/#primaryimage\",\"url\":\"https:\/\/yonifeel.com\/wp-content\/uploads\/2022\/08\/cleansing-kit-1.jpg\",\"contentUrl\":\"https:\/\/yonifeel.com\/wp-content\/uploads\/2022\/08\/cleansing-kit-1.jpg\",\"width\":1000,\"height\":1000},{\"@type\":\"BreadcrumbList\",\"@id\":\"https:\/\/yonifeel.com\/product\/yoni-steam-kit-cleansing\/#breadcrumb\",\"itemListElement\":[{\"@type\":\"ListItem\",\"position\":1,\"name\":\"Accueil\",\"item\":\"https:\/\/yonifeel.com\/\"},{\"@type\":\"ListItem\",\"position\":2,\"name\":\"Shop\",\"item\":\"https:\/\/yonifeel.com\/shop\/\"},{\"@type\":\"ListItem\",\"position\":3,\"name\":\"Yoni steam kit for cleansing\"}]},{\"@type\":\"WebSite\",\"@id\":\"https:\/\/yonifeel.com\/#website\",\"url\":\"https:\/\/yonifeel.com\/\",\"name\":\"Yonifeel\",\"description\":\"Feel the wellness\",\"publisher\":{\"@id\":\"https:\/\/yonifeel.com\/#organization\"},\"potentialAction\":[{\"@type\":\"SearchAction\",\"target\":{\"@type\":\"EntryPoint\",\"urlTemplate\":\"https:\/\/yonifeel.com\/?s={search_term_string}\"},\"query-input\":{\"@type\":\"PropertyValueSpecification\",\"valueRequired\":true,\"valueName\":\"search_term_string\"}}],\"inLanguage\":\"fr-FR\"},{\"@type\":\"Organization\",\"@id\":\"https:\/\/yonifeel.com\/#organization\",\"name\":\"Yonifeel\",\"url\":\"https:\/\/yonifeel.com\/\",\"logo\":{\"@type\":\"ImageObject\",\"inLanguage\":\"fr-FR\",\"@id\":\"https:\/\/yonifeel.com\/#\/schema\/logo\/image\/\",\"url\":\"https:\/\/yonifeel.com\/wp-content\/uploads\/2022\/05\/yonifeel-logo.png\",\"contentUrl\":\"https:\/\/yonifeel.com\/wp-content\/uploads\/2022\/05\/yonifeel-logo.png\",\"width\":2293,\"height\":1668,\"caption\":\"Yonifeel\"},\"image\":{\"@id\":\"https:\/\/yonifeel.com\/#\/schema\/logo\/image\/\"}}]}<\/script>\n<meta property=\"product:price:amount\" content=\"39\" \/>\n<meta property=\"product:price:currency\" content=\"USD\" \/>\n<meta property=\"og:availability\" content=\"out of stock\" \/>\n<meta property=\"product:availability\" content=\"out of stock\" \/>\n<meta property=\"product:retailer_item_id\" content=\"PACK-PURIFICATION\" \/>\n<meta property=\"product:condition\" content=\"new\" \/>\n<!-- \/ Yoast SEO Premium plugin. -->","yoast_head_json":{"title":"Kit sauna vaginal pour le nettoyage - Yonifeel","description":"D\u00e9couvrez un moyen naturel de purifier votre corps et votre esprit gr\u00e2ce aux kits de sauna vaginal. Obtenez le kit complet pour un rituel de purification facile et s\u00fbr.","robots":{"index":"index","follow":"follow","max-snippet":"max-snippet:-1","max-image-preview":"max-image-preview:large","max-video-preview":"max-video-preview:-1"},"canonical":"https:\/\/yonifeel.com\/fr\/produit\/kit-sauna-vaginal-nettoyage\/","og_locale":"fr_FR","og_type":"article","og_title":"Yoni steam kit for cleansing","og_description":"Discover a natural way to cleanse your body and mind with Yoni Steaming Kits. Get the complete set for an easy yet safe cleansing ritual.","og_url":"https:\/\/yonifeel.com\/fr\/produit\/kit-sauna-vaginal-nettoyage\/","og_site_name":"Yonifeel","article_modified_time":"2024-09-19T10:41:41+00:00","og_image":[{"width":1000,"height":1000,"url":"https:\/\/yonifeel.com\/wp-content\/uploads\/2022\/08\/cleansing-kit-1.jpg","type":"image\/jpeg"}],"twitter_card":"summary_large_image","twitter_misc":{"Prix":"&#36;39","Availability":"Out of stock"},"schema":{"@context":"https:\/\/schema.org","@graph":[{"@type":"WebPage","@id":"https:\/\/yonifeel.com\/product\/yoni-steam-kit-cleansing\/","url":"https:\/\/yonifeel.com\/product\/yoni-steam-kit-cleansing\/","name":"Kit sauna vaginal pour le nettoyage - Yonifeel","isPartOf":{"@id":"https:\/\/yonifeel.com\/#website"},"primaryImageOfPage":{"@id":"https:\/\/yonifeel.com\/product\/yoni-steam-kit-cleansing\/#primaryimage"},"image":{"@id":"https:\/\/yonifeel.com\/product\/yoni-steam-kit-cleansing\/#primaryimage"},"thumbnailUrl":"https:\/\/yonifeel.com\/wp-content\/uploads\/2022\/08\/cleansing-kit-1.jpg","datePublished":"2022-06-13T10:50:01+00:00","dateModified":"2024-09-19T10:41:41+00:00","description":"D\u00e9couvrez un moyen naturel de purifier votre corps et votre esprit gr\u00e2ce aux kits de sauna vaginal. Obtenez le kit complet pour un rituel de purification facile et s\u00fbr.","breadcrumb":{"@id":"https:\/\/yonifeel.com\/product\/yoni-steam-kit-cleansing\/#breadcrumb"},"inLanguage":"fr-FR","potentialAction":[{"@type":"ReadAction","target":["https:\/\/yonifeel.com\/product\/yoni-steam-kit-cleansing\/"]}]},{"@type":"ImageObject","inLanguage":"fr-FR","@id":"https:\/\/yonifeel.com\/product\/yoni-steam-kit-cleansing\/#primaryimage","url":"https:\/\/yonifeel.com\/wp-content\/uploads\/2022\/08\/cleansing-kit-1.jpg","contentUrl":"https:\/\/yonifeel.com\/wp-content\/uploads\/2022\/08\/cleansing-kit-1.jpg","width":1000,"height":1000},{"@type":"BreadcrumbList","@id":"https:\/\/yonifeel.com\/product\/yoni-steam-kit-cleansing\/#breadcrumb","itemListElement":[{"@type":"ListItem","position":1,"name":"Accueil","item":"https:\/\/yonifeel.com\/"},{"@type":"ListItem","position":2,"name":"Shop","item":"https:\/\/yonifeel.com\/shop\/"},{"@type":"ListItem","position":3,"name":"Yoni steam kit for cleansing"}]},{"@type":"WebSite","@id":"https:\/\/yonifeel.com\/#website","url":"https:\/\/yonifeel.com\/","name":"Yonifeel","description":"Feel the wellness","publisher":{"@id":"https:\/\/yonifeel.com\/#organization"},"potentialAction":[{"@type":"SearchAction","target":{"@type":"EntryPoint","urlTemplate":"https:\/\/yonifeel.com\/?s={search_term_string}"},"query-input":{"@type":"PropertyValueSpecification","valueRequired":true,"valueName":"search_term_string"}}],"inLanguage":"fr-FR"},{"@type":"Organization","@id":"https:\/\/yonifeel.com\/#organization","name":"Yonifeel","url":"https:\/\/yonifeel.com\/","logo":{"@type":"ImageObject","inLanguage":"fr-FR","@id":"https:\/\/yonifeel.com\/#\/schema\/logo\/image\/","url":"https:\/\/yonifeel.com\/wp-content\/uploads\/2022\/05\/yonifeel-logo.png","contentUrl":"https:\/\/yonifeel.com\/wp-content\/uploads\/2022\/05\/yonifeel-logo.png","width":2293,"height":1668,"caption":"Yonifeel"},"image":{"@id":"https:\/\/yonifeel.com\/#\/schema\/logo\/image\/"}}]},"product_price_amount":"39","product_price_currency":"USD","og_availability":"out of stock","product_availability":"out of stock","product_retailer_item_id":"PACK-PURIFICATION","product_condition":"new"},"_links":{"self":[{"href":"https:\/\/yonifeel.com\/fr\/wp-json\/wp\/v2\/product\/416","targetHints":{"allow":["GET"]}}],"collection":[{"href":"https:\/\/yonifeel.com\/fr\/wp-json\/wp\/v2\/product"}],"about":[{"href":"https:\/\/yonifeel.com\/fr\/wp-json\/wp\/v2\/types\/product"}],"version-history":[{"count":11,"href":"https:\/\/yonifeel.com\/fr\/wp-json\/wp\/v2\/product\/416\/revisions"}],"predecessor-version":[{"id":1431,"href":"https:\/\/yonifeel.com\/fr\/wp-json\/wp\/v2\/product\/416\/revisions\/1431"}],"wp:featuredmedia":[{"embeddable":true,"href":"https:\/\/yonifeel.com\/fr\/wp-json\/wp\/v2\/media\/1617"}],"wp:attachment":[{"href":"https:\/\/yonifeel.com\/fr\/wp-json\/wp\/v2\/media?parent=416"}],"wp:term":[{"taxonomy":"product_brand","embeddable":true,"href":"https:\/\/yonifeel.com\/fr\/wp-json\/wp\/v2\/product_brand?post=416"},{"taxonomy":"product_cat","embeddable":true,"href":"https:\/\/yonifeel.com\/fr\/wp-json\/wp\/v2\/product_cat?post=416"},{"taxonomy":"product_tag","embeddable":true,"href":"https:\/\/yonifeel.com\/fr\/wp-json\/wp\/v2\/product_tag?post=416"}],"curies":[{"name":"wp","href":"https:\/\/api.w.org\/{rel}","templated":true}]}}