{"id":417,"date":"2022-06-13T12:51:13","date_gmt":"2022-06-13T10:51:13","guid":{"rendered":"https:\/\/yonifeel.com\/?post_type=product&#038;p=417"},"modified":"2024-09-19T12:41:39","modified_gmt":"2024-09-19T10:41:39","slug":"yoni-steam-kit-menopause","status":"publish","type":"product","link":"https:\/\/yonifeel.com\/fr\/produit\/kit-sauna-vaginal-menopause\/","title":{"rendered":"Kit sauna vaginal pour la m\u00e9nopause"},"content":{"rendered":"<p>Le kit vous propose 1 sachet d'herbes \"mix m\u00e9nopause\" et 1 sachet d'herbes \"mix purification\" , les herbes s\u00e9lectionn\u00e9es vous permettront de r\u00e9duire les bouff\u00e9es de chaleur et les d\u00e9r\u00e8glements hormonaux li\u00e9s \u00e0 la m\u00e9nopause.  Le si\u00e8ge pour sauna vaginal est adaptable sur tous les toilettes et vous permet de r\u00e9aliser un soin en toute intimit\u00e9. Le sauna vaginal est un soin naturel et tr\u00e8s simple \u00e0 r\u00e9aliser.<\/p>\n<p>Dans notre ebook vous pourrez trouver toutes les routines adapt\u00e9es \u00e0 vos besoins.<\/p>","protected":false},"excerpt":{"rendered":"<p>Le kit \"M\u00e9nopause\" s'adresse aux femmes souffrant des sympt\u00f4mes de la m\u00e9nopause.<\/p>\n<p><strong>Le kit contient : 1 sauna vaginal + 1 sachet d'herbes \"mix m\u00e9nopause\" + 1 sachet d\"herbes \"mix purification\"<\/strong><\/p>\n<ul>\n<li>Vos sympt\u00f4mes de m\u00e9nopause diminuent apr\u00e8s le troisi\u00e8me mois d'utilisation.<\/li>\n<li>M\u00e9langes de plantes pour la m\u00e9nopause s\u00e9lectionn\u00e9es par nos naturopathes.<\/li>\n<li>Herbes certifi\u00e9es biologiques ou d'origine contr\u00f4l\u00e9e.<\/li>\n<li>Traitement non invasif de la m\u00e9nopause et soins naturels indolores.<\/li>\n<li>Satisfait ou rembours\u00e9.<\/li>\n<\/ul>","protected":false},"featured_media":1619,"template":"","meta":{"_acf_changed":false},"product_brand":[],"product_cat":[25],"product_tag":[],"class_list":{"0":"post-417","1":"product","2":"type-product","3":"status-publish","4":"has-post-thumbnail","6":"product_cat-yoni-steam-kit","8":"first","9":"outofstock","10":"sale","11":"taxable","12":"shipping-taxable","13":"purchasable","14":"product-type-simple"},"bundled_by":[],"bundle_stock_status":"outofstock","bundle_stock_quantity":-1,"bundle_virtual":false,"bundle_layout":"","bundle_add_to_cart_form_location":"","bundle_editable_in_cart":false,"bundle_sold_individually_context":"","bundle_item_grouping":"","bundle_min_size":"","bundle_max_size":"","bundled_items":[],"bundle_sell_ids":[],"acf":[],"yoast_head":"<!-- This site is optimized with the Yoast SEO Premium plugin v18.3 (Yoast SEO v27.2) - https:\/\/yoast.com\/product\/yoast-seo-premium-wordpress\/ -->\n<title>Yoni steam kit for menopause - Yonifeel<\/title>\n<meta name=\"description\" content=\"Discover natural relief from menopausal symptoms with a Yoni steam kit! Rejuvenate your inner spirit and achieve physical balance.\" \/>\n<meta name=\"robots\" content=\"index, follow, max-snippet:-1, max-image-preview:large, max-video-preview:-1\" \/>\n<link rel=\"canonical\" href=\"https:\/\/yonifeel.com\/fr\/produit\/kit-sauna-vaginal-menopause\/\" \/>\n<meta property=\"og:locale\" content=\"fr_FR\" \/>\n<meta property=\"og:type\" content=\"article\" \/>\n<meta property=\"og:title\" content=\"Yoni steam kit for menopause\" \/>\n<meta property=\"og:description\" content=\"Discover natural relief from menopausal symptoms with a Yoni steam kit! Rejuvenate your inner spirit and achieve physical balance.\" \/>\n<meta property=\"og:url\" content=\"https:\/\/yonifeel.com\/fr\/produit\/kit-sauna-vaginal-menopause\/\" \/>\n<meta property=\"og:site_name\" content=\"Yonifeel\" \/>\n<meta property=\"article:modified_time\" content=\"2024-09-19T10:41:39+00:00\" \/>\n<meta property=\"og:image\" content=\"https:\/\/yonifeel.com\/wp-content\/uploads\/2022\/08\/menopause-kit-1.jpg\" \/>\n\t<meta property=\"og:image:width\" content=\"1000\" \/>\n\t<meta property=\"og:image:height\" content=\"1000\" \/>\n\t<meta property=\"og:image:type\" content=\"image\/jpeg\" \/>\n<meta name=\"twitter:card\" content=\"summary_large_image\" \/>\n<meta name=\"twitter:label1\" content=\"Prix\" \/>\n\t<meta name=\"twitter:data1\" content=\"&#036;39\" \/>\n\t<meta name=\"twitter:label2\" content=\"Availability\" \/>\n\t<meta name=\"twitter:data2\" content=\"Out of stock\" \/>\n<script type=\"application\/ld+json\" class=\"yoast-schema-graph\">{\"@context\":\"https:\/\/schema.org\",\"@graph\":[{\"@type\":\"WebPage\",\"@id\":\"https:\/\/yonifeel.com\/product\/yoni-steam-kit-menopause\/\",\"url\":\"https:\/\/yonifeel.com\/product\/yoni-steam-kit-menopause\/\",\"name\":\"Yoni steam kit for menopause - Yonifeel\",\"isPartOf\":{\"@id\":\"https:\/\/yonifeel.com\/#website\"},\"primaryImageOfPage\":{\"@id\":\"https:\/\/yonifeel.com\/product\/yoni-steam-kit-menopause\/#primaryimage\"},\"image\":{\"@id\":\"https:\/\/yonifeel.com\/product\/yoni-steam-kit-menopause\/#primaryimage\"},\"thumbnailUrl\":\"https:\/\/yonifeel.com\/wp-content\/uploads\/2022\/08\/menopause-kit-1.jpg\",\"datePublished\":\"2022-06-13T10:51:13+00:00\",\"dateModified\":\"2024-09-19T10:41:39+00:00\",\"description\":\"Discover natural relief from menopausal symptoms with a Yoni steam kit! Rejuvenate your inner spirit and achieve physical balance.\",\"breadcrumb\":{\"@id\":\"https:\/\/yonifeel.com\/product\/yoni-steam-kit-menopause\/#breadcrumb\"},\"inLanguage\":\"fr-FR\",\"potentialAction\":[{\"@type\":\"ReadAction\",\"target\":[\"https:\/\/yonifeel.com\/product\/yoni-steam-kit-menopause\/\"]}]},{\"@type\":\"ImageObject\",\"inLanguage\":\"fr-FR\",\"@id\":\"https:\/\/yonifeel.com\/product\/yoni-steam-kit-menopause\/#primaryimage\",\"url\":\"https:\/\/yonifeel.com\/wp-content\/uploads\/2022\/08\/menopause-kit-1.jpg\",\"contentUrl\":\"https:\/\/yonifeel.com\/wp-content\/uploads\/2022\/08\/menopause-kit-1.jpg\",\"width\":1000,\"height\":1000},{\"@type\":\"BreadcrumbList\",\"@id\":\"https:\/\/yonifeel.com\/product\/yoni-steam-kit-menopause\/#breadcrumb\",\"itemListElement\":[{\"@type\":\"ListItem\",\"position\":1,\"name\":\"Accueil\",\"item\":\"https:\/\/yonifeel.com\/\"},{\"@type\":\"ListItem\",\"position\":2,\"name\":\"Shop\",\"item\":\"https:\/\/yonifeel.com\/shop\/\"},{\"@type\":\"ListItem\",\"position\":3,\"name\":\"Yoni steam kit for menopause\"}]},{\"@type\":\"WebSite\",\"@id\":\"https:\/\/yonifeel.com\/#website\",\"url\":\"https:\/\/yonifeel.com\/\",\"name\":\"Yonifeel\",\"description\":\"Feel the wellness\",\"publisher\":{\"@id\":\"https:\/\/yonifeel.com\/#organization\"},\"potentialAction\":[{\"@type\":\"SearchAction\",\"target\":{\"@type\":\"EntryPoint\",\"urlTemplate\":\"https:\/\/yonifeel.com\/?s={search_term_string}\"},\"query-input\":{\"@type\":\"PropertyValueSpecification\",\"valueRequired\":true,\"valueName\":\"search_term_string\"}}],\"inLanguage\":\"fr-FR\"},{\"@type\":\"Organization\",\"@id\":\"https:\/\/yonifeel.com\/#organization\",\"name\":\"Yonifeel\",\"url\":\"https:\/\/yonifeel.com\/\",\"logo\":{\"@type\":\"ImageObject\",\"inLanguage\":\"fr-FR\",\"@id\":\"https:\/\/yonifeel.com\/#\/schema\/logo\/image\/\",\"url\":\"https:\/\/yonifeel.com\/wp-content\/uploads\/2022\/05\/yonifeel-logo.png\",\"contentUrl\":\"https:\/\/yonifeel.com\/wp-content\/uploads\/2022\/05\/yonifeel-logo.png\",\"width\":2293,\"height\":1668,\"caption\":\"Yonifeel\"},\"image\":{\"@id\":\"https:\/\/yonifeel.com\/#\/schema\/logo\/image\/\"}}]}<\/script>\n<meta property=\"product:price:amount\" content=\"39\" \/>\n<meta property=\"product:price:currency\" content=\"USD\" \/>\n<meta property=\"og:availability\" content=\"out of stock\" \/>\n<meta property=\"product:availability\" content=\"out of stock\" \/>\n<meta property=\"product:retailer_item_id\" content=\"PACK-MENOPAUSE\" \/>\n<meta property=\"product:condition\" content=\"new\" \/>\n<!-- \/ Yoast SEO Premium plugin. -->","yoast_head_json":{"title":"Kit sauna vaginal pour la m\u00e9nopause - Yonifeel","description":"Soulagez les sympt\u00f4mes de la m\u00e9nopause avec un kit yoni steam ! Rajeunissez votre esprit int\u00e9rieur et atteignez l'\u00e9quilibre physique.","robots":{"index":"index","follow":"follow","max-snippet":"max-snippet:-1","max-image-preview":"max-image-preview:large","max-video-preview":"max-video-preview:-1"},"canonical":"https:\/\/yonifeel.com\/fr\/produit\/kit-sauna-vaginal-menopause\/","og_locale":"fr_FR","og_type":"article","og_title":"Yoni steam kit for menopause","og_description":"Discover natural relief from menopausal symptoms with a Yoni steam kit! Rejuvenate your inner spirit and achieve physical balance.","og_url":"https:\/\/yonifeel.com\/fr\/produit\/kit-sauna-vaginal-menopause\/","og_site_name":"Yonifeel","article_modified_time":"2024-09-19T10:41:39+00:00","og_image":[{"width":1000,"height":1000,"url":"https:\/\/yonifeel.com\/wp-content\/uploads\/2022\/08\/menopause-kit-1.jpg","type":"image\/jpeg"}],"twitter_card":"summary_large_image","twitter_misc":{"Prix":"&#36;39","Availability":"Out of stock"},"schema":{"@context":"https:\/\/schema.org","@graph":[{"@type":"WebPage","@id":"https:\/\/yonifeel.com\/product\/yoni-steam-kit-menopause\/","url":"https:\/\/yonifeel.com\/product\/yoni-steam-kit-menopause\/","name":"Kit sauna vaginal pour la m\u00e9nopause - Yonifeel","isPartOf":{"@id":"https:\/\/yonifeel.com\/#website"},"primaryImageOfPage":{"@id":"https:\/\/yonifeel.com\/product\/yoni-steam-kit-menopause\/#primaryimage"},"image":{"@id":"https:\/\/yonifeel.com\/product\/yoni-steam-kit-menopause\/#primaryimage"},"thumbnailUrl":"https:\/\/yonifeel.com\/wp-content\/uploads\/2022\/08\/menopause-kit-1.jpg","datePublished":"2022-06-13T10:51:13+00:00","dateModified":"2024-09-19T10:41:39+00:00","description":"Soulagez les sympt\u00f4mes de la m\u00e9nopause avec un kit yoni steam ! Rajeunissez votre esprit int\u00e9rieur et atteignez l'\u00e9quilibre physique.","breadcrumb":{"@id":"https:\/\/yonifeel.com\/product\/yoni-steam-kit-menopause\/#breadcrumb"},"inLanguage":"fr-FR","potentialAction":[{"@type":"ReadAction","target":["https:\/\/yonifeel.com\/product\/yoni-steam-kit-menopause\/"]}]},{"@type":"ImageObject","inLanguage":"fr-FR","@id":"https:\/\/yonifeel.com\/product\/yoni-steam-kit-menopause\/#primaryimage","url":"https:\/\/yonifeel.com\/wp-content\/uploads\/2022\/08\/menopause-kit-1.jpg","contentUrl":"https:\/\/yonifeel.com\/wp-content\/uploads\/2022\/08\/menopause-kit-1.jpg","width":1000,"height":1000},{"@type":"BreadcrumbList","@id":"https:\/\/yonifeel.com\/product\/yoni-steam-kit-menopause\/#breadcrumb","itemListElement":[{"@type":"ListItem","position":1,"name":"Accueil","item":"https:\/\/yonifeel.com\/"},{"@type":"ListItem","position":2,"name":"Shop","item":"https:\/\/yonifeel.com\/shop\/"},{"@type":"ListItem","position":3,"name":"Yoni steam kit for menopause"}]},{"@type":"WebSite","@id":"https:\/\/yonifeel.com\/#website","url":"https:\/\/yonifeel.com\/","name":"Yonifeel","description":"Feel the wellness","publisher":{"@id":"https:\/\/yonifeel.com\/#organization"},"potentialAction":[{"@type":"SearchAction","target":{"@type":"EntryPoint","urlTemplate":"https:\/\/yonifeel.com\/?s={search_term_string}"},"query-input":{"@type":"PropertyValueSpecification","valueRequired":true,"valueName":"search_term_string"}}],"inLanguage":"fr-FR"},{"@type":"Organization","@id":"https:\/\/yonifeel.com\/#organization","name":"Yonifeel","url":"https:\/\/yonifeel.com\/","logo":{"@type":"ImageObject","inLanguage":"fr-FR","@id":"https:\/\/yonifeel.com\/#\/schema\/logo\/image\/","url":"https:\/\/yonifeel.com\/wp-content\/uploads\/2022\/05\/yonifeel-logo.png","contentUrl":"https:\/\/yonifeel.com\/wp-content\/uploads\/2022\/05\/yonifeel-logo.png","width":2293,"height":1668,"caption":"Yonifeel"},"image":{"@id":"https:\/\/yonifeel.com\/#\/schema\/logo\/image\/"}}]},"product_price_amount":"39","product_price_currency":"USD","og_availability":"out of stock","product_availability":"out of stock","product_retailer_item_id":"PACK-MENOPAUSE","product_condition":"new"},"_links":{"self":[{"href":"https:\/\/yonifeel.com\/fr\/wp-json\/wp\/v2\/product\/417","targetHints":{"allow":["GET"]}}],"collection":[{"href":"https:\/\/yonifeel.com\/fr\/wp-json\/wp\/v2\/product"}],"about":[{"href":"https:\/\/yonifeel.com\/fr\/wp-json\/wp\/v2\/types\/product"}],"version-history":[{"count":14,"href":"https:\/\/yonifeel.com\/fr\/wp-json\/wp\/v2\/product\/417\/revisions"}],"predecessor-version":[{"id":1794,"href":"https:\/\/yonifeel.com\/fr\/wp-json\/wp\/v2\/product\/417\/revisions\/1794"}],"wp:featuredmedia":[{"embeddable":true,"href":"https:\/\/yonifeel.com\/fr\/wp-json\/wp\/v2\/media\/1619"}],"wp:attachment":[{"href":"https:\/\/yonifeel.com\/fr\/wp-json\/wp\/v2\/media?parent=417"}],"wp:term":[{"taxonomy":"product_brand","embeddable":true,"href":"https:\/\/yonifeel.com\/fr\/wp-json\/wp\/v2\/product_brand?post=417"},{"taxonomy":"product_cat","embeddable":true,"href":"https:\/\/yonifeel.com\/fr\/wp-json\/wp\/v2\/product_cat?post=417"},{"taxonomy":"product_tag","embeddable":true,"href":"https:\/\/yonifeel.com\/fr\/wp-json\/wp\/v2\/product_tag?post=417"}],"curies":[{"name":"wp","href":"https:\/\/api.w.org\/{rel}","templated":true}]}}