{"id":418,"date":"2022-06-13T12:51:15","date_gmt":"2022-06-13T10:51:15","guid":{"rendered":"https:\/\/yonifeel.com\/?post_type=product&#038;p=418"},"modified":"2024-09-19T12:41:38","modified_gmt":"2024-09-19T10:41:38","slug":"yoni-steam-kit-fertility","status":"publish","type":"product","link":"https:\/\/yonifeel.com\/fr\/produit\/kit-sauna-vaginal-fertilite\/","title":{"rendered":"Kit sauna vaginal pour la fertilit\u00e9"},"content":{"rendered":"<p>Notre kit sauna vaginal pour la fertilit\u00e9 offre 1 mix purification pour nettoyer votre ut\u00e9rus physiquement et \u00e9motionnellement, et 1 mix fertilit\u00e9 pour cr\u00e9er un environnement hospitalier favorisant la f\u00e9condation.<\/p>\n<p>Pour en savoir plus sur le contenu de chaque sachet, consultez le <a href=\"https:\/\/yonifeel.com\/fr\/produit\/herbes-sauna-vaginal-pour-le-nettoyage\/\">mix purification<\/a> et <a href=\"https:\/\/yonifeel.com\/fr\/produit\/herbes-sauna-vaginal-pour-la-fertilite\/\">le mix fertilit\u00e9<\/a>.<\/p>\n<p>Le si\u00e8ge pour sauna vaginal (inclus dans ce kit) peut \u00eatre install\u00e9 sur n'importe quelle toilette et vous permet d'effectuer un traitement en toute intimit\u00e9. <strong>Le sauna vaginal est un traitement naturel et tr\u00e8s simple \u00e0 r\u00e9aliser.<\/strong><\/p>\n<p>Le spa vaginal pour la fertilit\u00e9 est un rem\u00e8de naturel indispensable dans notre pratique depuis des d\u00e9cennies. Parmi les nombreuses choses li\u00e9es \u00e0 la gyn\u00e9cologie f\u00e9minine, elle est utile pour promouvoir la fertilit\u00e9 naturelle et a aid\u00e9 d'innombrables femmes qui souffraient de ne pas pouvoir tomber enceintes naturellement.<\/p>\n<p>Dans notre <a href=\"https:\/\/yonifeel.com\/fr\/produit\/ebook-sauna-vaginal\/\">ebook<\/a> vous pouvez trouver toutes les routines adapt\u00e9es \u00e0 vos besoins.<\/p>\n<h3>R\u00e9tablir l'hom\u00e9ostasie de l'ut\u00e9rus<\/h3>\n<p>Commen\u00e7ons par quelques faits de base : l'ut\u00e9rus est un organe hormono-sensible du syst\u00e8me reproducteur f\u00e9minin. L'ut\u00e9rus est un organe compos\u00e9 des trompes de Fallope attach\u00e9es lat\u00e9ralement au col de l'ut\u00e9rus, qui est situ\u00e9 dans la partie inf\u00e9rieure de l'ut\u00e9rus et s'ouvre dans le vagin.<\/p>\n<p>Lors de l'ovulation, les ovaires lib\u00e8rent un ovule qui passe dans les trompes de Fallope o\u00f9 il est f\u00e9cond\u00e9 par le spermatozo\u00efde m\u00e2le, avant de se nicher dans la paroi de l'ut\u00e9rus sous la forme d'un zygote. L'ovule passe alors dans l'ut\u00e9rus qui se dilate dans l'abdomen pour contenir le f\u0153tus. Si l'ovule n'est pas f\u00e9cond\u00e9, il traverse l'ut\u00e9rus et sort du corps pendant les r\u00e8gles.<\/p>\n<p>L'ut\u00e9rus n'est pas dans une position fixe, mais il est maintenu en place par plusieurs ligaments, de sorte qu'il se d\u00e9place autour de votre corps lorsque vous bougez. Par cons\u00e9quent, il peut basculer ou se tordre dans un certain nombre de directions diff\u00e9rentes. Le cas le plus r\u00e9pandu est celui de l'ut\u00e9rus inclin\u00e9 ou r\u00e9trovers\u00e9 (estim\u00e9 \u00e0 20 % des femmes), qui peut entra\u00eener des sympt\u00f4mes tels que des rapports sexuels douloureux, des douleurs dorsales, des crampes pendant les r\u00e8gles et des infections des voies urinaires.<\/p>\n<p>L'ut\u00e9rus peut \u00eatre mal positionn\u00e9 pour un certain nombre de raisons. Les activit\u00e9s au cours desquelles le bassin rebondit, comme la course \u00e0 pied, l'\u00e9quitation ou d'autres sports intenses, ainsi que diverses formes de traumatismes, comme les accidents de voiture ou les chutes, peuvent affecter son positionnement.<\/p>\n<p>Lorsque cela se produit, cela peut restreindre la circulation sanguine, avoir un impact sur les r\u00e9ponses hormonales, inhiber les connexions neurales et exercer une pression sur les trompes de Fallope, emp\u00eachant le mouvement de l'ovule dans l'ut\u00e9rus. Tous ces facteurs peuvent entra\u00eener des probl\u00e8mes de fertilit\u00e9.<\/p>\n<p><strong>La chaleur du sauna vaginal aide \u00e0 r\u00e9chauffer toute la r\u00e9gion pelvienne, augmentant ainsi la circulation et le flux sanguin.<\/strong> Cela permet de d\u00e9tendre l'ut\u00e9rus et les ligaments qui le soutiennent, l'aidant ainsi \u00e0 retrouver une position normale et l'hom\u00e9ostasie. Le sauna vaginal st souvent associ\u00e9e \u00e0 une forme de massage abdominal qui favorise le repositionnement des organes. En dehors de la chirurgie, il n'existe pas d'autres rem\u00e8des dans la m\u00e9decine occidentale pour relever ces d\u00e9fis.<\/p>\n<h3>Comment le sauna vaginal aide-t-il \u00e0 la fertilit\u00e9 ?<\/h3>\n<p>Le Yoni Steam est un moyen naturel d'augmenter vos chances de concevoir un enfant. La vapeur aide \u00e0 d\u00e9tendre les muscles et \u00e0 stimuler le flux sanguin, ce qui augmente la circulation et l'oxyg\u00e9nation de l'ut\u00e9rus. Cela permet aux spermatozo\u00efdes de traverser le col de l'ut\u00e9rus et de p\u00e9n\u00e9trer dans l'ut\u00e9rus o\u00f9 ils peuvent f\u00e9conder un ovule.<\/p>\n<p>Le sauna vaginal consiste \u00e0 s'asseoir au-dessus d'une marmite d'herbes fumantes pendant que les vapeurs des herbes chauffent votre yoni (l'ensemble de l'appareil g\u00e9nital f\u00e9minin), augmentant la circulation vers l'ut\u00e9rus et les autres organes reproducteurs et fournissant les nutriments n\u00e9cessaires pour restaurer et maintenir l'hom\u00e9ostasie. Les herbes contenues dans la vapeur vaginale sont choisies pour nourrir les organes reproducteurs tout en les nettoyant de toute pathologie.<\/p>\n<p><strong>Consid\u00e9rez le sauna vaginal (yoni steam) comme un soin du visage pour toute la r\u00e9gion pelvienne, y compris le syst\u00e8me reproducteur.<\/strong><\/p>\n<h3>Peut-on utiliser un yoni steam si l'on est enceinte ?<\/h3>\n<p>Nous ne recommandons pas l'utilisation du sauna vaginal pendant la grossesse.<\/p>\n<h3>Pourquoi le kit fertilit\u00e9 convient-il aux femmes qui souhaitent \u00eatre enceintes ?<\/h3>\n<p>Les kits yoni steam sont des outils formidables pour les femmes qui veulent augmenter leurs chances de concevoir. Nos kits contiennent tous les ingr\u00e9dients n\u00e9cessaires pour cr\u00e9er un environnement relaxant pour la conception.<\/p>\n<p>Nos sachets d'herbes sont compos\u00e9s de toutes les herbes qui aident l'ut\u00e9rus \u00e0 recevoir l'ovule et \u00e0 en favoriser l'implantation. Lorsque vous utilisez des herbes s\u00e9lectionn\u00e9es par nos soins, les essences lib\u00e9r\u00e9es pendant l'infusion sont transport\u00e9es par la vapeur jusqu'au plancher pelvien o\u00f9 leurs propri\u00e9t\u00e9s antifongiques et antibact\u00e9riennes nettoient l'ut\u00e9rus en douceur sans \u00e9liminer les bonnes bact\u00e9ries ou la microflore, contrairement aux m\u00e9dicaments antibiotiques en vente libre ou sur ordonnance qui \u00e9liminent toutes les formes de bact\u00e9ries (bonnes et mauvaises).<\/p>\n<h3>Le sauna vaginal modifie-t-il le ph du vagin ?<\/h3>\n<p>La sauna vaginal est souvent critiqu\u00e9 parce qu'il modifie le pH du vagin. Cela pr\u00eate \u00e0 confusion, car toutes sortes de choses modifient le pH du vagin, y compris les r\u00e8gles, les pr\u00e9servatifs, les antibiotiques, les douches vaginales, les spermicides et m\u00eame les p\u00e9nis ! Un ut\u00e9rus sain, comme tout autre organe, peut continuellement r\u00e9tablir l'\u00e9quilibre du syst\u00e8me reproducteur, mais seulement jusqu'\u00e0 un certain point. Le bain de vapeur cr\u00e9e le flux sanguin n\u00e9cessaire \u00e0 l'appareil reproducteur pour r\u00e9tablir son propre pH.<\/p>","protected":false},"excerpt":{"rendered":"<p>Le kit \"fertilit\u00e9\" s'adresse aux femmes en d\u00e9sir de grossesse.<\/p>\n<p><strong>Le kit contient : 1 sauna vaginal + 1 sachet d'herbes \"mix nettoyage\" + 1 sachet d\"herbes \"mix fertilit\u00e9\".<\/strong><\/p>\n<ul>\n<li>Augmentez vos chances de procr\u00e9ation d\u00e8s le 2\u00e8me mois d'utilisation.<\/li>\n<li>M\u00e9langes de plantes pour la fertilit\u00e9 s\u00e9lectionn\u00e9es par nos naturopathes.<\/li>\n<li>Herbes certifi\u00e9es biologiques ou d'origine contr\u00f4l\u00e9e.<\/li>\n<li>Traitement non invasif pour la fertilit\u00e9 et soins naturels indolores.<\/li>\n<li>Satisfait ou rembours\u00e9.<\/li>\n<\/ul>","protected":false},"featured_media":1618,"template":"","meta":{"_acf_changed":false},"product_brand":[],"product_cat":[25],"product_tag":[],"class_list":{"0":"post-418","1":"product","2":"type-product","3":"status-publish","4":"has-post-thumbnail","6":"product_cat-yoni-steam-kit","8":"first","9":"outofstock","10":"sale","11":"taxable","12":"shipping-taxable","13":"purchasable","14":"product-type-simple"},"bundled_by":[],"bundle_stock_status":"outofstock","bundle_stock_quantity":-1,"bundle_virtual":false,"bundle_layout":"","bundle_add_to_cart_form_location":"","bundle_editable_in_cart":false,"bundle_sold_individually_context":"","bundle_item_grouping":"","bundle_min_size":"","bundle_max_size":"","bundled_items":[],"bundle_sell_ids":[],"acf":[],"yoast_head":"<!-- This site is optimized with the Yoast SEO Premium plugin v18.3 (Yoast SEO v27.2) - https:\/\/yoast.com\/product\/yoast-seo-premium-wordpress\/ -->\n<title>Yoni steam kit for fertility - Yonifeel<\/title>\n<meta name=\"description\" content=\"Unlock the power of herbal steam and boost your fertility factors. This yoni steam kit has everything you need to give your reproductive system a boost.\" \/>\n<meta name=\"robots\" content=\"index, follow, max-snippet:-1, max-image-preview:large, max-video-preview:-1\" \/>\n<link rel=\"canonical\" href=\"https:\/\/yonifeel.com\/fr\/produit\/kit-sauna-vaginal-fertilite\/\" \/>\n<meta property=\"og:locale\" content=\"fr_FR\" \/>\n<meta property=\"og:type\" content=\"article\" \/>\n<meta property=\"og:title\" content=\"Yoni steam kit for fertility\" \/>\n<meta property=\"og:description\" content=\"Unlock the power of herbal steam and boost your fertility factors. This yoni steam kit has everything you need to give your reproductive system a boost.\" \/>\n<meta property=\"og:url\" content=\"https:\/\/yonifeel.com\/fr\/produit\/kit-sauna-vaginal-fertilite\/\" \/>\n<meta property=\"og:site_name\" content=\"Yonifeel\" \/>\n<meta property=\"article:modified_time\" content=\"2024-09-19T10:41:38+00:00\" \/>\n<meta property=\"og:image\" content=\"https:\/\/yonifeel.com\/wp-content\/uploads\/2022\/08\/fertility-kit-1.jpg\" \/>\n\t<meta property=\"og:image:width\" content=\"1000\" \/>\n\t<meta property=\"og:image:height\" content=\"1000\" \/>\n\t<meta property=\"og:image:type\" content=\"image\/jpeg\" \/>\n<meta name=\"twitter:card\" content=\"summary_large_image\" \/>\n<meta name=\"twitter:label1\" content=\"Prix\" \/>\n\t<meta name=\"twitter:data1\" content=\"&#036;39\" \/>\n\t<meta name=\"twitter:label2\" content=\"Availability\" \/>\n\t<meta name=\"twitter:data2\" content=\"Out of stock\" \/>\n<script type=\"application\/ld+json\" class=\"yoast-schema-graph\">{\"@context\":\"https:\/\/schema.org\",\"@graph\":[{\"@type\":\"WebPage\",\"@id\":\"https:\/\/yonifeel.com\/product\/yoni-steam-kit-fertility\/\",\"url\":\"https:\/\/yonifeel.com\/product\/yoni-steam-kit-fertility\/\",\"name\":\"Yoni steam kit for fertility - Yonifeel\",\"isPartOf\":{\"@id\":\"https:\/\/yonifeel.com\/#website\"},\"primaryImageOfPage\":{\"@id\":\"https:\/\/yonifeel.com\/product\/yoni-steam-kit-fertility\/#primaryimage\"},\"image\":{\"@id\":\"https:\/\/yonifeel.com\/product\/yoni-steam-kit-fertility\/#primaryimage\"},\"thumbnailUrl\":\"https:\/\/yonifeel.com\/wp-content\/uploads\/2022\/08\/fertility-kit-1.jpg\",\"datePublished\":\"2022-06-13T10:51:15+00:00\",\"dateModified\":\"2024-09-19T10:41:38+00:00\",\"description\":\"Unlock the power of herbal steam and boost your fertility factors. This yoni steam kit has everything you need to give your reproductive system a boost.\",\"breadcrumb\":{\"@id\":\"https:\/\/yonifeel.com\/product\/yoni-steam-kit-fertility\/#breadcrumb\"},\"inLanguage\":\"fr-FR\",\"potentialAction\":[{\"@type\":\"ReadAction\",\"target\":[\"https:\/\/yonifeel.com\/product\/yoni-steam-kit-fertility\/\"]}]},{\"@type\":\"ImageObject\",\"inLanguage\":\"fr-FR\",\"@id\":\"https:\/\/yonifeel.com\/product\/yoni-steam-kit-fertility\/#primaryimage\",\"url\":\"https:\/\/yonifeel.com\/wp-content\/uploads\/2022\/08\/fertility-kit-1.jpg\",\"contentUrl\":\"https:\/\/yonifeel.com\/wp-content\/uploads\/2022\/08\/fertility-kit-1.jpg\",\"width\":1000,\"height\":1000},{\"@type\":\"BreadcrumbList\",\"@id\":\"https:\/\/yonifeel.com\/product\/yoni-steam-kit-fertility\/#breadcrumb\",\"itemListElement\":[{\"@type\":\"ListItem\",\"position\":1,\"name\":\"Accueil\",\"item\":\"https:\/\/yonifeel.com\/\"},{\"@type\":\"ListItem\",\"position\":2,\"name\":\"Shop\",\"item\":\"https:\/\/yonifeel.com\/shop\/\"},{\"@type\":\"ListItem\",\"position\":3,\"name\":\"Yoni steam kit for fertility\"}]},{\"@type\":\"WebSite\",\"@id\":\"https:\/\/yonifeel.com\/#website\",\"url\":\"https:\/\/yonifeel.com\/\",\"name\":\"Yonifeel\",\"description\":\"Feel the wellness\",\"publisher\":{\"@id\":\"https:\/\/yonifeel.com\/#organization\"},\"potentialAction\":[{\"@type\":\"SearchAction\",\"target\":{\"@type\":\"EntryPoint\",\"urlTemplate\":\"https:\/\/yonifeel.com\/?s={search_term_string}\"},\"query-input\":{\"@type\":\"PropertyValueSpecification\",\"valueRequired\":true,\"valueName\":\"search_term_string\"}}],\"inLanguage\":\"fr-FR\"},{\"@type\":\"Organization\",\"@id\":\"https:\/\/yonifeel.com\/#organization\",\"name\":\"Yonifeel\",\"url\":\"https:\/\/yonifeel.com\/\",\"logo\":{\"@type\":\"ImageObject\",\"inLanguage\":\"fr-FR\",\"@id\":\"https:\/\/yonifeel.com\/#\/schema\/logo\/image\/\",\"url\":\"https:\/\/yonifeel.com\/wp-content\/uploads\/2022\/05\/yonifeel-logo.png\",\"contentUrl\":\"https:\/\/yonifeel.com\/wp-content\/uploads\/2022\/05\/yonifeel-logo.png\",\"width\":2293,\"height\":1668,\"caption\":\"Yonifeel\"},\"image\":{\"@id\":\"https:\/\/yonifeel.com\/#\/schema\/logo\/image\/\"}}]}<\/script>\n<meta property=\"product:price:amount\" content=\"39\" \/>\n<meta property=\"product:price:currency\" content=\"USD\" \/>\n<meta property=\"og:availability\" content=\"out of stock\" \/>\n<meta property=\"product:availability\" content=\"out of stock\" \/>\n<meta property=\"product:retailer_item_id\" content=\"PACK-FERTILITE\" \/>\n<meta property=\"product:condition\" content=\"new\" \/>\n<!-- \/ Yoast SEO Premium plugin. -->","yoast_head_json":{"title":"Kit sauna vaginal pour la fertilit\u00e9 - Yonifeel","description":"Lib\u00e9rez le pouvoir du yoni steam et stimulez vos facteurs de fertilit\u00e9. Ce kit contient tout ce dont vous avez besoin pour booster votre syst\u00e8me reproductif.","robots":{"index":"index","follow":"follow","max-snippet":"max-snippet:-1","max-image-preview":"max-image-preview:large","max-video-preview":"max-video-preview:-1"},"canonical":"https:\/\/yonifeel.com\/fr\/produit\/kit-sauna-vaginal-fertilite\/","og_locale":"fr_FR","og_type":"article","og_title":"Yoni steam kit for fertility","og_description":"Unlock the power of herbal steam and boost your fertility factors. This yoni steam kit has everything you need to give your reproductive system a boost.","og_url":"https:\/\/yonifeel.com\/fr\/produit\/kit-sauna-vaginal-fertilite\/","og_site_name":"Yonifeel","article_modified_time":"2024-09-19T10:41:38+00:00","og_image":[{"width":1000,"height":1000,"url":"https:\/\/yonifeel.com\/wp-content\/uploads\/2022\/08\/fertility-kit-1.jpg","type":"image\/jpeg"}],"twitter_card":"summary_large_image","twitter_misc":{"Prix":"&#36;39","Availability":"Out of stock"},"schema":{"@context":"https:\/\/schema.org","@graph":[{"@type":"WebPage","@id":"https:\/\/yonifeel.com\/product\/yoni-steam-kit-fertility\/","url":"https:\/\/yonifeel.com\/product\/yoni-steam-kit-fertility\/","name":"Kit sauna vaginal pour la fertilit\u00e9 - Yonifeel","isPartOf":{"@id":"https:\/\/yonifeel.com\/#website"},"primaryImageOfPage":{"@id":"https:\/\/yonifeel.com\/product\/yoni-steam-kit-fertility\/#primaryimage"},"image":{"@id":"https:\/\/yonifeel.com\/product\/yoni-steam-kit-fertility\/#primaryimage"},"thumbnailUrl":"https:\/\/yonifeel.com\/wp-content\/uploads\/2022\/08\/fertility-kit-1.jpg","datePublished":"2022-06-13T10:51:15+00:00","dateModified":"2024-09-19T10:41:38+00:00","description":"Lib\u00e9rez le pouvoir du yoni steam et stimulez vos facteurs de fertilit\u00e9. Ce kit contient tout ce dont vous avez besoin pour booster votre syst\u00e8me reproductif.","breadcrumb":{"@id":"https:\/\/yonifeel.com\/product\/yoni-steam-kit-fertility\/#breadcrumb"},"inLanguage":"fr-FR","potentialAction":[{"@type":"ReadAction","target":["https:\/\/yonifeel.com\/product\/yoni-steam-kit-fertility\/"]}]},{"@type":"ImageObject","inLanguage":"fr-FR","@id":"https:\/\/yonifeel.com\/product\/yoni-steam-kit-fertility\/#primaryimage","url":"https:\/\/yonifeel.com\/wp-content\/uploads\/2022\/08\/fertility-kit-1.jpg","contentUrl":"https:\/\/yonifeel.com\/wp-content\/uploads\/2022\/08\/fertility-kit-1.jpg","width":1000,"height":1000},{"@type":"BreadcrumbList","@id":"https:\/\/yonifeel.com\/product\/yoni-steam-kit-fertility\/#breadcrumb","itemListElement":[{"@type":"ListItem","position":1,"name":"Accueil","item":"https:\/\/yonifeel.com\/"},{"@type":"ListItem","position":2,"name":"Shop","item":"https:\/\/yonifeel.com\/shop\/"},{"@type":"ListItem","position":3,"name":"Yoni steam kit for fertility"}]},{"@type":"WebSite","@id":"https:\/\/yonifeel.com\/#website","url":"https:\/\/yonifeel.com\/","name":"Yonifeel","description":"Feel the wellness","publisher":{"@id":"https:\/\/yonifeel.com\/#organization"},"potentialAction":[{"@type":"SearchAction","target":{"@type":"EntryPoint","urlTemplate":"https:\/\/yonifeel.com\/?s={search_term_string}"},"query-input":{"@type":"PropertyValueSpecification","valueRequired":true,"valueName":"search_term_string"}}],"inLanguage":"fr-FR"},{"@type":"Organization","@id":"https:\/\/yonifeel.com\/#organization","name":"Yonifeel","url":"https:\/\/yonifeel.com\/","logo":{"@type":"ImageObject","inLanguage":"fr-FR","@id":"https:\/\/yonifeel.com\/#\/schema\/logo\/image\/","url":"https:\/\/yonifeel.com\/wp-content\/uploads\/2022\/05\/yonifeel-logo.png","contentUrl":"https:\/\/yonifeel.com\/wp-content\/uploads\/2022\/05\/yonifeel-logo.png","width":2293,"height":1668,"caption":"Yonifeel"},"image":{"@id":"https:\/\/yonifeel.com\/#\/schema\/logo\/image\/"}}]},"product_price_amount":"39","product_price_currency":"USD","og_availability":"out of stock","product_availability":"out of stock","product_retailer_item_id":"PACK-FERTILITE","product_condition":"new"},"_links":{"self":[{"href":"https:\/\/yonifeel.com\/fr\/wp-json\/wp\/v2\/product\/418","targetHints":{"allow":["GET"]}}],"collection":[{"href":"https:\/\/yonifeel.com\/fr\/wp-json\/wp\/v2\/product"}],"about":[{"href":"https:\/\/yonifeel.com\/fr\/wp-json\/wp\/v2\/types\/product"}],"version-history":[{"count":14,"href":"https:\/\/yonifeel.com\/fr\/wp-json\/wp\/v2\/product\/418\/revisions"}],"predecessor-version":[{"id":2449,"href":"https:\/\/yonifeel.com\/fr\/wp-json\/wp\/v2\/product\/418\/revisions\/2449"}],"wp:featuredmedia":[{"embeddable":true,"href":"https:\/\/yonifeel.com\/fr\/wp-json\/wp\/v2\/media\/1618"}],"wp:attachment":[{"href":"https:\/\/yonifeel.com\/fr\/wp-json\/wp\/v2\/media?parent=418"}],"wp:term":[{"taxonomy":"product_brand","embeddable":true,"href":"https:\/\/yonifeel.com\/fr\/wp-json\/wp\/v2\/product_brand?post=418"},{"taxonomy":"product_cat","embeddable":true,"href":"https:\/\/yonifeel.com\/fr\/wp-json\/wp\/v2\/product_cat?post=418"},{"taxonomy":"product_tag","embeddable":true,"href":"https:\/\/yonifeel.com\/fr\/wp-json\/wp\/v2\/product_tag?post=418"}],"curies":[{"name":"wp","href":"https:\/\/api.w.org\/{rel}","templated":true}]}}