{"id":419,"date":"2022-06-13T12:51:15","date_gmt":"2022-06-13T10:51:15","guid":{"rendered":"https:\/\/yonifeel.com\/?post_type=product&#038;p=419"},"modified":"2024-09-19T12:41:37","modified_gmt":"2024-09-19T10:41:37","slug":"yoni-steam-kit-painful-periods","status":"publish","type":"product","link":"https:\/\/yonifeel.com\/fr\/produit\/kit-sauna-vaginal-regles-douloureuses\/","title":{"rendered":"Kit sauna vaginal pour les r\u00e8gles douloureuses"},"content":{"rendered":"<p>Le kit vous propose 1 sachet d'herbes pour nettoyer votre ut\u00e9rus et un second sachet pour soulager vos r\u00e8gles douloureuses. Le si\u00e8ge pour sauna vaginal est adaptable sur tous les toilettes et vous permet de r\u00e9aliser un soin en toute intimit\u00e9. Le sauna vaginal est un soin naturel et tr\u00e8s simple \u00e0 r\u00e9aliser.<\/p>\n<p>Dans notre ebook vous pourrez trouver toutes les routines adapt\u00e9es \u00e0 vos besoins.<\/p>","protected":false},"excerpt":{"rendered":"<p>Le kit \"r\u00e8gles douloureuses\" s'adresse aux femmes souffrant d'endom\u00e9triose ou encore de dysm\u00e9norrh\u00e9e.<\/p>\n<p><strong>Le kit contient : 1 sauna vaginal + 1 sachet d'herbes \"mix nettoyage\" + 1 sachet d\"herbes \"mix r\u00e8gles douloureuses\".<\/strong><\/p>\n<ul>\n<li>Vos douleurs diminuent d\u00e8s le 2e mois d'utilisation.<\/li>\n<li>M\u00e9langes de plantes pour les r\u00e8gles douloureuses s\u00e9lectionn\u00e9es par nos naturopathes.<\/li>\n<li>Herbes certifi\u00e9es biologiques ou d'origine contr\u00f4l\u00e9e.<\/li>\n<li>Traitement non invasif des r\u00e8gles douloureuses et soins naturels sans douleur.<\/li>\n<li>Satisfait ou rembours\u00e9.<\/li>\n<\/ul>","protected":false},"featured_media":1624,"template":"","meta":{"_acf_changed":false},"product_brand":[],"product_cat":[25],"product_tag":[],"class_list":{"0":"post-419","1":"product","2":"type-product","3":"status-publish","4":"has-post-thumbnail","6":"product_cat-yoni-steam-kit","8":"first","9":"outofstock","10":"sale","11":"taxable","12":"shipping-taxable","13":"purchasable","14":"product-type-simple"},"bundled_by":[],"bundle_stock_status":"outofstock","bundle_stock_quantity":-1,"bundle_virtual":false,"bundle_layout":"","bundle_add_to_cart_form_location":"","bundle_editable_in_cart":false,"bundle_sold_individually_context":"","bundle_item_grouping":"","bundle_min_size":"","bundle_max_size":"","bundled_items":[],"bundle_sell_ids":[],"acf":[],"yoast_head":"<!-- This site is optimized with the Yoast SEO Premium plugin v18.3 (Yoast SEO v27.2) - https:\/\/yoast.com\/product\/yoast-seo-premium-wordpress\/ -->\n<title>Yoni steam kit for painful periods - Yonifeel<\/title>\n<meta name=\"description\" content=\"Relieve uterine pain from period cycles with a Yoni Steam Kit! This kit contains all the necessary ingredients for an at-home spa experience.\" \/>\n<meta name=\"robots\" content=\"index, follow, max-snippet:-1, max-image-preview:large, max-video-preview:-1\" \/>\n<link rel=\"canonical\" href=\"https:\/\/yonifeel.com\/fr\/produit\/kit-sauna-vaginal-regles-douloureuses\/\" \/>\n<meta property=\"og:locale\" content=\"fr_FR\" \/>\n<meta property=\"og:type\" content=\"article\" \/>\n<meta property=\"og:title\" content=\"Yoni steam kit for painful periods\" \/>\n<meta property=\"og:description\" content=\"Relieve uterine pain from period cycles with a Yoni Steam Kit! This kit contains all the necessary ingredients for an at-home spa experience.\" \/>\n<meta property=\"og:url\" content=\"https:\/\/yonifeel.com\/fr\/produit\/kit-sauna-vaginal-regles-douloureuses\/\" \/>\n<meta property=\"og:site_name\" content=\"Yonifeel\" \/>\n<meta property=\"article:modified_time\" content=\"2024-09-19T10:41:37+00:00\" \/>\n<meta property=\"og:image\" content=\"https:\/\/yonifeel.com\/wp-content\/uploads\/2022\/06\/painful-periods-kit-1.jpg\" \/>\n\t<meta property=\"og:image:width\" content=\"1000\" \/>\n\t<meta property=\"og:image:height\" content=\"1000\" \/>\n\t<meta property=\"og:image:type\" content=\"image\/jpeg\" \/>\n<meta name=\"twitter:card\" content=\"summary_large_image\" \/>\n<meta name=\"twitter:label1\" content=\"Prix\" \/>\n\t<meta name=\"twitter:data1\" content=\"&#036;39\" \/>\n\t<meta name=\"twitter:label2\" content=\"Availability\" \/>\n\t<meta name=\"twitter:data2\" content=\"Out of stock\" \/>\n<script type=\"application\/ld+json\" class=\"yoast-schema-graph\">{\"@context\":\"https:\/\/schema.org\",\"@graph\":[{\"@type\":\"WebPage\",\"@id\":\"https:\/\/yonifeel.com\/product\/yoni-steam-kit-painful-periods\/\",\"url\":\"https:\/\/yonifeel.com\/product\/yoni-steam-kit-painful-periods\/\",\"name\":\"Yoni steam kit for painful periods - Yonifeel\",\"isPartOf\":{\"@id\":\"https:\/\/yonifeel.com\/#website\"},\"primaryImageOfPage\":{\"@id\":\"https:\/\/yonifeel.com\/product\/yoni-steam-kit-painful-periods\/#primaryimage\"},\"image\":{\"@id\":\"https:\/\/yonifeel.com\/product\/yoni-steam-kit-painful-periods\/#primaryimage\"},\"thumbnailUrl\":\"https:\/\/yonifeel.com\/wp-content\/uploads\/2022\/06\/painful-periods-kit-1.jpg\",\"datePublished\":\"2022-06-13T10:51:15+00:00\",\"dateModified\":\"2024-09-19T10:41:37+00:00\",\"description\":\"Relieve uterine pain from period cycles with a Yoni Steam Kit! This kit contains all the necessary ingredients for an at-home spa experience.\",\"breadcrumb\":{\"@id\":\"https:\/\/yonifeel.com\/product\/yoni-steam-kit-painful-periods\/#breadcrumb\"},\"inLanguage\":\"fr-FR\",\"potentialAction\":[{\"@type\":\"ReadAction\",\"target\":[\"https:\/\/yonifeel.com\/product\/yoni-steam-kit-painful-periods\/\"]}]},{\"@type\":\"ImageObject\",\"inLanguage\":\"fr-FR\",\"@id\":\"https:\/\/yonifeel.com\/product\/yoni-steam-kit-painful-periods\/#primaryimage\",\"url\":\"https:\/\/yonifeel.com\/wp-content\/uploads\/2022\/06\/painful-periods-kit-1.jpg\",\"contentUrl\":\"https:\/\/yonifeel.com\/wp-content\/uploads\/2022\/06\/painful-periods-kit-1.jpg\",\"width\":1000,\"height\":1000},{\"@type\":\"BreadcrumbList\",\"@id\":\"https:\/\/yonifeel.com\/product\/yoni-steam-kit-painful-periods\/#breadcrumb\",\"itemListElement\":[{\"@type\":\"ListItem\",\"position\":1,\"name\":\"Accueil\",\"item\":\"https:\/\/yonifeel.com\/\"},{\"@type\":\"ListItem\",\"position\":2,\"name\":\"Shop\",\"item\":\"https:\/\/yonifeel.com\/shop\/\"},{\"@type\":\"ListItem\",\"position\":3,\"name\":\"Yoni steam kit for painful periods\"}]},{\"@type\":\"WebSite\",\"@id\":\"https:\/\/yonifeel.com\/#website\",\"url\":\"https:\/\/yonifeel.com\/\",\"name\":\"Yonifeel\",\"description\":\"Feel the wellness\",\"publisher\":{\"@id\":\"https:\/\/yonifeel.com\/#organization\"},\"potentialAction\":[{\"@type\":\"SearchAction\",\"target\":{\"@type\":\"EntryPoint\",\"urlTemplate\":\"https:\/\/yonifeel.com\/?s={search_term_string}\"},\"query-input\":{\"@type\":\"PropertyValueSpecification\",\"valueRequired\":true,\"valueName\":\"search_term_string\"}}],\"inLanguage\":\"fr-FR\"},{\"@type\":\"Organization\",\"@id\":\"https:\/\/yonifeel.com\/#organization\",\"name\":\"Yonifeel\",\"url\":\"https:\/\/yonifeel.com\/\",\"logo\":{\"@type\":\"ImageObject\",\"inLanguage\":\"fr-FR\",\"@id\":\"https:\/\/yonifeel.com\/#\/schema\/logo\/image\/\",\"url\":\"https:\/\/yonifeel.com\/wp-content\/uploads\/2022\/05\/yonifeel-logo.png\",\"contentUrl\":\"https:\/\/yonifeel.com\/wp-content\/uploads\/2022\/05\/yonifeel-logo.png\",\"width\":2293,\"height\":1668,\"caption\":\"Yonifeel\"},\"image\":{\"@id\":\"https:\/\/yonifeel.com\/#\/schema\/logo\/image\/\"}}]}<\/script>\n<meta property=\"product:price:amount\" content=\"39\" \/>\n<meta property=\"product:price:currency\" content=\"USD\" \/>\n<meta property=\"og:availability\" content=\"out of stock\" \/>\n<meta property=\"product:availability\" content=\"out of stock\" \/>\n<meta property=\"product:retailer_item_id\" content=\"PACK-REGLES-DOULOUREUSES\" \/>\n<meta property=\"product:condition\" content=\"new\" \/>\n<!-- \/ Yoast SEO Premium plugin. -->","yoast_head_json":{"title":"Kit sauna vaginal pour les r\u00e8gles douloureuses - Yonifeel","description":"Soulagez les douleurs ut\u00e9rines des cycles menstruels avec un kit Yoni Steam qui contient tous les ingr\u00e9dients pour un spa \u00e0 domicile.","robots":{"index":"index","follow":"follow","max-snippet":"max-snippet:-1","max-image-preview":"max-image-preview:large","max-video-preview":"max-video-preview:-1"},"canonical":"https:\/\/yonifeel.com\/fr\/produit\/kit-sauna-vaginal-regles-douloureuses\/","og_locale":"fr_FR","og_type":"article","og_title":"Yoni steam kit for painful periods","og_description":"Relieve uterine pain from period cycles with a Yoni Steam Kit! This kit contains all the necessary ingredients for an at-home spa experience.","og_url":"https:\/\/yonifeel.com\/fr\/produit\/kit-sauna-vaginal-regles-douloureuses\/","og_site_name":"Yonifeel","article_modified_time":"2024-09-19T10:41:37+00:00","og_image":[{"width":1000,"height":1000,"url":"https:\/\/yonifeel.com\/wp-content\/uploads\/2022\/06\/painful-periods-kit-1.jpg","type":"image\/jpeg"}],"twitter_card":"summary_large_image","twitter_misc":{"Prix":"&#36;39","Availability":"Out of stock"},"schema":{"@context":"https:\/\/schema.org","@graph":[{"@type":"WebPage","@id":"https:\/\/yonifeel.com\/product\/yoni-steam-kit-painful-periods\/","url":"https:\/\/yonifeel.com\/product\/yoni-steam-kit-painful-periods\/","name":"Kit sauna vaginal pour les r\u00e8gles douloureuses - Yonifeel","isPartOf":{"@id":"https:\/\/yonifeel.com\/#website"},"primaryImageOfPage":{"@id":"https:\/\/yonifeel.com\/product\/yoni-steam-kit-painful-periods\/#primaryimage"},"image":{"@id":"https:\/\/yonifeel.com\/product\/yoni-steam-kit-painful-periods\/#primaryimage"},"thumbnailUrl":"https:\/\/yonifeel.com\/wp-content\/uploads\/2022\/06\/painful-periods-kit-1.jpg","datePublished":"2022-06-13T10:51:15+00:00","dateModified":"2024-09-19T10:41:37+00:00","description":"Soulagez les douleurs ut\u00e9rines des cycles menstruels avec un kit Yoni Steam qui contient tous les ingr\u00e9dients pour un spa \u00e0 domicile.","breadcrumb":{"@id":"https:\/\/yonifeel.com\/product\/yoni-steam-kit-painful-periods\/#breadcrumb"},"inLanguage":"fr-FR","potentialAction":[{"@type":"ReadAction","target":["https:\/\/yonifeel.com\/product\/yoni-steam-kit-painful-periods\/"]}]},{"@type":"ImageObject","inLanguage":"fr-FR","@id":"https:\/\/yonifeel.com\/product\/yoni-steam-kit-painful-periods\/#primaryimage","url":"https:\/\/yonifeel.com\/wp-content\/uploads\/2022\/06\/painful-periods-kit-1.jpg","contentUrl":"https:\/\/yonifeel.com\/wp-content\/uploads\/2022\/06\/painful-periods-kit-1.jpg","width":1000,"height":1000},{"@type":"BreadcrumbList","@id":"https:\/\/yonifeel.com\/product\/yoni-steam-kit-painful-periods\/#breadcrumb","itemListElement":[{"@type":"ListItem","position":1,"name":"Accueil","item":"https:\/\/yonifeel.com\/"},{"@type":"ListItem","position":2,"name":"Shop","item":"https:\/\/yonifeel.com\/shop\/"},{"@type":"ListItem","position":3,"name":"Yoni steam kit for painful periods"}]},{"@type":"WebSite","@id":"https:\/\/yonifeel.com\/#website","url":"https:\/\/yonifeel.com\/","name":"Yonifeel","description":"Feel the wellness","publisher":{"@id":"https:\/\/yonifeel.com\/#organization"},"potentialAction":[{"@type":"SearchAction","target":{"@type":"EntryPoint","urlTemplate":"https:\/\/yonifeel.com\/?s={search_term_string}"},"query-input":{"@type":"PropertyValueSpecification","valueRequired":true,"valueName":"search_term_string"}}],"inLanguage":"fr-FR"},{"@type":"Organization","@id":"https:\/\/yonifeel.com\/#organization","name":"Yonifeel","url":"https:\/\/yonifeel.com\/","logo":{"@type":"ImageObject","inLanguage":"fr-FR","@id":"https:\/\/yonifeel.com\/#\/schema\/logo\/image\/","url":"https:\/\/yonifeel.com\/wp-content\/uploads\/2022\/05\/yonifeel-logo.png","contentUrl":"https:\/\/yonifeel.com\/wp-content\/uploads\/2022\/05\/yonifeel-logo.png","width":2293,"height":1668,"caption":"Yonifeel"},"image":{"@id":"https:\/\/yonifeel.com\/#\/schema\/logo\/image\/"}}]},"product_price_amount":"39","product_price_currency":"USD","og_availability":"out of stock","product_availability":"out of stock","product_retailer_item_id":"PACK-REGLES-DOULOUREUSES","product_condition":"new"},"_links":{"self":[{"href":"https:\/\/yonifeel.com\/fr\/wp-json\/wp\/v2\/product\/419","targetHints":{"allow":["GET"]}}],"collection":[{"href":"https:\/\/yonifeel.com\/fr\/wp-json\/wp\/v2\/product"}],"about":[{"href":"https:\/\/yonifeel.com\/fr\/wp-json\/wp\/v2\/types\/product"}],"version-history":[{"count":9,"href":"https:\/\/yonifeel.com\/fr\/wp-json\/wp\/v2\/product\/419\/revisions"}],"predecessor-version":[{"id":1525,"href":"https:\/\/yonifeel.com\/fr\/wp-json\/wp\/v2\/product\/419\/revisions\/1525"}],"wp:featuredmedia":[{"embeddable":true,"href":"https:\/\/yonifeel.com\/fr\/wp-json\/wp\/v2\/media\/1624"}],"wp:attachment":[{"href":"https:\/\/yonifeel.com\/fr\/wp-json\/wp\/v2\/media?parent=419"}],"wp:term":[{"taxonomy":"product_brand","embeddable":true,"href":"https:\/\/yonifeel.com\/fr\/wp-json\/wp\/v2\/product_brand?post=419"},{"taxonomy":"product_cat","embeddable":true,"href":"https:\/\/yonifeel.com\/fr\/wp-json\/wp\/v2\/product_cat?post=419"},{"taxonomy":"product_tag","embeddable":true,"href":"https:\/\/yonifeel.com\/fr\/wp-json\/wp\/v2\/product_tag?post=419"}],"curies":[{"name":"wp","href":"https:\/\/api.w.org\/{rel}","templated":true}]}}